{"id":5372,"date":"2013-10-03T09:38:20","date_gmt":"2013-10-03T16:38:20","guid":{"rendered":"http:\/\/toolkit.capta.org\/running-your-pta\/meetings\/national-convention\/"},"modified":"2016-08-09T16:05:43","modified_gmt":"2016-08-09T23:05:43","slug":"national-convention","status":"publish","type":"page","link":"https:\/\/toolkit.capta.org\/es\/running-your-pta\/meetings\/national-convention\/","title":{"rendered":"La convenci\u00f3n de la PTA Nacional"},"content":{"rendered":"<p>El Estado tiene derecho de enviar a un delegado por cada 1,000 miembros en todo el estado. La Mesa Directiva de la PTA del Estado de California elige a estos delegados y sus suplentes.<\/p>\n<p>Los prop\u00f3sitos de la convenci\u00f3n son los siguientes:<\/p>\n<ul>\n<li>Informar y presentar una visi\u00f3n nacional de la PTA;<\/li>\n<li>Ofrecer a los delegados una oportunidad de conocer e intercambiar con otros delegados de toda la naci\u00f3n.<\/li>\n<li>Analizar resoluciones y enmiendas a las normas de funcionamiento y elegir funcionarios. (Los delegados no pueden participar en otros asuntos de la PTA Nacional).<\/li>\n<\/ul>\n<p>Participar en la convenci\u00f3n de la PTA Nacional no debe crear una situaci\u00f3n financiera dif\u00edcil para las unidades o consejos. Si el gasto no est\u00e1 en el presupuesto de la PTA, se puede llevar acabo un evento especial para recaudar fondos para cubrir los gastos.<\/p>\n<p>&nbsp;<\/p>\n<div>\n<div class=\"spotlightbox\">\n<p style=\"text-align: center;\">ANOTE LA FECHA<br \/>\n<strong>CONVENCIONES DE NATIONAL PTA<br \/>\n<\/strong>22-25 de junio, 2017 \u2014 Las Vegas, Nevada<\/p>\n<\/div>\n<\/div>\n","protected":false},"excerpt":{"rendered":"<p>El Estado tiene derecho de enviar a un delegado por cada 1,000 miembros en todo el estado. La Mesa Directiva de la PTA del Estado de California elige a estos delegados y sus suplentes. Los prop\u00f3sitos de la convenci\u00f3n son los siguientes: Informar y presentar una visi\u00f3n nacional de la PTA; Ofrecer a los delegados [&hellip;]<\/p>\n","protected":false},"author":8,"featured_media":0,"parent":4978,"menu_order":0,"comment_status":"closed","ping_status":"closed","template":"","meta":{"footnotes":""},"class_list":["post-5372","page","type-page","status-publish","hentry","entry"],"_links":{"self":[{"href":"https:\/\/toolkit.capta.org\/es\/wp-json\/wp\/v2\/pages\/5372","targetHints":{"allow":["GET"]}}],"collection":[{"href":"https:\/\/toolkit.capta.org\/es\/wp-json\/wp\/v2\/pages"}],"about":[{"href":"https:\/\/toolkit.capta.org\/es\/wp-json\/wp\/v2\/types\/page"}],"author":[{"embeddable":true,"href":"https:\/\/toolkit.capta.org\/es\/wp-json\/wp\/v2\/users\/8"}],"replies":[{"embeddable":true,"href":"https:\/\/toolkit.capta.org\/es\/wp-json\/wp\/v2\/comments?post=5372"}],"version-history":[{"count":4,"href":"https:\/\/toolkit.capta.org\/es\/wp-json\/wp\/v2\/pages\/5372\/revisions"}],"predecessor-version":[{"id":7913,"href":"https:\/\/toolkit.capta.org\/es\/wp-json\/wp\/v2\/pages\/5372\/revisions\/7913"}],"up":[{"embeddable":true,"href":"https:\/\/toolkit.capta.org\/es\/wp-json\/wp\/v2\/pages\/4978"}],"wp:attachment":[{"href":"https:\/\/toolkit.capta.org\/es\/wp-json\/wp\/v2\/media?parent=5372"}],"curies":[{"name":"wp","href":"https:\/\/api.w.org\/{rel}","templated":true}]}}