{"id":5377,"date":"2013-10-03T09:39:25","date_gmt":"2013-10-03T16:39:25","guid":{"rendered":"http:\/\/toolkit.capta.org\/running-your-pta\/meetings\/outside-conferences\/"},"modified":"2014-01-30T09:34:48","modified_gmt":"2014-01-30T17:34:48","slug":"outside-conferences","status":"publish","type":"page","link":"https:\/\/toolkit.capta.org\/es\/running-your-pta\/meetings\/outside-conferences\/","title":{"rendered":"Conferencias fuera de la asociaci\u00f3n"},"content":{"rendered":"<p>La PTA colabora con otras organizaciones y agencia interesadas en el bienestar de los ni\u00f1os. Las PTAs a menudo reciben invitaciones para asistir a conferencias patrocinadas por organizaciones aliadas y agencias gubernamentales.<\/p>\n<p>Los funcionarios y presidentes que asisten a los diferentes eventos ayudan a construir y fortalecer el liderazgo de la asociaci\u00f3n.<\/p>\n<p>Antes de determinar si debe acudir a las conferencias, considere lo siguiente<\/p>\n<ul>\n<li>\u00bfC\u00f3mo va a beneficiar a la asociaci\u00f3n?<\/li>\n<li>El presupuesto y las actividades de recaudaci\u00f3n de fondos necesarias para cubrir los gastos<\/li>\n<li>\u00bfQui\u00e9n es la persona m\u00e1s indicada para representar la asociaci\u00f3n?<\/li>\n<li>Si cumple con los prop\u00f3sitos de la PTA<\/li>\n<\/ul>\n<p>Tambi\u00e9n se debe tener consideraci\u00f3n especial a lo siguiente:<\/p>\n<ul>\n<li>Que se puede llevar acabo un evento especial para recaudar fondos para cubrir una parte o la totalidad de los gastos necesarios, para que no se utilicen los fondos del presupuesto ya establecidos.<\/li>\n<li>Aseg\u00farese de que el tiempo y la energ\u00eda que se dedique a la recaudaci\u00f3n de estos fondos es limitada, para que estas actividades no afecten otros fines y proyectos de la PTA.<\/li>\n<\/ul>\n","protected":false},"excerpt":{"rendered":"<p>La PTA colabora con otras organizaciones y agencia interesadas en el bienestar de los ni\u00f1os. Las PTAs a menudo reciben invitaciones para asistir a conferencias patrocinadas por organizaciones aliadas y agencias gubernamentales. Los funcionarios y presidentes que asisten a los diferentes eventos ayudan a construir y fortalecer el liderazgo de la asociaci\u00f3n. Antes de determinar [&hellip;]<\/p>\n","protected":false},"author":8,"featured_media":0,"parent":4978,"menu_order":0,"comment_status":"closed","ping_status":"closed","template":"","meta":{"footnotes":""},"class_list":["post-5377","page","type-page","status-publish","hentry","entry"],"_links":{"self":[{"href":"https:\/\/toolkit.capta.org\/es\/wp-json\/wp\/v2\/pages\/5377","targetHints":{"allow":["GET"]}}],"collection":[{"href":"https:\/\/toolkit.capta.org\/es\/wp-json\/wp\/v2\/pages"}],"about":[{"href":"https:\/\/toolkit.capta.org\/es\/wp-json\/wp\/v2\/types\/page"}],"author":[{"embeddable":true,"href":"https:\/\/toolkit.capta.org\/es\/wp-json\/wp\/v2\/users\/8"}],"replies":[{"embeddable":true,"href":"https:\/\/toolkit.capta.org\/es\/wp-json\/wp\/v2\/comments?post=5377"}],"version-history":[{"count":0,"href":"https:\/\/toolkit.capta.org\/es\/wp-json\/wp\/v2\/pages\/5377\/revisions"}],"up":[{"embeddable":true,"href":"https:\/\/toolkit.capta.org\/es\/wp-json\/wp\/v2\/pages\/4978"}],"wp:attachment":[{"href":"https:\/\/toolkit.capta.org\/es\/wp-json\/wp\/v2\/media?parent=5377"}],"curies":[{"name":"wp","href":"https:\/\/api.w.org\/{rel}","templated":true}]}}