{"id":5381,"date":"2013-11-13T12:53:10","date_gmt":"2013-11-13T20:53:10","guid":{"rendered":"http:\/\/toolkit.capta.org\/running-your-pta\/meetings\/sample-agenda\/"},"modified":"2016-08-12T10:58:49","modified_gmt":"2016-08-12T17:58:49","slug":"sample-agenda","status":"publish","type":"page","link":"https:\/\/toolkit.capta.org\/es\/running-your-pta\/meetings\/sample-agenda\/","title":{"rendered":"Ejemplo de orden del d\u00eda y planificaci\u00f3n de reuniones"},"content":{"rendered":"<div class=\"spotlightbox\">\n<p><a href=\"http:\/\/toolkit.capta.org\/wp-content\/uploads\/2013\/12\/PTA-logo.jpg\"><img loading=\"lazy\" decoding=\"async\" class=\"size-medium wp-image-3407 alignnone\" src=\"http:\/\/toolkit.capta.org\/wp-content\/uploads\/2013\/12\/PTA-logo-300x150.jpg\" alt=\"PTA logo\" width=\"126\" height=\"63\" srcset=\"https:\/\/toolkit.capta.org\/wp-content\/uploads\/2013\/12\/PTA-logo-300x150.jpg 300w, https:\/\/toolkit.capta.org\/wp-content\/uploads\/2013\/12\/PTA-logo-1024x514.jpg 1024w, https:\/\/toolkit.capta.org\/wp-content\/uploads\/2013\/12\/PTA-logo.jpg 1105w\" sizes=\"auto, (max-width: 126px) 100vw, 126px\" \/><\/a><\/p>\n<p style=\"text-align: left;\">(Fecha de la reuni\u00f3n)<br \/>\n(Lugar\/Hora)<\/p>\n<p><b>I. Inicio de la reuni\u00f3n<\/b> (a tiempo, con qu\u00f3rum)<br \/>\nEl presidente golpea una vez con el mazo, se pone de pie e inicia la reuni\u00f3n.<\/p>\n<p style=\"padding-left: 30px;\">\u201cLa reuni\u00f3n se inicia, por favor\u201d.<\/p>\n<p>El presidente revisar\u00e1 las reglas b\u00e1sicas de las reuniones.<\/p>\n<p><b>II. Ceremonia de apertura<br \/>\n<\/b>Juramento a la bandera (si es un lugar p\u00fablico).<\/p>\n<p style=\"padding-left: 30px;\">\u201c__________ dirigir\u00e1 el juramento a la bandera; por favor p\u00f3nganse de pie\u201d.<br \/>\n\u201cGracias, __________\u201d.<br \/>\nOpcional: incluir una motivaci\u00f3n, canci\u00f3n u otro.<br \/>\n\u201c__________ presentar\u00e1 una canci\u00f3n motivadora\u201d.<\/p>\n<p><b>III. Lectura y aprobaci\u00f3n de las actas<\/b>El secretario se dirige al presidente y lee las actas. (O con la aprobaci\u00f3n del grupo, se pueden colocar anticipadamente a la vista las minutas o se pueden asignar a un comit\u00e9 de tres o m\u00e1s personas para su aprobaci\u00f3n o correcci\u00f3n, especialmente para la \u00faltima reuni\u00f3n de la asociaci\u00f3n.)<\/p>\n<p style=\"padding-left: 30px;\">\u201cEl secretario leer\u00e1 las actas de la reuni\u00f3n de __________ (fecha)\u201d.<br \/>\nO \u201cLas minutas se colocar\u00e1n en la puerta o se distribuyen a la entrada\u201d.<br \/>\n\u201c\u00bfHay alguna correcci\u00f3n?\u201d (Se anotan las correcciones.)<br \/>\n\u201cSe aprueban las actas le\u00eddas\/impresas\u201d, o \u201cSe aprueban las actas corregidas\u201d.<\/p>\n<p><b>IV. Informe financiero<\/b> (<a href=\"https:\/\/toolkit.capta.org\/es\/finance\/reports-and-forms\/treasurers-report\/\">Informe del tesorero<\/a>)<br \/>\nNo se necesita moci\u00f3n para adoptar los informes.<\/p>\n<p style=\"padding-left: 30px;\">\u201c__________ presentar\u00e1 el informe del tesorero\u201d.<br \/>\n\u201cYa escucharon el informe. \u00bfTienen alguna consulta?\u201d<br \/>\n\u201cEl informe se archivar\u00e1 para la auditor\u00eda\u201d.<\/p>\n<p><b>V. Auditor\u00eda<\/b> (semestral) (<a href=\"https:\/\/toolkit.capta.org\/es\/finance\/pta-audit\/audit-report\/\">Informe de auditor\u00eda<\/a>; <a href=\"https:\/\/toolkit.capta.org\/es\/finance\/reports-and-forms\/auditors-report\/\">Informe del auditor<\/a>) \u2013 Asuntos a resolver<br \/>\nSe necesita una moci\u00f3n para presentar este informe.<\/p>\n<p style=\"padding-left: 30px;\">\u201cSe ha propuesto y aprobado que se presente el informe de la auditor\u00eda\u201d. Voto.<br \/>\n(Se sigue el procedimiento de una moci\u00f3n, <a href=\"https:\/\/toolkit.capta.org\/es\/running-your-pta\/meetings\/parliamentary-procedure\/\">Procedimiento parlamentario<\/a>.)<\/p>\n<p><b>VI. Presentaci\u00f3n de facturas<br \/>\n<\/b>Ya que la aprobaci\u00f3n del presupuesto no permite el gasto de fondos, la presentaci\u00f3n y el pago de facturas se deben someter a votaci\u00f3n. Las facturas se organizan por el monto, por qui\u00e9n recibe el pago y por el concepto. Cualquier factura de la asociaci\u00f3n autorizada y pagada por la junta ejecutiva debe ser ratificada y anotada en las minutas de la asociaci\u00f3n. Las facturas deben desglosarse en cuanto al monto, la persona a la que se pag\u00f3 y lo que cubre el pago. (<a href=\"https:\/\/toolkit.capta.org\/es\/finance\/reports-and-forms\/payment-authorizationrequest-for-reimbursement-form\/\">Autorizaci\u00f3n de pagos y Solicitud de reembolso<\/a>)<\/p>\n<p style=\"padding-left: 30px;\">\u201cEl tesorero (o la persona designada) leer\u00e1 las facturas\u201d.<br \/>\n\u201cSe ha propuesto y secundado que se paguen las facturas. \u00bfAlguna objeci\u00f3n?\u201d Voto.<br \/>\n\u201cSe ha propuesto y secundado que se ratifique el pago de las facturas desde la \u00faltima reuni\u00f3n\u201d. Voto. (Sistema de solicitud de cheques: <a href=\"https:\/\/toolkit.capta.org\/es\/finance\/reports-and-forms\/payment-authorizationrequest-for-reimbursement-form\/\">Autorizaci\u00f3n de pagos y Solicitud de reembolso<\/a>)<br \/>\n\u201cSe ha presentado la moci\u00f3n para autorizar a la Junta Ejecutiva pagar las cuentas de verano necesarias, en los montos presupuestados\u201d. Voto. ( Sistema de solicitud de cheques: <a href=\"https:\/\/toolkit.capta.org\/es\/finance\/reports-and-forms\/payment-authorizationrequest-for-reimbursement-form\/\">Autorizaci\u00f3n de pagos y Solicitud de reembolso<\/a>)<br \/>\n(Se sigue el procedimiento de una moci\u00f3n, <a href=\"https:\/\/toolkit.capta.org\/es\/running-your-pta\/meetings\/parliamentary-procedure\/\">Procedimiento parlamentario<\/a>.)<\/p>\n<p><b>VII. Lectura de comunicados \u2013 Incluye un asunto a resolver<br \/>\n<\/b>El secretario (correspondiente) lee los comunicados y se deben leer como si requirieran acci\u00f3n.<\/p>\n<p style=\"padding-left: 30px;\">\u201cEl secretario (correspondiente) leer\u00e1 los comunicados\u201d.<\/p>\n<p><b>VIII. Informe de la junta ejecutiva \u2013 Asuntos a resolver<br \/>\n<\/b>En las reuniones de la asociaci\u00f3n se lee un resumen del informe (no las actas), para informaci\u00f3n de los miembros. Las recomendaciones se someten a votaci\u00f3n, una a la vez; el secretario autoriza cada una.<\/p>\n<p style=\"padding-left: 30px;\">\u201cEl secretario presentar\u00e1 el informe de la junta ejecutiva\u201d.<br \/>\n\u201cHan escuchado las recomendaciones a manera de moci\u00f3n para aprobar los programas propuestos\u201d. (<a href=\"https:\/\/toolkit.capta.org\/es\/programs\/creacion-de-un-evento\/\">Planeamiento preliminar<\/a>) para aprobar el presupuesto\u201d. (<a href=\"https:\/\/toolkit.capta.org\/es\/finance\/budgeting\/approving-the-budget\/\">Aprobaci\u00f3n del presupuesto<\/a>; <a href=\"https:\/\/toolkit.capta.org\/es\/finance\/reports-and-forms\/budget\/\">Muestra del Presupuesto<\/a>) para aprobar actividades con el fin de recaudar fondos.\u201d<br \/>\n(<a href=\"https:\/\/toolkit.capta.org\/es\/finance\/fundraising\/standards-for-pta-fundraising\/\">Recaudaci\u00f3n de fondos para las PTA<\/a>) para que el presidente y un funcionario adicional elegido firmen el siguiente contrato\u2026.\u201d (<a href=\"https:\/\/toolkit.capta.org\/es\/finance\/policies-and-procedures\/contracts\/\">Contratos<\/a>)<br \/>\n(Se sigue el procedimiento de una moci\u00f3n, <a href=\"https:\/\/toolkit.capta.org\/es\/running-your-pta\/meetings\/parliamentary-procedure\/\">Procedimiento parlamentario<\/a>.)<br \/>\nNo tiene que ser secundada si es propuesta por un comit\u00e9 o junta. Voto.<\/p>\n<p><b>IX. Informes de comit\u00e9s<\/b> (funcionarios y presidentes, incluidos el director, representantes del cuerpo docente y representantes estudiantiles de secundaria) Comit\u00e9 de Estatutos, Comit\u00e9 de Biblioteca \u2013 Asunto a resolver, Comit\u00e9 de la Convenci\u00f3n, Comit\u00e9 de Recaudaci\u00f3n de Fondos \u2013 Asunto a resolver<br \/>\nEl presidente solicita el informe del comit\u00e9. La persona que presenta el informe autoriza cualquier recomendaci\u00f3n.<\/p>\n<p style=\"padding-left: 30px;\">\u201c_____________ presentar\u00e1 el informe del comit\u00e9 de _____________\u201d.<br \/>\n\u201c\u00bfHay alguna pregunta en cuanto al informe?\u201d<br \/>\n\u201cSi no, el informe se archivar\u00e1\u201d, o \u201cHan escuchado la recomendaci\u00f3n a manera de moci\u00f3n de destinar fondos presupuestados para la pr\u00f3xima reuni\u00f3n\u201d. (<a href=\"https:\/\/toolkit.capta.org\/es\/programs\/creacion-de-un-evento\/\">Planeamiento preliminar<\/a>)<br \/>\n(Se sigue el procedimiento de una moci\u00f3n, <a href=\"https:\/\/toolkit.capta.org\/es\/running-your-pta\/meetings\/parliamentary-procedure\/\">Procedimiento parlamentario<\/a>.) Voto.<\/p>\n<p><b>X. Asuntos pendientes<br \/>\n<\/b>El presidente presenta los asuntos pendientes seg\u00fan el acta. El o ella no debe preguntar:<\/p>\n<p style=\"padding-left: 30px;\">\u201c\u00bfHay alg\u00fan asunto inconcluso?\u201d<br \/>\n\u201cEl primer asunto inconcluso es ____________\u201d.<br \/>\nInforme del distrito escolar de aceptaci\u00f3n de fondos, bienes o materiales.<\/p>\n<p><b>XI. Asuntos nuevos<br \/>\n<\/b>Se necesita una moci\u00f3n antes de discutir o someter a votaci\u00f3n alg\u00fan asunto nuevo. Todos los asuntos propuestos para su consideraci\u00f3n en la reuni\u00f3n deber\u00e1n haber sido notificados apropiadamente para ejecutar acciones respecto de ellos. (Ver los estatutos.)<\/p>\n<p style=\"padding-left: 30px;\">\u201cEl primer aspecto del asunto nuevo es _____________\u201d.<\/p>\n<p style=\"padding-left: 30px;\"><b>XII. Programa<\/b> (opcional)<br \/>\nEl presidente de la unidad invita al presidente a exponer el programa.<\/p>\n<p style=\"padding-left: 30px;\">\u201c____________ expondr\u00e1 el programa\u201d.<br \/>\n\u201cSe\u00f1ora\/Se\u00f1or Presidente, as\u00ed concluye el programa\u201d.<\/p>\n<p><b>XIII. Anuncios<br \/>\n<\/b>Se deben anunciar la fecha de la pr\u00f3xima reuni\u00f3n y actividades importantes. Si hay alguna actividad social luego de la reuni\u00f3n, se debe anunciar.<\/p>\n<p style=\"padding-left: 30px;\">\u201cLa pr\u00f3xima reuni\u00f3n ser\u00e1 _____________\u201d.<br \/>\n\u201cPor favor acomp\u00e1\u00f1enos a tomar un refrigerio\u201d.<\/p>\n<p><b>XIV. Clausura<br \/>\n<\/b>No se necesita moci\u00f3n para la clausura. El presidente golpea con el mazo una vez.<\/p>\n<p style=\"padding-left: 30px;\">\u201c\u00bfHay alg\u00fan otro asunto que se deba discutir en esta reuni\u00f3n?\u201d<br \/>\n\u201cSe clausura la reuni\u00f3n\u201d.<\/p>\n<\/div>\n<p><span style=\"color: #800000;\">Este orden del d\u00eda es solamente una gu\u00eda, la que se puede adaptar a las necesidades de la unidad.<\/span><br \/>\n<span style=\"color: #800000;\"> El orden del d\u00eda debe imprimirse por triplicado y entregar copias al secretario de actas y al parlamentario.<\/span><br \/>\n<span style=\"color: #800000;\"> Distribuya o env\u00ede por correo a los miembros las propuestas de presupuesto y programas anuales junto con el orden del d\u00eda.<\/span><\/p>\n<p>Es aconsejable que un presidente nuevo escriba todo en forma detallada. Marque cada punto conforme se haya tratado y de esta manera no se olvidar\u00e1 de nada. El funcionario que preside la reuni\u00f3n debe estar de pie mientras cumple con sus funciones y se debe sentar (a menos que no pueda ser visto por la audiencia) mientras los dem\u00e1s participan.<\/p>\n","protected":false},"excerpt":{"rendered":"<p>(Fecha de la reuni\u00f3n) (Lugar\/Hora) I. Inicio de la reuni\u00f3n (a tiempo, con qu\u00f3rum) El presidente golpea una vez con el mazo, se pone de pie e inicia la reuni\u00f3n. \u201cLa reuni\u00f3n se inicia, por favor\u201d. El presidente revisar\u00e1 las reglas b\u00e1sicas de las reuniones. II. Ceremonia de apertura Juramento a la bandera (si es [&hellip;]<\/p>\n","protected":false},"author":8,"featured_media":0,"parent":4978,"menu_order":0,"comment_status":"closed","ping_status":"closed","template":"","meta":{"footnotes":""},"class_list":["post-5381","page","type-page","status-publish","hentry","entry"],"_links":{"self":[{"href":"https:\/\/toolkit.capta.org\/es\/wp-json\/wp\/v2\/pages\/5381","targetHints":{"allow":["GET"]}}],"collection":[{"href":"https:\/\/toolkit.capta.org\/es\/wp-json\/wp\/v2\/pages"}],"about":[{"href":"https:\/\/toolkit.capta.org\/es\/wp-json\/wp\/v2\/types\/page"}],"author":[{"embeddable":true,"href":"https:\/\/toolkit.capta.org\/es\/wp-json\/wp\/v2\/users\/8"}],"replies":[{"embeddable":true,"href":"https:\/\/toolkit.capta.org\/es\/wp-json\/wp\/v2\/comments?post=5381"}],"version-history":[{"count":3,"href":"https:\/\/toolkit.capta.org\/es\/wp-json\/wp\/v2\/pages\/5381\/revisions"}],"predecessor-version":[{"id":7919,"href":"https:\/\/toolkit.capta.org\/es\/wp-json\/wp\/v2\/pages\/5381\/revisions\/7919"}],"up":[{"embeddable":true,"href":"https:\/\/toolkit.capta.org\/es\/wp-json\/wp\/v2\/pages\/4978"}],"wp:attachment":[{"href":"https:\/\/toolkit.capta.org\/es\/wp-json\/wp\/v2\/media?parent=5381"}],"curies":[{"name":"wp","href":"https:\/\/api.w.org\/{rel}","templated":true}]}}