{"id":5398,"date":"2013-10-07T16:33:07","date_gmt":"2013-10-07T23:33:07","guid":{"rendered":"http:\/\/toolkit.capta.org\/running-your-pta\/nominations-and-elections\/electing-the-nominating-committee\/"},"modified":"2019-07-01T12:13:57","modified_gmt":"2019-07-01T19:13:57","slug":"electing-the-nominating-committee","status":"publish","type":"page","link":"https:\/\/toolkit.capta.org\/es\/running-your-pta\/nominations-and-elections\/electing-the-nominating-committee\/","title":{"rendered":"Elecci\u00f3n del Comit\u00e9 de Nominaciones"},"content":{"rendered":"<p>La informaci\u00f3n sobre cu\u00e1ndo y c\u00f3mo se elige un comit\u00e9 de nominaciones se encuentra en los Estatutos de la PTA. Por ejemplo, los Estatutos proporcionan detalles sobre qui\u00e9n es elegible para servir, as\u00ed como cu\u00e1ntos miembros y suplentes hay en el comit\u00e9 de nominaciones.<\/p>\n<p>Tenga en cuenta que la elecci\u00f3n del comit\u00e9 de nominaciones se lleva a cabo, cada a\u00f1o, al menos dos meses antes de la reuni\u00f3n anual de elecciones para los miembros de la junta.<\/p>\n<p><strong>Cualidades de los Miembros del Comit\u00e9 de Nominaciones<\/strong><\/p>\n<p>Se espera que un miembro del comit\u00e9 de nominaciones comprenda y aprecie:<\/p>\n<ul>\n<li>Deberes y requisitos de elegibilidad de los cargos de la mesa directiva<\/li>\n<li>Conjuntos de habilidades y compromiso de tiempo necesarios para cada cargo<\/li>\n<li>Consideraci\u00f3n de posibles nominados en funci\u00f3n de sus capacidades, as\u00ed como la capacidad de crecimiento del liderazgo.<\/li>\n<li>Selecci\u00f3n de una lista de oficiales que refleja una comunidad escolar<\/li>\n<li>Importancia de mantener todas las deliberaciones confidenciales<\/li>\n<\/ul>\n<p><strong>Responsabilidades del Comit\u00e9<\/strong><\/p>\n<p>El comit\u00e9 de nominaciones tiene la tarea de elegir a los mejores candidatos para servir como oficiales para dirigir su PTA el pr\u00f3ximo t\u00e9rmino.<\/p>\n<p>Sus reuniones est\u00e1n programadas para proporcionar el tiempo adecuado para considerar todos los posibles candidatos que fueron sugeridos.<\/p>\n<p>Apartar tiempo para crear una lista equilibrada de oficiales con experiencia y nuevos, que representan a la comunidad escolar, tambi\u00e9n es parte del proceso.<\/p>\n<p>Tenga en cuenta que el comit\u00e9 de nominaciones:<\/p>\n<ul>\n<li>Elige a su propio presidente en su primera reuni\u00f3n<\/li>\n<li>Recibe informaci\u00f3n y asesoramiento del parlamentario sobre los procedimientos y los pr\u00f3ximos pasos a tomar.<\/li>\n<li>Revisa los requisitos para los nominados y los deberes de los oficiales (Ver: Descripciones de Funciones en la Carpeta de Herramientas)<\/li>\n<li>Participa en una discusi\u00f3n abierta sobre posibles nominados<\/li>\n<li>Selecciona solo a candidatos elegibles que acepten servir<\/li>\n<li>Permanece vigente hasta la reuni\u00f3n electoral anual<\/li>\n<\/ul>\n<p>Recuerde, tambi\u00e9n, que un miembro del comit\u00e9 no est\u00e1 excluido de ser considerado como candidato para un cargo electo de la mesa directiva.<\/p>\n<p>Si un miembro del comit\u00e9 de nominaciones est\u00e1 siendo considerado, \u00e9l\/ella es excusado de la reuni\u00f3n durante la discusi\u00f3n sobre el cargo. Y, el individuo puede volver a unirse a la reuni\u00f3n para participar en la votaci\u00f3n de la boleta electoral, requerida en este caso, para determinar el candidato para un cargo.<\/p>\n<p><strong>Responsabilidades del Presidente del Comit\u00e9<\/strong><\/p>\n<p>El presidente de un comit\u00e9 de nominaci\u00f3n tiene deberes administrativos para garantizar que el comit\u00e9 funcione sin problemas y complete su trabajo a tiempo.<\/p>\n<p>Las responsabilidades adicionales incluyen la organizaci\u00f3n de:<\/p>\n<ul>\n<li>Proporcionar la agenda y el calendario de reuniones.<\/li>\n<li>Ponerse en contacto con posibles candidatos y compartir el resultado con el comit\u00e9 (Ver: Contactar Nominados)<\/li>\n<li>Asesorar a los candidatos a asistir a la reuni\u00f3n de elecci\u00f3n y a la instalaci\u00f3n de oficiales<\/li>\n<li>Presentar una lista de nominados a los miembros 28 d\u00edas antes de la reuni\u00f3n de elecciones<\/li>\n<li>Volver a convocar al comit\u00e9 si un candidato se retira antes de la elecci\u00f3n<\/li>\n<\/ul>\n<p>En la reuni\u00f3n de elecciones, el presidente lee el informe del comit\u00e9 de nominaciones con la lista de los nominados y entrega un informe escrito, firmado por el comit\u00e9, al secretario para que lo incluya en las Actas.<\/p>\n<p><strong>Suplentes al Comit\u00e9 de Nominaciones<\/strong><\/p>\n<p>Un miembro es elegido por los miembros y recibe informaci\u00f3n sobre la fecha, la hora y el lugar de la primera reuni\u00f3n del comit\u00e9 de nominaciones.<\/p>\n<p>Sin embargo, \u00e9l\/ella solo participa en las reuniones del comit\u00e9 de nominaciones cuando hay una vacante en el comit\u00e9.<\/p>\n<p>Si un miembro electo no puede asistir a la primera reuni\u00f3n, se le pide al primer suplente que reemplace a esa persona como miembro permanente del comit\u00e9 de nominaciones.<\/p>\n<p><strong>El Rol del Parlamentario<\/strong><\/p>\n<p>Para el proceso electoral, el parlamentario act\u00faa como facilitador de las elecciones y como mentor del comit\u00e9 de nominaciones.<\/p>\n<p>Por ejemplo, en la reuni\u00f3n de la asociaci\u00f3n que elige al comit\u00e9 de nominaci\u00f3nes, el parlamentario comparte informaci\u00f3n sobre el proceso de elecci\u00f3n leyendo partes del Art\u00edculo V, Secci\u00f3n 3 a 4 en los Estatutos de la Unidad.<\/p>\n<p>Brindar apoyo al comit\u00e9 de nominaciones incluye programar su primera reuni\u00f3n. Notificar al primer suplente, si un miembro electo no puede asistir a esta reuni\u00f3n, es una tarea asignada al parlamentario.<\/p>\n<p>En la primera reuni\u00f3n del comit\u00e9 de nominaciones, el parlamentario lleva a cabo la elecci\u00f3n del presidente y proporciona asesoramiento e informaci\u00f3n sobre:<\/p>\n<ul>\n<li>Procedimientos de nominaci\u00f3n y fechas.<\/li>\n<li>Responsabilidades del comit\u00e9 y deberes del presidente.<\/li>\n<li>Estatutos de la unidad, Reglas Vigentes y Lista de los Miembros<\/li>\n<li>Cargos de los de oficiales y Descripciones de Funciones<\/li>\n<\/ul>\n<p>Para reuniones posteriores, el parlamentario solo asiste si es elegido para formar parte del comit\u00e9 de nominaciones.<\/p>\n<p><strong>Sugerencias para las escuelas que funcionan durante todo el a\u00f1o<\/strong><\/p>\n<p>Incluir representantes de todos los ciclos escolares en el comit\u00e9 de nominaciones.<\/p>\n<p>Motivar al comit\u00e9 de nominaciones para que presente una lista de funcionarios que representen todos los ciclos escolares.<\/p>\n<p>Solicitar que el presidente y primer vicepresidente sean de diferentes ciclos escolares.<\/p>\n","protected":false},"excerpt":{"rendered":"<p>La informaci\u00f3n sobre cu\u00e1ndo y c\u00f3mo se elige un comit\u00e9 de nominaciones se encuentra en los Estatutos de la PTA. Por ejemplo, los Estatutos proporcionan detalles sobre qui\u00e9n es elegible para servir, as\u00ed como cu\u00e1ntos miembros y suplentes hay en el comit\u00e9 de nominaciones. Tenga en cuenta que la elecci\u00f3n del comit\u00e9 de nominaciones se [&hellip;]<\/p>\n","protected":false},"author":8,"featured_media":0,"parent":4981,"menu_order":0,"comment_status":"closed","ping_status":"closed","template":"","meta":{"footnotes":""},"class_list":["post-5398","page","type-page","status-publish","hentry","entry"],"_links":{"self":[{"href":"https:\/\/toolkit.capta.org\/es\/wp-json\/wp\/v2\/pages\/5398","targetHints":{"allow":["GET"]}}],"collection":[{"href":"https:\/\/toolkit.capta.org\/es\/wp-json\/wp\/v2\/pages"}],"about":[{"href":"https:\/\/toolkit.capta.org\/es\/wp-json\/wp\/v2\/types\/page"}],"author":[{"embeddable":true,"href":"https:\/\/toolkit.capta.org\/es\/wp-json\/wp\/v2\/users\/8"}],"replies":[{"embeddable":true,"href":"https:\/\/toolkit.capta.org\/es\/wp-json\/wp\/v2\/comments?post=5398"}],"version-history":[{"count":3,"href":"https:\/\/toolkit.capta.org\/es\/wp-json\/wp\/v2\/pages\/5398\/revisions"}],"predecessor-version":[{"id":9951,"href":"https:\/\/toolkit.capta.org\/es\/wp-json\/wp\/v2\/pages\/5398\/revisions\/9951"}],"up":[{"embeddable":true,"href":"https:\/\/toolkit.capta.org\/es\/wp-json\/wp\/v2\/pages\/4981"}],"wp:attachment":[{"href":"https:\/\/toolkit.capta.org\/es\/wp-json\/wp\/v2\/media?parent=5398"}],"curies":[{"name":"wp","href":"https:\/\/api.w.org\/{rel}","templated":true}]}}