{"id":5403,"date":"2013-10-07T16:34:40","date_gmt":"2013-10-07T23:34:40","guid":{"rendered":"http:\/\/toolkit.capta.org\/running-your-pta\/nominations-and-elections\/selecting-nominees\/"},"modified":"2019-07-01T12:17:03","modified_gmt":"2019-07-01T19:17:03","slug":"selecting-nominees","status":"publish","type":"page","link":"https:\/\/toolkit.capta.org\/es\/running-your-pta\/nominations-and-elections\/selecting-nominees\/","title":{"rendered":"Selecci\u00f3n de los nominados"},"content":{"rendered":"<p><strong>\u00bfSab\u00eda Usted Que Los Nominados&#8230;?<\/strong><\/p>\n<ul>\n<li>Debe ser miembro de la PTA al menos 30 d\u00edas antes de ser nominado para ser elegible para la elecci\u00f3n<\/li>\n<li>Apoyan la misi\u00f3n, prop\u00f3sitos y principios de la PTA<\/li>\n<li>Dedican el tiempo y el esfuerzo adecuados para desempe\u00f1ar tareas, para trabajar en equipo, si es elegido<\/li>\n<li>Puede ser un estudiante ya que los estudiantes pueden servir en cualquier cargo elegido en la mesa directiva de la PTA\/PTSA<\/li>\n<li>Aprecia el valor de capacitarse y aprender m\u00e1s acerca de las responsabilidades de la mesa directiva de la PTA si es elegido<\/li>\n<\/ul>\n<p>Tambi\u00e9n tenga en cuenta que cada cargo de la PTA tiene un l\u00edmite de t\u00e9rmino seg\u00fan lo establecido en los Estatutos. Esto ayuda a mantener el bienestar de una PTA al expandir la capacidad de liderazgo y promoci\u00f3n.<\/p>\n<p>Es por eso que ning\u00fan miembro es elegible para el mismo cargo de la PTA por m\u00e1s de dos per\u00edodos consecutivos de un a\u00f1o en la mesa directiva de la unidad. Y, durante un t\u00e9rmino de la PTA, ning\u00fan miembro puede ocupar m\u00e1s de un cargo elegido o designado.<\/p>\n","protected":false},"excerpt":{"rendered":"<p>\u00bfSab\u00eda Usted Que Los Nominados&#8230;? Debe ser miembro de la PTA al menos 30 d\u00edas antes de ser nominado para ser elegible para la elecci\u00f3n Apoyan la misi\u00f3n, prop\u00f3sitos y principios de la PTA Dedican el tiempo y el esfuerzo adecuados para desempe\u00f1ar tareas, para trabajar en equipo, si es elegido Puede ser un estudiante [&hellip;]<\/p>\n","protected":false},"author":8,"featured_media":0,"parent":4981,"menu_order":0,"comment_status":"closed","ping_status":"closed","template":"","meta":{"footnotes":""},"class_list":["post-5403","page","type-page","status-publish","hentry","entry"],"_links":{"self":[{"href":"https:\/\/toolkit.capta.org\/es\/wp-json\/wp\/v2\/pages\/5403","targetHints":{"allow":["GET"]}}],"collection":[{"href":"https:\/\/toolkit.capta.org\/es\/wp-json\/wp\/v2\/pages"}],"about":[{"href":"https:\/\/toolkit.capta.org\/es\/wp-json\/wp\/v2\/types\/page"}],"author":[{"embeddable":true,"href":"https:\/\/toolkit.capta.org\/es\/wp-json\/wp\/v2\/users\/8"}],"replies":[{"embeddable":true,"href":"https:\/\/toolkit.capta.org\/es\/wp-json\/wp\/v2\/comments?post=5403"}],"version-history":[{"count":1,"href":"https:\/\/toolkit.capta.org\/es\/wp-json\/wp\/v2\/pages\/5403\/revisions"}],"predecessor-version":[{"id":9953,"href":"https:\/\/toolkit.capta.org\/es\/wp-json\/wp\/v2\/pages\/5403\/revisions\/9953"}],"up":[{"embeddable":true,"href":"https:\/\/toolkit.capta.org\/es\/wp-json\/wp\/v2\/pages\/4981"}],"wp:attachment":[{"href":"https:\/\/toolkit.capta.org\/es\/wp-json\/wp\/v2\/media?parent=5403"}],"curies":[{"name":"wp","href":"https:\/\/api.w.org\/{rel}","templated":true}]}}