{"id":5409,"date":"2013-10-07T16:39:28","date_gmt":"2013-10-07T23:39:28","guid":{"rendered":"http:\/\/toolkit.capta.org\/running-your-pta\/nominations-and-elections\/the-election\/"},"modified":"2019-07-01T13:07:05","modified_gmt":"2019-07-01T20:07:05","slug":"the-election","status":"publish","type":"page","link":"https:\/\/toolkit.capta.org\/es\/running-your-pta\/nominations-and-elections\/the-election\/","title":{"rendered":"La elecci\u00f3n"},"content":{"rendered":"<p>Cada a\u00f1o, las PTAs eligen oficiales para el pr\u00f3ximo per\u00edodo en una reuni\u00f3n de la asociaci\u00f3n. El mes para llevar a cabo la reuni\u00f3n anual de elecciones se encuentra en los Estatutos de una unidad y generalmente no es posterior a la segunda semana de abril.<\/p>\n<p>Esta fecha ayuda a asegurar una transici\u00f3n sin problemas para los \u00a0nuevos miembros de la mesa directiva. Proporciona tiempo para que reciban materiales y hablen sobre lo requerido de su nuevo cargo con su antecesor. Y permite a los miembros de la mesa directiva electa comenzar a planificar el pr\u00f3ximo a\u00f1o de la PTA.<\/p>\n<p>Adem\u00e1s, la fecha le da tiempo al presidente electo para registrarse y asistir al Congreso de la PTA del Estado de California.<\/p>\n<p>La reuni\u00f3n anual de elecciones est\u00e1 planeada y dirigida por el presidente. Aqu\u00ed hay algunos consejos para prepararse para una reuni\u00f3n electoral efectiva:<\/p>\n<ul>\n<li><strong>Agenda<\/strong> &#8211; Escribir \u00abElecci\u00f3n de Oficiales\u00bb en \u00abNuevos Asuntos\u00bb en la Agenda.<\/li>\n<li><strong>Aviso<\/strong> &#8211; Distribuya un aviso por escrito de la reuni\u00f3n de la elecci\u00f3n con treinta (30) d\u00edas de anticipaci\u00f3n a los miembros de la unidad como se indica en los Estatutos<\/li>\n<li><strong>Lista de Miembros<\/strong> &#8211; El secretario trae una lista actual de miembros a la reuni\u00f3n para verificar la elegibilidad para votar y para ser nominado.<\/li>\n<li><strong>Votaci\u00f3n<\/strong> &#8211; Solo los miembros de la unidad que asisten a la reuni\u00f3n, que han sido miembros al menos treinta (30) d\u00edas y cuyas cuotas est\u00e9n pagadas, son elegibles para votar en una elecci\u00f3n.<\/li>\n<li><strong>Nominaciones en la Reuni\u00f3n <\/strong>&#8211; Despu\u00e9s de presentar la lista de nominados, se deben solicitar nominaciones adicionales de todos los miembros presentes tal y como lo indican los Estatutos. Estas nominaciones no requieren una \u00absegunda\u00bb mocion y los miembros elegibles pueden nominarse ellos mismos.<\/li>\n<li><strong>Oficiales Electos<\/strong> &#8211; Para ser elegido se requiere el voto mayoritario de los presentes y ser elegibles para votar, siempre que se cumpla el qu\u00f3rum de la reuni\u00f3n, tal y como se describe en los Estatutos.<\/li>\n<\/ul>\n<p>La forma en que se realiza una elecci\u00f3n de PTA se basa en un procedimiento parlamentario est\u00e1ndar. Despu\u00e9s de dar algunas palabras de apertura, el presidente:<\/p>\n<ol>\n<li style=\"list-style-type: none;\">\n<ol>\n<li>Pide al parlamentario que lea partes de los Estatutos\n<ul>\n<li>Nominaciones y Elecciones (Art\u00edculo V, Secciones 1, 2, 4a, 4e, 5 a 8 y 11)<\/li>\n<\/ul>\n<\/li>\n<li>Solicita el Informe del Comit\u00e9 de Nominaciones.\n<ul>\n<li>El presidente lee el informe y anota cualquier cambio en la lista publicada, si un candidato se retir\u00f3 antes de la elecci\u00f3n<\/li>\n<\/ul>\n<\/li>\n<li>Reafirma la lista de nominados:\n<ul>\n<li>Pide a cada uno que se ponga de pie seg\u00fan sean llamados por su nombre<\/li>\n<\/ul>\n<\/li>\n<li>Pide y toma nominaciones de los miembros presentes\n<ul>\n<li>Dice: \u00ab\u00bfHay otras nominaciones?\u00bb &#8230; Finaliza el proceso diciendo: \u00abAl no escuchar nada, las nominaciones est\u00e1n cerradas\u00bb.<\/li>\n<\/ul>\n<\/li>\n<li>Realiza la elecci\u00f3n de oficiales:\n<ul>\n<li>Cuando hay un candidato para cada posici\u00f3n de la mesa directiva use un voto de voz que diga:<\/li>\n<\/ul>\n<\/li>\n<\/ol>\n<\/li>\n<\/ol>\n<p>\u00abLos estatutos describen que si solo hay un candidato para un cargo, se puede prescindir la boleta electoral y la elecci\u00f3n se realizar\u00e1 por voto de voz.\u00bb<\/p>\n<p>\u00ab\u00bfAlguna objeci\u00f3n a este procedimiento?\u00bb &#8230; \u00abAl no escuchar nada, se presentan los siguientes para su elecci\u00f3n\u00bb y se lee la lista de puestos y nominados.\u00bb<\/p>\n<p>\u201cTodos los que est\u00e1n a favor, digan \u2018s\u00ed \u2018, los opuestos dicen\u00bb no \u00ab. Se aprueba la moci\u00f3n. Felicitaciones, han elegido a los oficiales para el pr\u00f3ximo termino tal como se presentaron.\u201d<\/p>\n<p>(Ver: <a href=\"http:\/\/downloads.capta.org\/toolkit\/RunningYourPTA\/R4-lista-de-verificacion-de-elecciones-de-la-pta-consejos-practicos.pdf\">Fig. R-4 Lista de Verificaci\u00f3n de Elecciones de la PTA &#8211; Consejos Pr\u00e1cticos<\/a>)<\/p>\n<div class=\"spotlightbox\">\n<h5>Si s\u00f3lo un candidato ha sido nominado para un cargo, el presidente podr\u00e1 declarar a los candidatos elegidos por aclamaci\u00f3n.<\/h5>\n<\/div>\n<p><strong>Voto de Voz<\/strong><\/p>\n<p>Cuando hay un candidato a un cargo, la elecci\u00f3n puede realizarse por voto de voz. Pero, un miembro puede hacer una moci\u00f3n para votar por boleta electoral. Esta moci\u00f3n se vota inmediatamente sin debate. Requiere un voto mayoritario para ser adoptado.<\/p>\n<p><strong>Voto por Boleta Electoral<\/strong><\/p>\n<p>Las boletas electorales escritas se usan para votar en una elecci\u00f3n cuando hay dos o m\u00e1s candidatos para un cargo. Tambi\u00e9n se utilizan si se presenta una moci\u00f3n para votar por voto, votada y adoptada en una reuni\u00f3n electoral.<\/p>\n<p>Para una elecci\u00f3n, tanto el voto por voz como\u00a0 por boleta electoral se pueden usar el voto por voz para cargos sin oposici\u00f3n y se requiere un voto de boleta electoral para aquellos puestos con dos o m\u00e1s candidatos.<\/p>\n<p>Aqu\u00ed hay algunos consejos para manejar una boleta electoral:<\/p>\n<ol>\n<li style=\"list-style-type: none;\">\n<ol>\n<li style=\"list-style-type: none;\">\n<ol>\n<li><strong>Verificar la Elegibilidad para Votar <\/strong>&#8211; Verificar la lista de miembros para votar actual antes de entregar las boletas.<\/li>\n<\/ol>\n<\/li>\n<\/ol>\n<\/li>\n<\/ol>\n<p style=\"padding-left: 40px;\">Si sabe antes de la reuni\u00f3n electoral que hay dos o m\u00e1s candidatos para cualquier cargo, las boletas se pueden entregar a los miembros durante la de inscripci\u00f3n cuando lleguen y presenten sus tarjetas de membres\u00eda.<\/p>\n<p style=\"padding-left: 40px;\">Tenga en cuenta: Si una lista de miembros actual no est\u00e1 disponible todos los adultos presentes pueden votar.<\/p>\n<ol>\n<li style=\"list-style-type: none;\">\n<ol>\n<li style=\"list-style-type: none;\">\n<ol start=\"2\">\n<li><strong>Nombrar el Comit\u00e9 de Escrutadores<\/strong>&#8211; El presidente nombra un comit\u00e9 de cajeros, con un presidente y al menos dos cajeros. Los cajeros distribuyen, recogen y cuentan boletas. Las boletas tambi\u00e9n se pueden recoger en una urna.<\/li>\n<\/ol>\n<\/li>\n<\/ol>\n<\/li>\n<\/ol>\n<p style=\"padding-left: 40px;\">Los nominados para cargos no pueden servir como escrutadores<\/p>\n<ol>\n<li style=\"list-style-type: none;\">\n<ol>\n<li style=\"list-style-type: none;\">\n<ol start=\"3\">\n<li><strong>Contar los Participantes Presentes en la Sala <\/strong>&#8211; Antes de votar, cuente participantes presentes para determinar el n\u00famero de boletas electorales que se registrar\u00e1n. El presidente le pide a los miembros elegibles que se pongan de pie para que sean contados.<\/li>\n<\/ol>\n<\/li>\n<\/ol>\n<\/li>\n<\/ol>\n<p style=\"padding-left: 40px;\">Si es necesario otro voto, haga un recuento de los miembros votantes para determinar el n\u00famero de boletas electorales que se deben sumar. Si un miembro elegible se perdi\u00f3 el voto original, pero llega a tiempo para otro voto, \u00e9l \/ella tiene derecho a votar.<\/p>\n<ol>\n<li style=\"list-style-type: none;\">\n<ol>\n<li style=\"list-style-type: none;\">\n<ol start=\"4\">\n<li><strong>Manejo de las Boletas Electorales<\/strong>&#8211; Las boletas ilegales se cuentan solo para determinar el n\u00famero de votos emitidos. Pero, no se aplican como un voto a favor o en contra de un candidato.<\/li>\n<\/ol>\n<\/li>\n<\/ol>\n<\/li>\n<\/ol>\n<p style=\"padding-left: 40px;\">Las boletas se consideran ilegales si se entregan con:<\/p>\n<ol>\n<li style=\"list-style-type: none;\">\n<ol>\n<li style=\"list-style-type: none;\">\n<ul>\n<li style=\"list-style-type: none;\">\n<ul>\n<li>palabras o s\u00edmbolos ilegibles<\/li>\n<li>Un nombre de nominados que no es miembro<\/li>\n<li>Dos o m\u00e1s boletas completas que se entregan juntas, las cuales se registran como un voto ilegal<\/li>\n<\/ul>\n<\/li>\n<\/ul>\n<\/li>\n<\/ol>\n<\/li>\n<\/ol>\n<p style=\"padding-left: 40px;\">Las boletas en blanco no se cuentan.<\/p>\n<p style=\"padding-left: 40px;\">En una elecci\u00f3n disputada, cada candidato puede designar a una persona como un observador para contar boletas.<\/p>\n<ol>\n<li style=\"list-style-type: none;\">\n<ol>\n<li style=\"list-style-type: none;\">\n<ol start=\"6\">\n<li><strong>Resultados de la Votaci\u00f3n<\/strong> &#8211; Los resultados se dan por escrito por el presidente del comit\u00e9 de escrutadores y entregados al presidente con la siguiente informaci\u00f3n:<\/li>\n<\/ol>\n<\/li>\n<li style=\"list-style-type: none;\">\n<ul>\n<li>Total de votantes elegibles = ________<\/li>\n<li>Total de votos emitidos = ________<\/li>\n<li>N\u00famero necesario para elegir (voto mayoritario &#8211; \u00bd m\u00e1s + 1) = ___________<\/li>\n<li>N\u00famero recibido por cada nominado\n<ul>\n<li>(Nominado) Votos recibidos =\u00a0 ___________<\/li>\n<li>(Nominado) Votos recibidos = ___________<\/li>\n<\/ul>\n<\/li>\n<\/ul>\n<\/li>\n<\/ol>\n<\/li>\n<\/ol>\n<p style=\"padding-left: 40px;\">El presidente anuncia los resultados de la votaci\u00f3n y qui\u00e9n es elegido. Pero, el n\u00famero de votos emitidos para cada candidato no se anuncia, a menos que se solicite.<\/p>\n<p style=\"padding-left: 40px;\">Sin embargo, para las Actas, se registra el Informe Completo de los escrutadores.<\/p>\n<p style=\"padding-left: 40px;\">El presidente del comit\u00e9 de escrutadores luego hace una moci\u00f3n para destruir las boletas.<\/p>\n<ol>\n<li style=\"list-style-type: none;\">\n<ol>\n<li style=\"list-style-type: none;\">\n<ol start=\"7\">\n<li><strong>Oposiciones Electorales<\/strong> &#8211; Con pocas excepciones, las oposiciones al procedimiento electoral o al resultado deben realizarse durante la reuni\u00f3n electoral.<\/li>\n<\/ol>\n<\/li>\n<\/ol>\n<\/li>\n<\/ol>\n<p style=\"padding-left: 40px;\">Una elecci\u00f3n debe ser declarada \u00abnula e inv\u00e1lida\u00bb cuando se descubre que una persona elegida no cumpli\u00f3 con los requisitos de elegibilidad para el cargo como se describen en los Estatutos.<\/p>\n<p style=\"padding-left: 40px;\">Para obtener m\u00e1s informaci\u00f3n, consulte &#8211; <em>Roberts Rules of Order Newly Revised<\/em> \u00faltima edici\u00f3n, \u00abC\u00f3mo Impugnar los Resultados Anunciados de una Elecci\u00f3n y Punto de Orden\u00bb.<\/p>\n<p style=\"padding-left: 40px;\">Para obtener ayuda y m\u00e1s informaci\u00f3n sobre las elecciones, comun\u00edquese con el parlamentario o presidente de la PTA de su distrito<\/p>\n<p><strong>Derecho al voto de los funcionarios<\/strong><\/p>\n<p>Todos los funcionarios de la PTA, incluido el parlamentario, tienen el mismo derecho al voto que los dem\u00e1s miembros. La imparcialidad del presidente est\u00e1 protegida s\u00f3lo cuando el voto es por medio de papeleta.<\/p>\n<p><strong>Miembros anteriores del comit\u00e9 de nominaciones<\/strong><\/p>\n<p>Haga una lista de los miembros del comit\u00e9 de nominaciones y el a\u00f1o o los a\u00f1os en que fungieron. Esto servir\u00e1 como referencia escrita para la PTA. Los nombres de los miembros del comit\u00e9 de nominaciones se deben incluir en las actas de la PTA como un registro oficial.<\/p>\n","protected":false},"excerpt":{"rendered":"<p>Cada a\u00f1o, las PTAs eligen oficiales para el pr\u00f3ximo per\u00edodo en una reuni\u00f3n de la asociaci\u00f3n. El mes para llevar a cabo la reuni\u00f3n anual de elecciones se encuentra en los Estatutos de una unidad y generalmente no es posterior a la segunda semana de abril. Esta fecha ayuda a asegurar una transici\u00f3n sin problemas [&hellip;]<\/p>\n","protected":false},"author":8,"featured_media":0,"parent":4981,"menu_order":0,"comment_status":"closed","ping_status":"closed","template":"","meta":{"footnotes":""},"class_list":["post-5409","page","type-page","status-publish","hentry","entry"],"_links":{"self":[{"href":"https:\/\/toolkit.capta.org\/es\/wp-json\/wp\/v2\/pages\/5409","targetHints":{"allow":["GET"]}}],"collection":[{"href":"https:\/\/toolkit.capta.org\/es\/wp-json\/wp\/v2\/pages"}],"about":[{"href":"https:\/\/toolkit.capta.org\/es\/wp-json\/wp\/v2\/types\/page"}],"author":[{"embeddable":true,"href":"https:\/\/toolkit.capta.org\/es\/wp-json\/wp\/v2\/users\/8"}],"replies":[{"embeddable":true,"href":"https:\/\/toolkit.capta.org\/es\/wp-json\/wp\/v2\/comments?post=5409"}],"version-history":[{"count":3,"href":"https:\/\/toolkit.capta.org\/es\/wp-json\/wp\/v2\/pages\/5409\/revisions"}],"predecessor-version":[{"id":9961,"href":"https:\/\/toolkit.capta.org\/es\/wp-json\/wp\/v2\/pages\/5409\/revisions\/9961"}],"up":[{"embeddable":true,"href":"https:\/\/toolkit.capta.org\/es\/wp-json\/wp\/v2\/pages\/4981"}],"wp:attachment":[{"href":"https:\/\/toolkit.capta.org\/es\/wp-json\/wp\/v2\/media?parent=5409"}],"curies":[{"name":"wp","href":"https:\/\/api.w.org\/{rel}","templated":true}]}}