{"id":5412,"date":"2013-10-07T16:40:46","date_gmt":"2013-10-07T23:40:46","guid":{"rendered":"http:\/\/toolkit.capta.org\/running-your-pta\/nominations-and-elections\/questions-and-answers\/"},"modified":"2016-05-26T09:27:57","modified_gmt":"2016-05-26T16:27:57","slug":"questions-and-answers","status":"publish","type":"page","link":"https:\/\/toolkit.capta.org\/es\/running-your-pta\/nominations-and-elections\/questions-and-answers\/","title":{"rendered":"Preguntas y respuestas"},"content":{"rendered":"<p><span style=\"color: #000080;\"><em><strong>P.<\/strong>\u00a0 Si dos personas est\u00e1n dispuestas a compartir las responsabilidades de alg\u00fan puesto, \u00bfpuede aceptarlo el comit\u00e9 de nominaciones?<\/em><\/span><\/p>\n<p style=\"padding-left: 30px;\"><strong>R.<\/strong>\u00a0 No. Un cargo debe ser ocupado por una sola persona. Si por alguna situaci\u00f3n especial se necesita m\u00e1s de una persona para cumplir con las obligaciones, se debe crear un cargo de asistente para ese puesto.<\/p>\n<p style=\"padding-left: 60px;\"><i>Precauci\u00f3n:<\/i> Si se hace una enmienda a los estatutos y se crea el cargo de asistente, este ser\u00e1 necesario en todas las juntas futuras. Una alternativa es incluir en las normas permanentes la descripci\u00f3n de funciones detallada del cargo del asistente e indicar que el cargo no ser\u00e1 necesario en todas las juntas futuras<\/p>\n<p><span style=\"color: #000080;\"><em><strong>P.<\/strong>\u00a0 \u00bfUna persona puede estar nominada para m\u00e1s de un cargo?<\/em><\/span><\/p>\n<p style=\"padding-left: 30px;\"><strong>R.<\/strong>\u00a0 S\u00ed. Sin embargo, s\u00f3lo puede ejercer un cargo a la vez. En este caso, si la persona elegida para dos o m\u00e1s cargos est\u00e1 presente, \u00e9l o ella puede elegir cu\u00e1l aceptar\u00e1. Si el o ella no est\u00e1 presente, la asamblea debe decidir por votaci\u00f3n el cargo que se le va a asignar y luego elegir a otro(s) para ocupar el cargo o cargos restantes.<\/p>\n<p><span style=\"color: #000080;\"><em><strong>P.<\/strong>\u00a0 \u00bfSe puede llenar un cargo vacante al comit\u00e9 de nominaciones propuesto luego de que se ha entregado y publicado el informe?<\/em><\/span><\/p>\n<p style=\"padding-left: 30px;\"><strong>R.<\/strong>\u00a0 S\u00ed. Si alg\u00fan nominado se retira antes de la elecci\u00f3n, el comit\u00e9 debe decidir lo m\u00e1s pronto posible qui\u00e9n ser\u00e1 el otro nominado. Si un cargo queda vacante luego de la elecci\u00f3n porque el directivo electo renuncia o porque no se ha elegido a nadie para que ocupe el puesto, se considerar\u00e1 como un cargo vacante que puede ser ocupado por la junta elegida seg\u00fan los estatutos.<\/p>\n<p><span style=\"color: #000080;\"><em><strong>P.<\/strong>\u00a0 \u00bfPuede un miembro de la asociaci\u00f3n ser nombrado para servir por un tercer per\u00edodo de un a\u00f1o para cualquier puesto?<\/em><\/span><\/p>\n<p style=\"padding-left: 30px;\"><strong>R.<\/strong>\u00a0 No. Una persona que haya servido por dos per\u00edodos consecutivos de un a\u00f1o en un puesto de elecci\u00f3n o nombramiento no es elegible para nominaci\u00f3n o elecci\u00f3n o nombramiento para un per\u00edodo adicional consecutivo en el mismo puesto. La persona puede servir en un puesto diferente. (Lea <em>Estatutos para unidades locales de la PTA\/PTSA<\/em>, Art\u00edculo V, Secci\u00f3n 8). Una persona que sirve como funcionario en un consejo o distrito por un per\u00edodo de un a\u00f1o no es elegible para nominaci\u00f3n o elecci\u00f3n o nombramiento para un per\u00edodo adicional consecutivo en el mismo puesto. Debe pasar al menos un per\u00edodo completo antes de que un funcionario que haya servido el n\u00famero m\u00e1ximo de per\u00edodos sea elegible para nominaci\u00f3n y elecci\u00f3n o nombramiento para un per\u00edodo adicional consecutivo en el mismo puesto.<\/p>\n","protected":false},"excerpt":{"rendered":"<p>P.\u00a0 Si dos personas est\u00e1n dispuestas a compartir las responsabilidades de alg\u00fan puesto, \u00bfpuede aceptarlo el comit\u00e9 de nominaciones? R.\u00a0 No. Un cargo debe ser ocupado por una sola persona. Si por alguna situaci\u00f3n especial se necesita m\u00e1s de una persona para cumplir con las obligaciones, se debe crear un cargo de asistente para ese [&hellip;]<\/p>\n","protected":false},"author":8,"featured_media":0,"parent":4981,"menu_order":0,"comment_status":"closed","ping_status":"closed","template":"","meta":{"footnotes":""},"class_list":["post-5412","page","type-page","status-publish","hentry","entry"],"_links":{"self":[{"href":"https:\/\/toolkit.capta.org\/es\/wp-json\/wp\/v2\/pages\/5412","targetHints":{"allow":["GET"]}}],"collection":[{"href":"https:\/\/toolkit.capta.org\/es\/wp-json\/wp\/v2\/pages"}],"about":[{"href":"https:\/\/toolkit.capta.org\/es\/wp-json\/wp\/v2\/types\/page"}],"author":[{"embeddable":true,"href":"https:\/\/toolkit.capta.org\/es\/wp-json\/wp\/v2\/users\/8"}],"replies":[{"embeddable":true,"href":"https:\/\/toolkit.capta.org\/es\/wp-json\/wp\/v2\/comments?post=5412"}],"version-history":[{"count":3,"href":"https:\/\/toolkit.capta.org\/es\/wp-json\/wp\/v2\/pages\/5412\/revisions"}],"predecessor-version":[{"id":7819,"href":"https:\/\/toolkit.capta.org\/es\/wp-json\/wp\/v2\/pages\/5412\/revisions\/7819"}],"up":[{"embeddable":true,"href":"https:\/\/toolkit.capta.org\/es\/wp-json\/wp\/v2\/pages\/4981"}],"wp:attachment":[{"href":"https:\/\/toolkit.capta.org\/es\/wp-json\/wp\/v2\/media?parent=5412"}],"curies":[{"name":"wp","href":"https:\/\/api.w.org\/{rel}","templated":true}]}}