{"id":5415,"date":"2013-10-04T09:00:43","date_gmt":"2013-10-04T16:00:43","guid":{"rendered":"http:\/\/toolkit.capta.org\/running-your-pta\/planning-organizing\/guide-to-executive-leadership\/"},"modified":"2019-06-28T11:03:27","modified_gmt":"2019-06-28T18:03:27","slug":"guide-to-executive-leadership","status":"publish","type":"page","link":"https:\/\/toolkit.capta.org\/es\/running-your-pta\/planning-organizing\/guide-to-executive-leadership\/","title":{"rendered":"Guia para el liderazgo ejecutivo"},"content":{"rendered":"<p>Como miembro de la mesa directiva ejecutiva de la PTA, usted supervisa los planes, eventos y actividades que marcan la diferencia en su comunidad. Es por eso que saber m\u00e1s sobre la estructura de una mesa directiva y c\u00f3mo funciona como organizaci\u00f3n sin fines de lucro 501 (c) (3) lo ayudar\u00e1 a administrar su PTA de manera m\u00e1s efectiva.<\/p>\n<p>&nbsp;<\/p>\n<div class=\"spotlightbox\">\n<h3 style=\"text-align: center;\"><strong>\u00bfSab\u00eda Usted \u2026?<\/strong><\/h3>\n<p><strong>Para permanecer en \u00abbuen estatus\u00bb como una PTA, una unidad debe:<\/strong><\/p>\n<ul>\n<li>Cumplir con los prop\u00f3sitos y pol\u00edticas b\u00e1sicas de la PTA Nacional y la PTA del Estado de California<\/li>\n<li>Tener tres (3) oficiales requeridos electos: presidente, secretario y tesorero<\/li>\n<li>Remitir las cuotas per c\u00e1pita de al menos un m\u00ednimo de quince (15) miembros por a\u00f1o antes de la fecha de vencimiento<\/li>\n<li>Pagar las primas del seguro anualmente a la PTA de California antes de la fecha de vencimiento<\/li>\n<li>Tener los Estatutos aprobados de acuerdo con los procedimientos de la PTA del Estado de California.<\/li>\n<li>Cumplir con los requisitos de declaraci\u00f3n legal de las agencias estatales y federales<\/li>\n<li>Cumplir con otros criterios prescritos por la PTA del Estado de California<\/li>\n<\/ul>\n<p style=\"text-align: center;\"><strong>(Ver: Estatutos de la Unidad de la PTA, Art\u00edculo IX, Secciones 1, 2)<\/strong><\/p>\n<\/div>\n","protected":false},"excerpt":{"rendered":"<p>Como miembro de la mesa directiva ejecutiva de la PTA, usted supervisa los planes, eventos y actividades que marcan la diferencia en su comunidad. Es por eso que saber m\u00e1s sobre la estructura de una mesa directiva y c\u00f3mo funciona como organizaci\u00f3n sin fines de lucro 501 (c) (3) lo ayudar\u00e1 a administrar su PTA [&hellip;]<\/p>\n","protected":false},"author":8,"featured_media":0,"parent":4983,"menu_order":0,"comment_status":"closed","ping_status":"closed","template":"","meta":{"footnotes":""},"class_list":["post-5415","page","type-page","status-publish","hentry","entry"],"_links":{"self":[{"href":"https:\/\/toolkit.capta.org\/es\/wp-json\/wp\/v2\/pages\/5415","targetHints":{"allow":["GET"]}}],"collection":[{"href":"https:\/\/toolkit.capta.org\/es\/wp-json\/wp\/v2\/pages"}],"about":[{"href":"https:\/\/toolkit.capta.org\/es\/wp-json\/wp\/v2\/types\/page"}],"author":[{"embeddable":true,"href":"https:\/\/toolkit.capta.org\/es\/wp-json\/wp\/v2\/users\/8"}],"replies":[{"embeddable":true,"href":"https:\/\/toolkit.capta.org\/es\/wp-json\/wp\/v2\/comments?post=5415"}],"version-history":[{"count":4,"href":"https:\/\/toolkit.capta.org\/es\/wp-json\/wp\/v2\/pages\/5415\/revisions"}],"predecessor-version":[{"id":9925,"href":"https:\/\/toolkit.capta.org\/es\/wp-json\/wp\/v2\/pages\/5415\/revisions\/9925"}],"up":[{"embeddable":true,"href":"https:\/\/toolkit.capta.org\/es\/wp-json\/wp\/v2\/pages\/4983"}],"wp:attachment":[{"href":"https:\/\/toolkit.capta.org\/es\/wp-json\/wp\/v2\/media?parent=5415"}],"curies":[{"name":"wp","href":"https:\/\/api.w.org\/{rel}","templated":true}]}}