{"id":5420,"date":"2013-11-15T21:36:59","date_gmt":"2013-11-16T05:36:59","guid":{"rendered":"http:\/\/toolkit.capta.org\/running-your-pta\/planning-organizing\/executive-board\/"},"modified":"2019-06-28T11:01:50","modified_gmt":"2019-06-28T18:01:50","slug":"executive-board","status":"publish","type":"page","link":"https:\/\/toolkit.capta.org\/es\/running-your-pta\/planning-organizing\/executive-board\/","title":{"rendered":"Mesa Directiva Ejecutiva"},"content":{"rendered":"<p>Miembros de la Mesa Directiva: los estatutos de la unidad describen la estructura y las regulaciones espec\u00edficas para regir una PTA. Los puestos de los oficiales y los miembros de una mesa directiva ejecutiva, por ejemplo, se identifican en los Estatutos y pueden incluir<\/p>\n<ul>\n<li>Oficiales<\/li>\n<li>Los presidentes de los comit\u00e9s permanentes<\/li>\n<li>Director de la escuela o representante<\/li>\n<li>Representante del maestro<\/li>\n<li>Representante de los estudiantes<\/li>\n<\/ul>\n<p>Cada unidad debe incluir ciertos cargos en los Estatutos. Sin embargo, los l\u00edderes de la PTA del distrito pueden trabajar con una unidad para ayudar a garantizar que una mesa directiva refleje las necesidades de una PTA en particular y su comunidad.<\/p>\n<p>Por ejemplo, si una unidad tiene un n\u00famero peque\u00f1o de miembros, los l\u00edderes de distrito pueden ofrecer consejos sobre c\u00f3mo reducir el tama\u00f1o de su mesa directiva por medio de la modificaci\u00f3n de los Estatutos, siguiendo el proceso de revisi\u00f3n y aprobaci\u00f3n de la PTA del Estado de California.<\/p>\n<p><strong>Reuniones<\/strong> &#8211; Una mesa directiva ejecutiva de la PTA se re\u00fane cada mes durante el a\u00f1o escolar. Y, estas reuniones de la mesa est\u00e1n programadas dos semanas antes de las reuniones de asociaci\u00f3n de los miembros en general. Esto garantiza que sus miembros reciban un aviso por escrito con anticipaci\u00f3n de todos los asuntos que se presentaran para que sean considerados y se haga una votaci\u00f3n en la reuni\u00f3n de la asociaci\u00f3n.<\/p>\n<p>Adem\u00e1s, se debe dar a los miembros un resumen de las acciones tomadas por la mesa directiva ejecutiva en la pr\u00f3xima reuni\u00f3n de la asociaci\u00f3n. Por lo general, estas acciones tambi\u00e9n requieren r aprobaci\u00f3n o ratificaci\u00f3n por parte de la asociaci\u00f3n.<\/p>\n<p>Las acciones que requieren la aprobaci\u00f3n de la asociaci\u00f3n se encuentran en los Estatutos. Incluyen la aprobaci\u00f3n de los programas, proyectos y presupuesto propuesto para el a\u00f1o, as\u00ed como la aprobaci\u00f3n de los gastos.<\/p>\n<p>Tambi\u00e9n tenga en cuenta que las reuniones y actas de la mesa directiva ejecutiva son confidenciales y la asistencia se limita a aquellas personas cuyos puestos se mencionan espec\u00edficamente en los Estatutos.<\/p>\n<p>Para que otros participen en una reuni\u00f3n de la junta, deben ser invitados a asistir y el presidente les debe otorgar un asiento de cortes\u00eda. Como invitado, pueden compartir informaci\u00f3n con el grupo. Sin embargo, no participan en las discusiones ni en las votaciones y deben abandonar la reuni\u00f3n despu\u00e9s de proporcionar informaci\u00f3n a la mesa.<\/p>\n<p>Crear comit\u00e9s para trabajar en tareas asignadas y actividades espec\u00edficas es una manera \u00fatil para que una mesa directiva complete su trabajo y logre sus objetivos de manera m\u00e1s eficiente. (Ver: Desarrollo de Comit\u00e9 y Directrices).<\/p>\n","protected":false},"excerpt":{"rendered":"<p>Miembros de la Mesa Directiva: los estatutos de la unidad describen la estructura y las regulaciones espec\u00edficas para regir una PTA. Los puestos de los oficiales y los miembros de una mesa directiva ejecutiva, por ejemplo, se identifican en los Estatutos y pueden incluir Oficiales Los presidentes de los comit\u00e9s permanentes Director de la escuela [&hellip;]<\/p>\n","protected":false},"author":8,"featured_media":0,"parent":4983,"menu_order":0,"comment_status":"closed","ping_status":"closed","template":"","meta":{"footnotes":""},"class_list":["post-5420","page","type-page","status-publish","hentry","entry"],"_links":{"self":[{"href":"https:\/\/toolkit.capta.org\/es\/wp-json\/wp\/v2\/pages\/5420","targetHints":{"allow":["GET"]}}],"collection":[{"href":"https:\/\/toolkit.capta.org\/es\/wp-json\/wp\/v2\/pages"}],"about":[{"href":"https:\/\/toolkit.capta.org\/es\/wp-json\/wp\/v2\/types\/page"}],"author":[{"embeddable":true,"href":"https:\/\/toolkit.capta.org\/es\/wp-json\/wp\/v2\/users\/8"}],"replies":[{"embeddable":true,"href":"https:\/\/toolkit.capta.org\/es\/wp-json\/wp\/v2\/comments?post=5420"}],"version-history":[{"count":2,"href":"https:\/\/toolkit.capta.org\/es\/wp-json\/wp\/v2\/pages\/5420\/revisions"}],"predecessor-version":[{"id":9923,"href":"https:\/\/toolkit.capta.org\/es\/wp-json\/wp\/v2\/pages\/5420\/revisions\/9923"}],"up":[{"embeddable":true,"href":"https:\/\/toolkit.capta.org\/es\/wp-json\/wp\/v2\/pages\/4983"}],"wp:attachment":[{"href":"https:\/\/toolkit.capta.org\/es\/wp-json\/wp\/v2\/media?parent=5420"}],"curies":[{"name":"wp","href":"https:\/\/api.w.org\/{rel}","templated":true}]}}