{"id":5447,"date":"2013-10-04T09:09:53","date_gmt":"2013-10-04T16:09:53","guid":{"rendered":"http:\/\/toolkit.capta.org\/running-your-pta\/planning-organizing\/goal-setting\/"},"modified":"2019-06-28T11:24:51","modified_gmt":"2019-06-28T18:24:51","slug":"goal-setting","status":"publish","type":"page","link":"https:\/\/toolkit.capta.org\/es\/running-your-pta\/planning-organizing\/goal-setting\/","title":{"rendered":"Establecimiento de metas"},"content":{"rendered":"<p>Establecer metas para su unidad le ayuda a trabajar de manera m\u00e1s inteligente en la planificaci\u00f3n y organizaci\u00f3n del a\u00f1o de la PTA. Sirve como gu\u00eda para mantenerlos orientados como miembros de la mesa directiva con prioridades compartidas para que se enfoquen en lograr y evaluar colectivamente.<\/p>\n<p>Tres, tipos de metas b\u00e1sicas a considerar son:<\/p>\n<p><strong><em>Metas a corto plazo:<\/em><\/strong>Completar ahora (a partir de hoy y dentro de dos semanas)<\/p>\n<p><strong><em>Metas a mediano plazo:<\/em><\/strong> Completar entre medio de las metas de corto y largo plazo<\/p>\n<p><strong><em>Metas a largo plazo: <\/em><\/strong>Completar al final del termino<\/p>\n<p><strong>PLANIFICACI\u00d3N<\/strong><\/p>\n<p>Establecer una o dos metas con diez formas de alcanzar cada una es mejor que establecer diez metas con solo una o dos maneras de llegar all\u00ed.<\/p>\n<p>Cuando comience a planificar como mesa directiva, t\u00f3mese el tiempo para aprender m\u00e1s sobre los intereses, preocupaciones y necesidades actuales de la comunidad escolar. Esto se puede hacer mediante una breve encuesta o con una caga de sugerencias en l\u00ednea o en persona. Tambi\u00e9n se puede obtener durante una lluvia de ideas en una reuni\u00f3n de la asociaci\u00f3n.<\/p>\n<p>Al evaluar los comentarios de la comunidad, los miembros de la junta trabajan juntos para determinar:<\/p>\n<ul>\n<li>\u00bfPromover\u00e1 la sugerencia los prop\u00f3sitos y las pol\u00edticas b\u00e1sicas de la PTA?<\/li>\n<li>\u00bfLa idea aborda una preocupaci\u00f3n v\u00e1lida o una necesidad real en la comunidad? O, \u00bfotra organizaci\u00f3n ya est\u00e1 trabajando en ese tema?<\/li>\n<\/ul>\n<p>Si es as\u00ed, considere unirse a una coalici\u00f3n existente para no tener que reinventar las cosas. (Ver: Unirse, Construir y Hacer que las Coaliciones Funcionen).<\/p>\n<ul>\n<li>\u00bfEs la idea rentable y factible? \u00bfPodemos invertir suficiente tiempo, dinero y recursos para que esto suceda?<\/li>\n<\/ul>\n<p><strong>5 Pasos de Planificaci\u00f3n<\/strong><\/p>\n<ol>\n<li>Investigar &#8211; \u00bfQu\u00e9 necesitan o quieren nuestros miembros?<\/li>\n<li>Metas &#8211; \u00bfQu\u00e9 quiere lograr la unidad?<\/li>\n<li>Objetivos: \u00bfQu\u00e9 se necesita para alcanzar nuestra meta?<\/li>\n<li>Plan de Acci\u00f3n: \u00bfqui\u00e9n hace qu\u00e9, cu\u00e1ndo y c\u00f3mo?<\/li>\n<li>Evaluar &#8211; \u00bfC\u00f3mo podemos saber que fue exitoso?<\/li>\n<\/ol>\n<p><strong>POSIBLES METAS PARA EL A\u00d1O<\/strong><\/p>\n<p>Para ayudarlo a comenzar, aqu\u00ed hay algunas ideas sobre posibles metas que pude establecer para la planificaci\u00f3n del a\u00f1o de la PTA:<\/p>\n<ul>\n<li>Aumentar los miembros de la unidad<\/li>\n<li>Mejorar la promoci\u00f3n y la comunicacion<\/li>\n<li>Construir asociaciones m\u00e1s fuertes entre la familia y la escuela.<\/li>\n<li>Promover los beneficios y actividades de la PTA<\/li>\n<li>Involucrar a las familias de todos los vecindario<\/li>\n<li>Abogar por la seguridad del plantel escolar<\/li>\n<li>Celebrar la diversidad y practicar la inclusi\u00f3n<\/li>\n<li>Mejorar la salud y el bienestar de los estudiantes<\/li>\n<\/ul>\n<p>Despu\u00e9s de seleccionar las metas de su unidad, los miembros de la mesa directiva colaboran para desarrollar los objetivos principales junto con un plan de acci\u00f3n para alcanzar las metas.<\/p>\n","protected":false},"excerpt":{"rendered":"<p>Establecer metas para su unidad le ayuda a trabajar de manera m\u00e1s inteligente en la planificaci\u00f3n y organizaci\u00f3n del a\u00f1o de la PTA. Sirve como gu\u00eda para mantenerlos orientados como miembros de la mesa directiva con prioridades compartidas para que se enfoquen en lograr y evaluar colectivamente. Tres, tipos de metas b\u00e1sicas a considerar son: [&hellip;]<\/p>\n","protected":false},"author":8,"featured_media":0,"parent":4983,"menu_order":0,"comment_status":"closed","ping_status":"closed","template":"","meta":{"footnotes":""},"class_list":["post-5447","page","type-page","status-publish","hentry","entry"],"_links":{"self":[{"href":"https:\/\/toolkit.capta.org\/es\/wp-json\/wp\/v2\/pages\/5447","targetHints":{"allow":["GET"]}}],"collection":[{"href":"https:\/\/toolkit.capta.org\/es\/wp-json\/wp\/v2\/pages"}],"about":[{"href":"https:\/\/toolkit.capta.org\/es\/wp-json\/wp\/v2\/types\/page"}],"author":[{"embeddable":true,"href":"https:\/\/toolkit.capta.org\/es\/wp-json\/wp\/v2\/users\/8"}],"replies":[{"embeddable":true,"href":"https:\/\/toolkit.capta.org\/es\/wp-json\/wp\/v2\/comments?post=5447"}],"version-history":[{"count":3,"href":"https:\/\/toolkit.capta.org\/es\/wp-json\/wp\/v2\/pages\/5447\/revisions"}],"predecessor-version":[{"id":9927,"href":"https:\/\/toolkit.capta.org\/es\/wp-json\/wp\/v2\/pages\/5447\/revisions\/9927"}],"up":[{"embeddable":true,"href":"https:\/\/toolkit.capta.org\/es\/wp-json\/wp\/v2\/pages\/4983"}],"wp:attachment":[{"href":"https:\/\/toolkit.capta.org\/es\/wp-json\/wp\/v2\/media?parent=5447"}],"curies":[{"name":"wp","href":"https:\/\/api.w.org\/{rel}","templated":true}]}}