{"id":5451,"date":"2013-10-04T09:12:53","date_gmt":"2013-10-04T16:12:53","guid":{"rendered":"http:\/\/toolkit.capta.org\/running-your-pta\/planning-organizing\/procedure-book\/"},"modified":"2019-06-28T11:25:57","modified_gmt":"2019-06-28T18:25:57","slug":"procedure-book","status":"publish","type":"page","link":"https:\/\/toolkit.capta.org\/es\/running-your-pta\/planning-organizing\/procedure-book\/","title":{"rendered":"Libro de procedimientos"},"content":{"rendered":"<p>Cada oficial y presidente es responsable de proporcionar informaci\u00f3n y materiales para transmitir a su sucesor al final del per\u00edodo. El suministro de estos recursos ayuda a garantizar que una PTA pueda continuar prosperando como organizaci\u00f3n.<\/p>\n<p>Cuando se organiza y revisa, todo el material relacionado con una oficina o comit\u00e9 de la PTA se conoce como Libro de Procedimientos. Contiene elementos y detalles para pintar una imagen de lo requerido del puesto, c\u00f3mo se realiz\u00f3 el trabajo y lo que se logr\u00f3 durante el a\u00f1o.<\/p>\n<p>Estos materiales pueden conservarse y transmitirse en una carpeta, en una unidad flash o como archivos electr\u00f3nicos almacenados en la nube para acceder y descargar.<\/p>\n<p>Los libros de procedimientos est\u00e1n etiquetados con el puesto de la PTA o el nombre del comit\u00e9; el nombre de la unidad, el consejo, si est\u00e1 en consejo, y el distrito de la PTA; y, una lista de los oficiales\/presidentes anteriores con las fechas de servicio e informaci\u00f3n de contacto.<\/p>\n<p>Tambi\u00e9n deben contener la siguiente declaraci\u00f3n:<\/p>\n<p>\u00abEste Libro de Procedimientos es propiedad de _________ [nombre de la unidad] y se debe entregar al nuevo oficial\/presidente final del t\u00e9rmino\u00bb.<\/p>\n<p>Para comenzar bien el a\u00f1o, un Libro de Procedimientos contiene:<\/p>\n<ol>\n<li>Lista de la mesa directiva ejecutiva<\/li>\n<li>Descripci\u00f3n de Funciones (ver: Descripciones de Funciones en la Carpeta de Herramientas de la PTA del Estado de California)<\/li>\n<li>Estatutos de Unidad actuales yReglas Permanentes<\/li>\n<li>Agendas y Actas de las Reuniones.<\/li>\n<li>PTA calendario de eventos y\/o tareas mensuales.<\/li>\n<li>Presupuesto e informaci\u00f3n financiera.<\/li>\n<li>Informes del Oficial\/Presidente<\/li>\n<li>Informaci\u00f3n de conferencias y talleres.<\/li>\n<li>Comunicaci\u00f3n\/informaci\u00f3n relevante y boletines.<\/li>\n<li>Informaci\u00f3n de contacto de socios de la comunidad y comerciales.<\/li>\n<\/ol>\n<p>Proporcionar un resumen de lo que funcion\u00f3 bien y sugerir formas de mejorarlo tambi\u00e9n son cosas \u00fatiles de incluir a un Libro de Procedimientos para su sucesor.<\/p>\n<div>\n<div class=\"spotlightbox\">\n<p><strong>Tenga en cuenta:<\/strong> Los Libros de Procedimientos pertenecen a una PTA y no deben considerarse como propiedad personal individual de voluntarios<\/p>\n<\/div>\n<\/div>\n","protected":false},"excerpt":{"rendered":"<p>Cada oficial y presidente es responsable de proporcionar informaci\u00f3n y materiales para transmitir a su sucesor al final del per\u00edodo. El suministro de estos recursos ayuda a garantizar que una PTA pueda continuar prosperando como organizaci\u00f3n. Cuando se organiza y revisa, todo el material relacionado con una oficina o comit\u00e9 de la PTA se conoce [&hellip;]<\/p>\n","protected":false},"author":8,"featured_media":0,"parent":4983,"menu_order":0,"comment_status":"closed","ping_status":"closed","template":"","meta":{"footnotes":""},"class_list":["post-5451","page","type-page","status-publish","hentry","entry"],"_links":{"self":[{"href":"https:\/\/toolkit.capta.org\/es\/wp-json\/wp\/v2\/pages\/5451","targetHints":{"allow":["GET"]}}],"collection":[{"href":"https:\/\/toolkit.capta.org\/es\/wp-json\/wp\/v2\/pages"}],"about":[{"href":"https:\/\/toolkit.capta.org\/es\/wp-json\/wp\/v2\/types\/page"}],"author":[{"embeddable":true,"href":"https:\/\/toolkit.capta.org\/es\/wp-json\/wp\/v2\/users\/8"}],"replies":[{"embeddable":true,"href":"https:\/\/toolkit.capta.org\/es\/wp-json\/wp\/v2\/comments?post=5451"}],"version-history":[{"count":3,"href":"https:\/\/toolkit.capta.org\/es\/wp-json\/wp\/v2\/pages\/5451\/revisions"}],"predecessor-version":[{"id":9928,"href":"https:\/\/toolkit.capta.org\/es\/wp-json\/wp\/v2\/pages\/5451\/revisions\/9928"}],"up":[{"embeddable":true,"href":"https:\/\/toolkit.capta.org\/es\/wp-json\/wp\/v2\/pages\/4983"}],"wp:attachment":[{"href":"https:\/\/toolkit.capta.org\/es\/wp-json\/wp\/v2\/media?parent=5451"}],"curies":[{"name":"wp","href":"https:\/\/api.w.org\/{rel}","templated":true}]}}