{"id":5459,"date":"2013-10-04T09:34:10","date_gmt":"2013-10-04T16:34:10","guid":{"rendered":"http:\/\/toolkit.capta.org\/running-your-pta\/planning-organizing\/involving-school-administrators-and-school-community\/"},"modified":"2016-01-26T14:34:46","modified_gmt":"2016-01-26T22:34:46","slug":"involving-school-administrators-and-school-community","status":"publish","type":"page","link":"https:\/\/toolkit.capta.org\/es\/running-your-pta\/planning-organizing\/involving-school-administrators-and-school-community\/","title":{"rendered":"Involucre a los administradores de la escuela y a la communidad escolar"},"content":{"rendered":"<p>Ya sea que est\u00e9n a nivel del condado, del distrito escolar o de la escuela local, los administradores pueden ayudar a asegurar de que la PTA est\u00e1 siempre informada y participa activamente en la comunidad escolar. Los l\u00edderes y los miembros de la PTA a menudo se gu\u00edan por el consejo del administrador. Para el \u00e9xito de la PTA, son vitales el apoyo activo, la cooperaci\u00f3n y la direcci\u00f3n del administrador.<\/p>\n<p>Los administradores deben:<\/p>\n<ul>\n<li>Familiar\u00edcese con los Prop\u00f3sitos y las pol\u00edticas b\u00e1sicas de la PTA y su interpretaci\u00f3n a trav\u00e9s de publicaciones como la <em>Carpeta de recursos de la PTA de California<\/em>.<\/li>\n<li>Motive a los docentes, al personal, a los padres y a los estudiantes para que se unan y participen en la PTA.<\/li>\n<li>Invite a los docentes y al personal para que aporten ideas a los programas y a los proyectos.<\/li>\n<li>Ayude a la PTA a acercarse a la comunidad y a los l\u00edderes de empresas locales, ya sea como miembros potenciales para crear una coalici\u00f3n o como fuente de recursos.<\/li>\n<li>Promueva el desarrollo de los miembros de la PTA y la distribuci\u00f3n de paquetes informativos a padres de estudiantes nuevos que se inscriben en las escuelas y a la comunidad en general.<\/li>\n<li>Informe a la PTA sobre las pol\u00edticas distritales de la escuela en cuanto a visitas a las aulas, giras educativas, fiestas de clase, participaci\u00f3n de los padres, informaci\u00f3n de la direcci\u00f3n, etc.<\/li>\n<li>Participe en las reuniones y en los eventos de la PTA.<\/li>\n<\/ul>\n<div>\n<div class=\"spotlightbox\">\n<p>Comparta con los colegas correspondientes la secci\u00f3n de <a href=\"https:\/\/toolkit.capta.org\/es\/running-your-pta\/basic-policies\/working-with-the-schools\/\">El uso de las instalaciones escolares por parte de la PTA<\/a> y los panfletos \u201cJuntos en la educaci\u00f3n\u201d, que se adjuntan en la secci\u00f3n de Formularios.<\/p>\n<p style=\"padding-left: 30px;\">&#8211; <a href=\"http:\/\/downloads.capta.org\/toolkit\/formularios\/LaJuntaEscolarYLaPTA.pdf\" target=\"_blank\">La junta escolar y la PTA<\/a><br \/>\n&#8211; <a href=\"http:\/\/downloads.capta.org\/toolkit\/formularios\/ElAdministradorDelSitioYLaPTA.pdf\">El administrador escolar y la PTA<\/a><br \/>\n&#8211; <a href=\"http:\/\/downloads.capta.org\/toolkit\/formularios\/ElSuperintendenteYLaPTA.pdf\">El superintendente y la PTA<\/a><br \/>\n&#8211; <a href=\"http:\/\/downloads.capta.org\/toolkit\/formularios\/LosMaestrosYLaPTA.pdf\" target=\"_blank\">El maestro y la PTA<\/a><\/p>\n<\/div>\n<\/div>\n<p><strong>El trabajo con el presidente de la PTA<\/strong><\/p>\n<p>Los administradores deben:<\/p>\n<ul>\n<li>Reunirse con el presidente o con el presidente electo de la PTA para establecer los medios de comunicaci\u00f3n y programar reuniones regulares a lo largo del a\u00f1o.<\/li>\n<li>Invitar al presidente a las reuniones de personal cuando sea pertinente.<\/li>\n<li>Revisar los objetivos y el plan anual de la escuela\/distrito.<\/li>\n<li>Hablar sobre las oportunidades de trabajar en conjunto con la PTA en \u00e1reas que sean de inter\u00e9s para los miembros y que se relacionen con las necesidades locales (destrezas de los padres, salud, seguridad, relaci\u00f3n entre el hogar y la escuela y asuntos de educaci\u00f3n).<\/li>\n<li>Ofrezca sus sugerencias acerca de presentaciones, oradores profesionales y recursos de la comunidad.<\/li>\n<\/ul>\n<p><strong>El trabajo con los funcionarios y con los comit\u00e9s<\/strong><\/p>\n<p>Los administradores deben reunirse con los comit\u00e9s de la PTA para dar apoyo en la planificaci\u00f3n de eventos y programas al encargarse de conseguir lugares de reuni\u00f3n y uso de instalaciones y equipos. Se puede requerir a las PTA que tengan en archivo permisos de uso de instalaciones de la escuela distrital.<\/p>\n<p>Un acuerdo de indemnidad implica que el firmante asume toda la responsabilidad de una instalaci\u00f3n mientras la use. Muchos de los Permisos de uso de instalaciones del distrito escolar incluyen un Acuerdo de indemnidad que, si se firman, quieren decir que la PTA asume la responsabilidad total de esa instalaci\u00f3n mientras la PTA la use, sea que la causa de una lesi\u00f3n o accidente se deba a cualquier circunstancia que est\u00e9 o no bajo el control de la PTA. Si el distrito escolar solicita a la PTA que firme una cl\u00e1usula de este tipo para el uso de instalaciones escolares, debe contactar al agente de seguros de la PTA de California. Si el agente le indica que firme el Ap\u00e9ndice al Permiso para el Uso de las Instalaciones (Formularios), consulte la secci\u00f3n de Formularios de esta <em>Carpeta de recursos<\/em>. (<a href=\"https:\/\/toolkit.capta.org\/es\/running-your-pta\/basic-policies\/working-with-the-schools\/\">El uso de las instalaciones escolares por parte de la PTA<\/a>)<\/p>\n<p>El administrador del lugar funge como consejero del comit\u00e9 de nominaciones o puede ser elegido para que funja como miembro del comit\u00e9.<\/p>\n<p>El administrador debe reunirse con el comit\u00e9 de presupuesto para ayudar a elaborar el presupuesto de la PTA. El presupuesto de la PTA debe reflejar sus metas, incluyendo los programas y los proyectos. Por lo tanto, los art\u00edculos escolares que debe proveer la escuela o la escuela distrital (plan de estudios, equipo, etc.) no deben reflejarse en el presupuesto de la PTA.<\/p>\n<p><strong>Promueva la participaci\u00f3n Familiar<\/strong><\/p>\n<p>El administrador debe:<\/p>\n<ul>\n<li>Promover programas y proyectos patrocinados por la PTA para la participaci\u00f3n familiar.<\/li>\n<li>Motivar y promover un programa de voluntariado de la PTA donde sea necesario: la biblioteca, el aula, con el profesor de arte, en los laboratorios de c\u00f3mputo, etc.<\/li>\n<li>Motivar a los miembros de la PTA para que participen en reuniones y talleres patrocinados por la PTA de California y sus consejos y distritos.<\/li>\n<li>Motivar a los miembros de la PTA para que participen en talleres y sesiones de capacitaci\u00f3n patrocinados por el distrito escolar, las oficinas escolares del condado y las organizaciones comunitarias, con el fin de que est\u00e9n informados sobre temas relacionados con la ni\u00f1ez.<\/li>\n<li>Involucrar a los padres en el desarrollo profesional, el planeamiento y la implementaci\u00f3n de programas y eventos.<\/li>\n<li>Promover la defensa activa.<\/li>\n<li>Motivar la participaci\u00f3n de la PTA en grupos escolares o del distrito, comit\u00e9s consultivos y grupos de servicios comunitarios.<\/li>\n<li>Motivar a la PTA para que estudie al gobierno local y los asuntos legislativos del Estado y para que se informe sobre la posici\u00f3n de la PTA con respecto a ellos.<\/li>\n<li>Apoyar la participaci\u00f3n familiar en el establecimiento de objetivos educativos para la escuela o el distrito, en conjunto con los distritos, consejos y asociaciones de la PTA.<\/li>\n<li>Motivar a los miembros de la PTA para que participen en las reuniones de la junta directiva escolar y en las del gobierno local para enterarse de asuntos relacionados con la ni\u00f1ez, la juventud y la familia.<\/li>\n<\/ul>\n<p><strong>Comunicaci\u00f3n fluida<\/strong><\/p>\n<p>Para la PTA es importante mantener una comunicaci\u00f3n peri\u00f3dica con los padres. El m\u00e9todo m\u00e1s com\u00fan es un bolet\u00edn informativo, que se produce en conjunto con el administrador de la escuela. Si la PTA no publica este bolet\u00edn, se pueden hacer los arreglos necesarios para compartir avisos o boletines preparados por la escuela.<\/p>\n<p>El administrador debe velar por que la informaci\u00f3n de la escuela sea precisa, cumpla con el C\u00f3digo Estatal de Educaci\u00f3n y las pol\u00edticas del distrito escolar. El presidente de la PTA debe velar por que la informaci\u00f3n de la PTA sea precisa y que cumpla sus pol\u00edticas.<\/p>\n<p><strong>Autoevaluaci\u00f3n<\/strong><\/p>\n<p style=\"text-align: center;\"><em>Principal<\/em><\/p>\n<p>\u00bfAsiste a las reuniones de la PTA, incluidas las de la junta ejecutiva?<\/p>\n<p>\u00bfDestina tiempo para planear con el presidente de la PTA?<\/p>\n<p>\u00bfLe informa al presidente de la PTA de los planes y necesidades de su escuela?<\/p>\n<p>\u00bfSiente, a un nivel personal, que conoce y entiende el programa de la PTA?<\/p>\n<p>\u00bfMotiva a los docentes para que participen en las reuniones de la PTA y para que asistan a las reuniones?<\/p>\n<p>\u00bfSe cuida de no ejercer control sobre la PTA?<\/p>\n<p>\u00bfHace sentir a la PTA bienvenida y parte de la escuela?<\/p>\n<p>\u00bfInvita al presidente de la PTA a participar en algunas de las reuniones del personal?<\/p>\n<p>\u00bfCoopera con la PTA para que utilicen las instalaciones escolares?<\/p>\n<p style=\"text-align: center;\"><em>Presidente de la PTA<\/em><\/p>\n<p>\u00bfInvita al director a todas las reuniones y actividades de la PTA?<\/p>\n<p>\u00bfAl iniciar el curso lectivo, consulta al director sobre todos los planes?<\/p>\n<p>\u00bfSiempre busca la manera de comprender mejor a su escuela?<\/p>\n<p>\u00bfOrganiza algunos de los programas de la PTA con base en los programas escolares?<\/p>\n<p>\u00bfSe cuida de no exigir demasiado tiempo del personal escolar?<\/p>\n<p>\u00bfSe cuida de no interrumpir ni interferir con el programa escolar?<\/p>\n<p>\u00bfMantiene sus asuntos personales y conflictos de personalidad fuera de la PTA?<\/p>\n<p>\u00bfEs un buen administrador?<\/p>\n<p>\u00bfEs amigable con todo el mundo: el personal de la escuela y los miembros de la PTA?<\/p>\n<p>\u00bfTrabaja bien con otros y reconoce el buen trabajo de los dem\u00e1s cuando se debe?<\/p>\n<p>\u00bfSeg\u00fan su perfil, c\u00f3mo desempe\u00f1a sus funciones?<\/p>\n<div class=\"spotlightbox\">\n<p>Es \u00fatil analizar su propio desempe\u00f1o para identificar las \u00e1reas en las que debe mejorar y aprender a desarrollar nuevas destrezas. En una escala de 1 a 5, en la que \u201c5\u201d representa \u201cla mejor actuaci\u00f3n\u201d, \u00bfc\u00f3mo se evaluar\u00eda usted o c\u00f3mo evaluar\u00eda a los dem\u00e1s?<\/p>\n<\/div>\n","protected":false},"excerpt":{"rendered":"<p>Ya sea que est\u00e9n a nivel del condado, del distrito escolar o de la escuela local, los administradores pueden ayudar a asegurar de que la PTA est\u00e1 siempre informada y participa activamente en la comunidad escolar. Los l\u00edderes y los miembros de la PTA a menudo se gu\u00edan por el consejo del administrador. Para el [&hellip;]<\/p>\n","protected":false},"author":8,"featured_media":0,"parent":4983,"menu_order":0,"comment_status":"closed","ping_status":"closed","template":"","meta":{"footnotes":""},"class_list":["post-5459","page","type-page","status-publish","hentry","entry"],"_links":{"self":[{"href":"https:\/\/toolkit.capta.org\/es\/wp-json\/wp\/v2\/pages\/5459","targetHints":{"allow":["GET"]}}],"collection":[{"href":"https:\/\/toolkit.capta.org\/es\/wp-json\/wp\/v2\/pages"}],"about":[{"href":"https:\/\/toolkit.capta.org\/es\/wp-json\/wp\/v2\/types\/page"}],"author":[{"embeddable":true,"href":"https:\/\/toolkit.capta.org\/es\/wp-json\/wp\/v2\/users\/8"}],"replies":[{"embeddable":true,"href":"https:\/\/toolkit.capta.org\/es\/wp-json\/wp\/v2\/comments?post=5459"}],"version-history":[{"count":4,"href":"https:\/\/toolkit.capta.org\/es\/wp-json\/wp\/v2\/pages\/5459\/revisions"}],"predecessor-version":[{"id":7549,"href":"https:\/\/toolkit.capta.org\/es\/wp-json\/wp\/v2\/pages\/5459\/revisions\/7549"}],"up":[{"embeddable":true,"href":"https:\/\/toolkit.capta.org\/es\/wp-json\/wp\/v2\/pages\/4983"}],"wp:attachment":[{"href":"https:\/\/toolkit.capta.org\/es\/wp-json\/wp\/v2\/media?parent=5459"}],"curies":[{"name":"wp","href":"https:\/\/api.w.org\/{rel}","templated":true}]}}