{"id":5463,"date":"2013-10-04T09:37:27","date_gmt":"2013-10-04T16:37:27","guid":{"rendered":"http:\/\/toolkit.capta.org\/running-your-pta\/planning-organizing\/responsibilities-of-officers-and-chairman\/"},"modified":"2019-06-28T11:54:32","modified_gmt":"2019-06-28T18:54:32","slug":"responsibilities-of-officers-and-chairman","status":"publish","type":"page","link":"https:\/\/toolkit.capta.org\/es\/running-your-pta\/planning-organizing\/responsibilities-of-officers-and-chairman\/","title":{"rendered":"Responsabilidades de los oficiales y Presidentes"},"content":{"rendered":"<p>Al administrar una PTA, los miembros de la mesa directiva ejecutiva asumen ciertas responsabilidades tan pronto como son elegidos o nombrados. Se espera que:<\/p>\n<ul>\n<li>Trabajen en colaboraci\u00f3n y cumplir los deberes del cargo<\/li>\n<li>Defender las pol\u00edticas y procedimientos de la PTA del Estado de California y la PTA Nacional<\/li>\n<li>Estudiar y acatar los Estatutos y las Reglas Permanentes de la unidad<\/li>\n<li>Participar en reuniones, completar tareas y cumplir con las fechas de vencimiento<\/li>\n<li>Mantener la confidencialidad a bordo del negocio.<\/li>\n<li>Proteger la privacidad de los miembros al no permitir la distribuci\u00f3n de las listas de los miembros a intereses externos o negocios<\/li>\n<li>Proporcionar una cuenta precisa y detallada de los fondos que se les conf\u00eden<\/li>\n<li>Fomentar el liderazgo sirviendo como mentor de nuevos l\u00edderes<\/li>\n<li>Asistir a conferencias, talleres y convenciones<\/li>\n<li>Actuar como administrador para proteger los activos de una PTA<\/li>\n<\/ul>\n<p><strong>La PTA del Estado de California no reconoce a co-oficiales.<\/strong> \u00abCo-oficial\u00bb implica dos personas de igual rango compartiendo un puesto. En la PTA, solo se puede incluir un nombre para cada cargo y solo un individuo puede votar. Para compartir el trabajo, los Estatutos pueden ser enmendados para incluir oficiales adicionales.<\/p>\n<p>M\u00e1s detalles sobre los deberes de la mesa, la estructura de su unidad y c\u00f3mo funciona se describen en los Estatutos. Tambi\u00e9n puede encontrar detalles sobre el mes para la elecci\u00f3n anual, la fecha en que comienza el per\u00edodo y cuando se elige al comit\u00e9 de nominaciones.<\/p>\n<p>Todos los oficiales y presidentes son responsables de revisar los estatutos, as\u00ed como de mantener un Libro de Procedimientos espec\u00edfico para puesto mientras est\u00e1n en el cargo.<\/p>\n<p>Adem\u00e1s, para comprender mejor los roles tanto \u00a0individual y como el de la mesa directiva, reserve tiempo para revisar los <em>Est\u00e1ndares de Gobernanza Profesional<\/em> en conjunto como mesa directiva ejecutiva.<\/p>\n<p>(Consulte: \u00abEst\u00e1ndares de Gobernanza Profesional\u00bb en la <em>Carpeta de Herramientas de la PTA del Estado California<\/em>, Cap\u00edtulo de formularios)<\/p>\n","protected":false},"excerpt":{"rendered":"<p>Al administrar una PTA, los miembros de la mesa directiva ejecutiva asumen ciertas responsabilidades tan pronto como son elegidos o nombrados. Se espera que: Trabajen en colaboraci\u00f3n y cumplir los deberes del cargo Defender las pol\u00edticas y procedimientos de la PTA del Estado de California y la PTA Nacional Estudiar y acatar los Estatutos y [&hellip;]<\/p>\n","protected":false},"author":8,"featured_media":0,"parent":4983,"menu_order":0,"comment_status":"closed","ping_status":"closed","template":"","meta":{"footnotes":""},"class_list":["post-5463","page","type-page","status-publish","hentry","entry"],"_links":{"self":[{"href":"https:\/\/toolkit.capta.org\/es\/wp-json\/wp\/v2\/pages\/5463","targetHints":{"allow":["GET"]}}],"collection":[{"href":"https:\/\/toolkit.capta.org\/es\/wp-json\/wp\/v2\/pages"}],"about":[{"href":"https:\/\/toolkit.capta.org\/es\/wp-json\/wp\/v2\/types\/page"}],"author":[{"embeddable":true,"href":"https:\/\/toolkit.capta.org\/es\/wp-json\/wp\/v2\/users\/8"}],"replies":[{"embeddable":true,"href":"https:\/\/toolkit.capta.org\/es\/wp-json\/wp\/v2\/comments?post=5463"}],"version-history":[{"count":4,"href":"https:\/\/toolkit.capta.org\/es\/wp-json\/wp\/v2\/pages\/5463\/revisions"}],"predecessor-version":[{"id":9933,"href":"https:\/\/toolkit.capta.org\/es\/wp-json\/wp\/v2\/pages\/5463\/revisions\/9933"}],"up":[{"embeddable":true,"href":"https:\/\/toolkit.capta.org\/es\/wp-json\/wp\/v2\/pages\/4983"}],"wp:attachment":[{"href":"https:\/\/toolkit.capta.org\/es\/wp-json\/wp\/v2\/media?parent=5463"}],"curies":[{"name":"wp","href":"https:\/\/api.w.org\/{rel}","templated":true}]}}