{"id":5468,"date":"2013-10-04T09:45:22","date_gmt":"2013-10-04T16:45:22","guid":{"rendered":"http:\/\/toolkit.capta.org\/running-your-pta\/planning-organizing\/professional-governance-standards\/"},"modified":"2019-07-01T15:08:07","modified_gmt":"2019-07-01T22:08:07","slug":"professional-governance-standards","status":"publish","type":"page","link":"https:\/\/toolkit.capta.org\/es\/running-your-pta\/planning-organizing\/professional-governance-standards\/","title":{"rendered":"Est\u00e1ndares de Gobernanza Profesional"},"content":{"rendered":"<p>Tanto en las escuelas como en las comunidades, los voluntarios de la PTA son reconocidos como l\u00edderes y defensores. Proporcionan energ\u00eda, perspectivas y habilidades \u00fanicas seg\u00fan sus experiencias de la vida. Compartir el compromiso con la misi\u00f3n de la PTA \u00bb impactar positivamente las vidas de los ni\u00f1os y sus familias\u00bb es la fuerza impulsora detr\u00e1s de sus esfuerzos.<\/p>\n<p>Como miembros de la mesa directiva, los l\u00edderes de la PTA tienen un conjunto especial de responsabilidades para supervisar la administraci\u00f3n de su PTA como una organizaci\u00f3n sin fines de lucro 501 (c) (3) y gobernar de manera responsable en nombre de sus miembros.<\/p>\n<p>Es por eso que la PTA del Estado de California ha adoptado Est\u00e1ndares de Gobernanza Profesional. Estos Est\u00e1ndares describen los principios y responsabilidades clave que los miembros de la mesa directiva deben seguir para administra una PTA.<\/p>\n<p>Se les pide a todas las mesas directivas de unidad, consejo y distrito de la PTA revisar y adoptar los Est\u00e1ndares de Gobernanza Profesional como parte de la orientaci\u00f3n de la mesa directiva y la formaci\u00f3n de equipos al comienzo del per\u00edodo. Sin embargo, la adopci\u00f3n de los Est\u00e1ndares puede tener lugar en cualquier momento.<\/p>\n<p>Para obtener m\u00e1s informaci\u00f3n, descargue los Est\u00e1ndares de Gobernanza Profesional en l\u00ednea en el Juego de herramientas, en Formularios, en <a href=\"http:\/\/www.capta.org\">capta.org<\/a><\/p>\n","protected":false},"excerpt":{"rendered":"<p>Tanto en las escuelas como en las comunidades, los voluntarios de la PTA son reconocidos como l\u00edderes y defensores. Proporcionan energ\u00eda, perspectivas y habilidades \u00fanicas seg\u00fan sus experiencias de la vida. Compartir el compromiso con la misi\u00f3n de la PTA \u00bb impactar positivamente las vidas de los ni\u00f1os y sus familias\u00bb es la fuerza impulsora [&hellip;]<\/p>\n","protected":false},"author":8,"featured_media":0,"parent":4983,"menu_order":0,"comment_status":"closed","ping_status":"closed","template":"","meta":{"footnotes":""},"class_list":["post-5468","page","type-page","status-publish","hentry","entry"],"_links":{"self":[{"href":"https:\/\/toolkit.capta.org\/es\/wp-json\/wp\/v2\/pages\/5468","targetHints":{"allow":["GET"]}}],"collection":[{"href":"https:\/\/toolkit.capta.org\/es\/wp-json\/wp\/v2\/pages"}],"about":[{"href":"https:\/\/toolkit.capta.org\/es\/wp-json\/wp\/v2\/types\/page"}],"author":[{"embeddable":true,"href":"https:\/\/toolkit.capta.org\/es\/wp-json\/wp\/v2\/users\/8"}],"replies":[{"embeddable":true,"href":"https:\/\/toolkit.capta.org\/es\/wp-json\/wp\/v2\/comments?post=5468"}],"version-history":[{"count":3,"href":"https:\/\/toolkit.capta.org\/es\/wp-json\/wp\/v2\/pages\/5468\/revisions"}],"predecessor-version":[{"id":9984,"href":"https:\/\/toolkit.capta.org\/es\/wp-json\/wp\/v2\/pages\/5468\/revisions\/9984"}],"up":[{"embeddable":true,"href":"https:\/\/toolkit.capta.org\/es\/wp-json\/wp\/v2\/pages\/4983"}],"wp:attachment":[{"href":"https:\/\/toolkit.capta.org\/es\/wp-json\/wp\/v2\/media?parent=5468"}],"curies":[{"name":"wp","href":"https:\/\/api.w.org\/{rel}","templated":true}]}}