{"id":5476,"date":"2013-10-04T09:55:22","date_gmt":"2013-10-04T16:55:22","guid":{"rendered":"http:\/\/toolkit.capta.org\/running-your-pta\/planning-organizing\/recommended-officers-and-chairmen\/"},"modified":"2023-08-09T14:35:37","modified_gmt":"2023-08-09T21:35:37","slug":"recommended-officers-and-chairmen","status":"publish","type":"page","link":"https:\/\/toolkit.capta.org\/es\/running-your-pta\/planning-organizing\/recommended-officers-and-chairmen\/","title":{"rendered":"Oficiales y Presidentes que se Recomiendan"},"content":{"rendered":"<p>Como organizaci\u00f3n sin fines de lucro, se requiere que todas las PTAs tengan un presidente, secretario y tesorero. Si bien el n\u00famero y los t\u00edtulos de los oficiales pueden variar a nivel de unidad, consejo y distrito, todos los oficiales se enumeran en los Estatutos de su PTA.<\/p>\n<p><strong>OFICIALES QUE SE RECOMIENDAN<\/strong><\/p>\n<ul>\n<li>Vicepresidente(s)<\/li>\n<li>Secretaria financiera<\/li>\n<li>Secretaria de correspondencia<\/li>\n<li>Historiador<\/li>\n<li>Revisor Financiero<\/li>\n<li>Parlamentario<\/li>\n<\/ul>\n<p><strong>DESCRIPCIONES DE FUNCIONES PARA OFICIALES Y PRESIDENTES<\/strong><\/p>\n<p>Para mantener la continuidad en la administraci\u00f3n de una PTA, el presidente se asegura de que los miembros de la mesa directiva reciban los materiales relevantes, las pautas de trabajo y los Libros de Procedimientos para sus respectivos cargos antes del inicio del nuevo a\u00f1o de la PTA.<\/p>\n<p>La informaci\u00f3n, consejos y estrategias para manejar los puestos de la mesa directiva est\u00e1n disponibles en las \u00abDescripciones de Funciones\u00bb para los oficiales y presidentes en la <em>Carpeta de de Herramientas de la PTA del Estado de California,<\/em> Cap\u00edtulo de Descripciones de Funciones<\/p>\n<p>Estas Descripciones de Funciones fueron desarrolladas por la PTA de California para ser utilizadas y para que las PTAs de unidad, consejo y distrito dependan de ellas. Est\u00e1n destinadas a ayudar a los miembros de la mesa directiva a cumplir con sus obligaciones durante todo el per\u00edodo.<\/p>\n<p>La lista incluye m\u00e1s detalles sobre el alcance de los cargos, incluyendo los requeridos del presidente, el secretario y el tesorero, as\u00ed como de otros 30 puestos.<\/p>\n<p>Tambi\u00e9n se alienta a las PTAs a desarrollar sus propias listas de verificaci\u00f3n para las tareas y actividades de rutina que llevan a cabo los miembros de la mesa directiva en sus cargos. Estos son preparados por los oficiales y\u00a0 presidentes que se van para compartir con sus sucesores.<\/p>\n","protected":false},"excerpt":{"rendered":"<p>Como organizaci\u00f3n sin fines de lucro, se requiere que todas las PTAs tengan un presidente, secretario y tesorero. Si bien el n\u00famero y los t\u00edtulos de los oficiales pueden variar a nivel de unidad, consejo y distrito, todos los oficiales se enumeran en los Estatutos de su PTA. OFICIALES QUE SE RECOMIENDAN Vicepresidente(s) Secretaria financiera [&hellip;]<\/p>\n","protected":false},"author":8,"featured_media":0,"parent":4983,"menu_order":0,"comment_status":"closed","ping_status":"closed","template":"","meta":{"footnotes":""},"class_list":["post-5476","page","type-page","status-publish","hentry","entry"],"_links":{"self":[{"href":"https:\/\/toolkit.capta.org\/es\/wp-json\/wp\/v2\/pages\/5476","targetHints":{"allow":["GET"]}}],"collection":[{"href":"https:\/\/toolkit.capta.org\/es\/wp-json\/wp\/v2\/pages"}],"about":[{"href":"https:\/\/toolkit.capta.org\/es\/wp-json\/wp\/v2\/types\/page"}],"author":[{"embeddable":true,"href":"https:\/\/toolkit.capta.org\/es\/wp-json\/wp\/v2\/users\/8"}],"replies":[{"embeddable":true,"href":"https:\/\/toolkit.capta.org\/es\/wp-json\/wp\/v2\/comments?post=5476"}],"version-history":[{"count":3,"href":"https:\/\/toolkit.capta.org\/es\/wp-json\/wp\/v2\/pages\/5476\/revisions"}],"predecessor-version":[{"id":11118,"href":"https:\/\/toolkit.capta.org\/es\/wp-json\/wp\/v2\/pages\/5476\/revisions\/11118"}],"up":[{"embeddable":true,"href":"https:\/\/toolkit.capta.org\/es\/wp-json\/wp\/v2\/pages\/4983"}],"wp:attachment":[{"href":"https:\/\/toolkit.capta.org\/es\/wp-json\/wp\/v2\/media?parent=5476"}],"curies":[{"name":"wp","href":"https:\/\/api.w.org\/{rel}","templated":true}]}}