{"id":5492,"date":"2013-10-07T14:43:10","date_gmt":"2013-10-07T21:43:10","guid":{"rendered":"http:\/\/toolkit.capta.org\/running-your-pta\/planning-organizing\/committee-development-and-guidelines\/"},"modified":"2023-08-10T13:45:11","modified_gmt":"2023-08-10T20:45:11","slug":"committee-development-and-guidelines","status":"publish","type":"page","link":"https:\/\/toolkit.capta.org\/es\/running-your-pta\/planning-organizing\/committee-development-and-guidelines\/","title":{"rendered":"Desarrollo de los comit\u00e9s y lineamientos"},"content":{"rendered":"<p>Los comit\u00e9s se forman para planear, promover y poner en pr\u00e1ctica las actividades de la PTA. El qu\u00f3rum de un comit\u00e9 es la mayor\u00eda de los miembros presentes que forman parte de ese comit\u00e9. Se establecer\u00e1 un comit\u00e9 permanente a fin de realizar una funci\u00f3n continua y seguir\u00e1 existiendo de forma permanente durante el tiempo que exista la asamblea que la haya creado. Un comit\u00e9 especial debe tener un objetivo espec\u00edfico y depende de las directrices de los miembros. Permanecer\u00e1 en existencia hasta que la tarea que se le asign\u00f3 se cumpla, a menos que se disuelva antes y dejar\u00e1 de existir tan pronto como la asociaci\u00f3n reciba su reporte final.<\/p>\n<p>Todas las unidades, consejos y distritos de la PTA deben elegir a un comit\u00e9 de nominaciones (<a href=\"https:\/\/toolkit.capta.org\/es\/running-your-pta\/nominations-and-elections\/\">Nominaciones y elecciones<\/a>).<\/p>\n<p style=\"text-align: center;\"><em>Creaci\u00f3n de un comit\u00e9<\/em><\/p>\n<p>Se motiva a las PTA a explorar \u00e1reas de inter\u00e9s local que no est\u00e9n incluidas en estos lineamientos, siempre y cuando est\u00e9n dentro del campo de acci\u00f3n de las actividades de la PTA. Las PTA deben compartir con sus consejos y distritos sus ideas y programas exitosos, en cuanto a la creaci\u00f3n de nuevos comit\u00e9s para que otras unidades con intereses similares se beneficien de estas experiencias exitosas.<\/p>\n<div>\n<div class=\"spotlightbox\">\n<p><b>comit\u00e9s especiales:<\/b> pueden ser designados por el presidente o elegidos por la asociaci\u00f3n para un prop\u00f3sito espec\u00edfico. Deja de existir cuando su informe final es sometido.<\/p>\n<\/div>\n<\/div>\n<p>La cantidad de comit\u00e9s necesaria para cumplir con las funciones de la unidad, depender\u00e1 de la cantidad de miembros y del programa y las actividades (metas) anuales (<a href=\"https:\/\/toolkit.capta.org\/es\/running-your-pta\/planning-organizing\/goal-setting\/\">Establecimiento de metas<\/a>) y deben incluir:<\/p>\n<p style=\"padding-left: 30px;\">\nAsuntos comunitarios<br \/>\nPreparaci\u00f3n en casos de emergencia y respuesta a crisis<br \/>\nEducaci\u00f3n<br \/>\nAmbiental<br \/>\nComit\u00e9 financiero<br \/>\nRevisi\u00f3n Financiera<br \/>\nParticipaci\u00f3n Familiar<br \/>\nD\u00eda de los Fundadores<br \/>\nMedios para la recaudaci\u00f3n de fondos<br \/>\nGraduaci\u00f3n y baile de gala<br \/>\nServicios de salud<br \/>\nHistoriador<br \/>\nPremio al servicio honorario<br \/>\nRecepci\u00f3n<br \/>\nLegislaci\u00f3n<br \/>\nAfiliaciones<br \/>\nExtensi\u00f3n<br \/>\nProgramaci\u00f3n<br \/>\nRelaciones p\u00fablicas<br \/>\nCoordinador de publicaciones<br \/>\nPrograma de Reflexiones<br \/>\nCoordinador de los representantes de salones de clase<br \/>\nSeguridad<br \/>\nParticipaci\u00f3n estudiantil<br \/>\nCoordinador de voluntarios<br \/>\nSitio Web<br \/>\nOtros, seg\u00fan sea necesario<\/p>\n<p>Las responsabilidades y objetivos del comit\u00e9 deben estar claramente definidos. Los miembros del comit\u00e9 deben saber de cu\u00e1nto dinero (si lo hay) dispone el comit\u00e9 y de cu\u00e1les registros y fuentes dispone. Se debe establecer un tiempo espec\u00edfico para programar reuniones con el fin de completar objetivos espec\u00edficos y para presentar un informe final al presidente de la junta ejecutiva.<\/p>\n<p>Los miembros del comit\u00e9 deben comprender lo siguiente:<\/p>\n<ul>\n<li>Los comit\u00e9s no funcionan como grupos separados, sino como parte de una asociaci\u00f3n, y deben operar dentro de los estatutos, pol\u00edticas y procedimientos de la PTA.<\/li>\n<li>Los comit\u00e9s dan recomendaciones, no toman decisiones.<\/li>\n<li>Todos los proyectos y actividades deben ser aprobados con anticipaci\u00f3n por la junta ejecutiva y la asociaci\u00f3n.<\/li>\n<li>Todo el dinero recolectado por las actividades del comit\u00e9 se deposita en la tesorer\u00eda de la unidad y ning\u00fan presidente o el comit\u00e9 puede disponer de \u00e9l sin la aprobaci\u00f3n de la junta ejecutiva o de la asociaci\u00f3n.<\/li>\n<\/ul>\n","protected":false},"excerpt":{"rendered":"<p>Los comit\u00e9s se forman para planear, promover y poner en pr\u00e1ctica las actividades de la PTA. El qu\u00f3rum de un comit\u00e9 es la mayor\u00eda de los miembros presentes que forman parte de ese comit\u00e9. Se establecer\u00e1 un comit\u00e9 permanente a fin de realizar una funci\u00f3n continua y seguir\u00e1 existiendo de forma permanente durante el tiempo [&hellip;]<\/p>\n","protected":false},"author":8,"featured_media":0,"parent":4983,"menu_order":0,"comment_status":"closed","ping_status":"closed","template":"","meta":{"footnotes":""},"class_list":["post-5492","page","type-page","status-publish","hentry","entry"],"_links":{"self":[{"href":"https:\/\/toolkit.capta.org\/es\/wp-json\/wp\/v2\/pages\/5492","targetHints":{"allow":["GET"]}}],"collection":[{"href":"https:\/\/toolkit.capta.org\/es\/wp-json\/wp\/v2\/pages"}],"about":[{"href":"https:\/\/toolkit.capta.org\/es\/wp-json\/wp\/v2\/types\/page"}],"author":[{"embeddable":true,"href":"https:\/\/toolkit.capta.org\/es\/wp-json\/wp\/v2\/users\/8"}],"replies":[{"embeddable":true,"href":"https:\/\/toolkit.capta.org\/es\/wp-json\/wp\/v2\/comments?post=5492"}],"version-history":[{"count":3,"href":"https:\/\/toolkit.capta.org\/es\/wp-json\/wp\/v2\/pages\/5492\/revisions"}],"predecessor-version":[{"id":11122,"href":"https:\/\/toolkit.capta.org\/es\/wp-json\/wp\/v2\/pages\/5492\/revisions\/11122"}],"up":[{"embeddable":true,"href":"https:\/\/toolkit.capta.org\/es\/wp-json\/wp\/v2\/pages\/4983"}],"wp:attachment":[{"href":"https:\/\/toolkit.capta.org\/es\/wp-json\/wp\/v2\/media?parent=5492"}],"curies":[{"name":"wp","href":"https:\/\/api.w.org\/{rel}","templated":true}]}}