{"id":5497,"date":"2013-10-07T14:48:50","date_gmt":"2013-10-07T21:48:50","guid":{"rendered":"http:\/\/toolkit.capta.org\/running-your-pta\/planning-organizing\/committee-member-selection\/"},"modified":"2014-01-30T17:06:02","modified_gmt":"2014-01-31T01:06:02","slug":"committee-member-selection","status":"publish","type":"page","link":"https:\/\/toolkit.capta.org\/es\/running-your-pta\/planning-organizing\/committee-member-selection\/","title":{"rendered":"Seleci\u00f3n de los miembros del comit\u00e9"},"content":{"rendered":"<p>El presidente de la unidad designa al presidente y a los miembros de todos los comit\u00e9s, excepto los del comit\u00e9 de nominaciones. Todos los nombramientos est\u00e1n sujetos a ratificaci\u00f3n por parte de la junta ejecutiva. El presidente debe pedir la recomendaci\u00f3n de los directivos. Los comit\u00e9s deben representar la afiliaci\u00f3n y, si es posible, incluir estudiantes a nivel de secundaria. El presidente es un miembro ex oficio de todos los comit\u00e9s, excepto del comit\u00e9 de nominaciones.<\/p>\n<p>El comit\u00e9 de nominaciones es elegida por la afiliaci\u00f3n. (Nominaciones y elecciones, 2.2)<\/p>\n<p><strong>Consideraciones para la selecci\u00f3n de miembros<\/strong><\/p>\n<p style=\"padding-left: 30px;\">\u00bfTienen inter\u00e9s especial en el asunto?<br \/>\n\u00bfTienen los conocimientos necesarios para dirigir la situaci\u00f3n?<br \/>\n\u00bfParticipar\u00e1n en las reuniones del comit\u00e9 y har\u00e1n contribuciones positivas?<br \/>\n\u00bfTienen acceso a recursos especiales?<br \/>\n\u00bfMejorar\u00e1n sus destrezas al fungir en el comit\u00e9?<br \/>\n\u00bfSer\u00e1 apropiada y \u00fatil la participaci\u00f3n de los estudiantes?<br \/>\n\u00bfRepresentan las necesidades de varios miembros?<br \/>\n\u00bfLos miembros representan a la comunidad?<\/p>\n<p>El director puede ser un recurso \u00fatil en varios aspectos y se le puede pedir que sea consejero de alg\u00fan comit\u00e9.<\/p>\n<p><strong>Lineamientos para los directivos<\/strong><\/p>\n<p>El presidente debe dar a los directivos sus respectivas descripciones de funciones lo m\u00e1s pronto posible. Las descripciones de funciones para todos los directivos recomendados se pueden encontrar en la Secci\u00f3n de Descripci\u00f3n de Funciones de la <em>Carpeta de recursos de la PTA de California<\/em>.<\/p>\n","protected":false},"excerpt":{"rendered":"<p>El presidente de la unidad designa al presidente y a los miembros de todos los comit\u00e9s, excepto los del comit\u00e9 de nominaciones. Todos los nombramientos est\u00e1n sujetos a ratificaci\u00f3n por parte de la junta ejecutiva. El presidente debe pedir la recomendaci\u00f3n de los directivos. Los comit\u00e9s deben representar la afiliaci\u00f3n y, si es posible, incluir [&hellip;]<\/p>\n","protected":false},"author":8,"featured_media":0,"parent":4983,"menu_order":0,"comment_status":"closed","ping_status":"closed","template":"","meta":{"footnotes":""},"class_list":["post-5497","page","type-page","status-publish","hentry","entry"],"_links":{"self":[{"href":"https:\/\/toolkit.capta.org\/es\/wp-json\/wp\/v2\/pages\/5497","targetHints":{"allow":["GET"]}}],"collection":[{"href":"https:\/\/toolkit.capta.org\/es\/wp-json\/wp\/v2\/pages"}],"about":[{"href":"https:\/\/toolkit.capta.org\/es\/wp-json\/wp\/v2\/types\/page"}],"author":[{"embeddable":true,"href":"https:\/\/toolkit.capta.org\/es\/wp-json\/wp\/v2\/users\/8"}],"replies":[{"embeddable":true,"href":"https:\/\/toolkit.capta.org\/es\/wp-json\/wp\/v2\/comments?post=5497"}],"version-history":[{"count":0,"href":"https:\/\/toolkit.capta.org\/es\/wp-json\/wp\/v2\/pages\/5497\/revisions"}],"up":[{"embeddable":true,"href":"https:\/\/toolkit.capta.org\/es\/wp-json\/wp\/v2\/pages\/4983"}],"wp:attachment":[{"href":"https:\/\/toolkit.capta.org\/es\/wp-json\/wp\/v2\/media?parent=5497"}],"curies":[{"name":"wp","href":"https:\/\/api.w.org\/{rel}","templated":true}]}}