{"id":5506,"date":"2013-10-07T14:52:01","date_gmt":"2013-10-07T21:52:01","guid":{"rendered":"http:\/\/toolkit.capta.org\/running-your-pta\/planning-organizing\/delegating\/"},"modified":"2014-01-30T17:10:55","modified_gmt":"2014-01-31T01:10:55","slug":"delegating","status":"publish","type":"page","link":"https:\/\/toolkit.capta.org\/es\/running-your-pta\/planning-organizing\/delegating\/","title":{"rendered":"La delegaci\u00f3n"},"content":{"rendered":"<p>Un buen l\u00edder delega para:<\/p>\n<ul>\n<li>Compartir la responsabilidad de cumplir con el trabajo.<\/li>\n<li>Desarrollar confianza mutua entre los compa\u00f1eros de trabajo.<\/li>\n<li>Ayudar a promover el liderazgo dentro de la organizaci\u00f3n.<\/li>\n<\/ul>\n<p>Para poder delegar, primero debe reconocer que usted no puede hacer todo s\u00f3lo, ya que:<\/p>\n<ul>\n<li>El d\u00eda no tiene suficientes horas.<\/li>\n<li>Todos tienen prioridades personales.<\/li>\n<li>Al delegar se promueve un nuevo liderazgo.<\/li>\n<\/ul>\n<p>&nbsp;<\/p>\n","protected":false},"excerpt":{"rendered":"<p>Un buen l\u00edder delega para: Compartir la responsabilidad de cumplir con el trabajo. Desarrollar confianza mutua entre los compa\u00f1eros de trabajo. Ayudar a promover el liderazgo dentro de la organizaci\u00f3n. Para poder delegar, primero debe reconocer que usted no puede hacer todo s\u00f3lo, ya que: El d\u00eda no tiene suficientes horas. Todos tienen prioridades personales. [&hellip;]<\/p>\n","protected":false},"author":8,"featured_media":0,"parent":4983,"menu_order":0,"comment_status":"closed","ping_status":"closed","template":"","meta":{"footnotes":""},"class_list":["post-5506","page","type-page","status-publish","hentry","entry"],"_links":{"self":[{"href":"https:\/\/toolkit.capta.org\/es\/wp-json\/wp\/v2\/pages\/5506","targetHints":{"allow":["GET"]}}],"collection":[{"href":"https:\/\/toolkit.capta.org\/es\/wp-json\/wp\/v2\/pages"}],"about":[{"href":"https:\/\/toolkit.capta.org\/es\/wp-json\/wp\/v2\/types\/page"}],"author":[{"embeddable":true,"href":"https:\/\/toolkit.capta.org\/es\/wp-json\/wp\/v2\/users\/8"}],"replies":[{"embeddable":true,"href":"https:\/\/toolkit.capta.org\/es\/wp-json\/wp\/v2\/comments?post=5506"}],"version-history":[{"count":0,"href":"https:\/\/toolkit.capta.org\/es\/wp-json\/wp\/v2\/pages\/5506\/revisions"}],"up":[{"embeddable":true,"href":"https:\/\/toolkit.capta.org\/es\/wp-json\/wp\/v2\/pages\/4983"}],"wp:attachment":[{"href":"https:\/\/toolkit.capta.org\/es\/wp-json\/wp\/v2\/media?parent=5506"}],"curies":[{"name":"wp","href":"https:\/\/api.w.org\/{rel}","templated":true}]}}