{"id":5513,"date":"2013-10-07T16:53:50","date_gmt":"2013-10-07T23:53:50","guid":{"rendered":"http:\/\/toolkit.capta.org\/running-your-pta\/bylaws\/changing-bylaws\/"},"modified":"2020-07-13T18:58:36","modified_gmt":"2020-07-14T01:58:36","slug":"changing-bylaws","status":"publish","type":"page","link":"https:\/\/toolkit.capta.org\/es\/running-your-pta\/bylaws\/changing-bylaws\/","title":{"rendered":"Modificando a los estatutos"},"content":{"rendered":"<p>Las Normas de Funcionamiento y las reglas permanentes deben revisarse cada a\u00f1o y enviarse a trav\u00e9s de los canales para que sean aprobadas cada cinco a\u00f1os. (Nota: Normas de Funcionamiento preparadas con en l\u00ednea (e-Bylaws deben ser impresas y enviadas en formato impreso a trav\u00e9s de canales para que sean aprobadas).<\/p>\n<p>Se debe nombrar un peque\u00f1o comit\u00e9, con el parlamentario como presidente, para que los estudie, haga recomendaciones y los env\u00ede a trav\u00e9s de los canales al parlamentario de la PTA de California. Luego de recibir la aprobaci\u00f3n para las enmiendas por parte del parlamentario de la PTA de California, se deber\u00e1 dar a los miembros notificaci\u00f3n sobre las enmiendas propuestas, con treinta (30) d\u00edas de anticipaci\u00f3n. Se requiere de un voto de dos terceras (2\/3) partes para la enmienda de los estatutos. (Ver <a title=\"Association Meetings\" href=\"https:\/\/toolkit.capta.org\/es\/running-your-pta\/meetings\/association-meetings\/\">Reuniones de la asociaci\u00f3n<\/a>.)<\/p>\n","protected":false},"excerpt":{"rendered":"<p>Las Normas de Funcionamiento y las reglas permanentes deben revisarse cada a\u00f1o y enviarse a trav\u00e9s de los canales para que sean aprobadas cada cinco a\u00f1os. (Nota: Normas de Funcionamiento preparadas con en l\u00ednea (e-Bylaws deben ser impresas y enviadas en formato impreso a trav\u00e9s de canales para que sean aprobadas). Se debe nombrar un [&hellip;]<\/p>\n","protected":false},"author":8,"featured_media":0,"parent":4986,"menu_order":0,"comment_status":"closed","ping_status":"closed","template":"","meta":{"footnotes":""},"class_list":["post-5513","page","type-page","status-publish","hentry","entry"],"_links":{"self":[{"href":"https:\/\/toolkit.capta.org\/es\/wp-json\/wp\/v2\/pages\/5513","targetHints":{"allow":["GET"]}}],"collection":[{"href":"https:\/\/toolkit.capta.org\/es\/wp-json\/wp\/v2\/pages"}],"about":[{"href":"https:\/\/toolkit.capta.org\/es\/wp-json\/wp\/v2\/types\/page"}],"author":[{"embeddable":true,"href":"https:\/\/toolkit.capta.org\/es\/wp-json\/wp\/v2\/users\/8"}],"replies":[{"embeddable":true,"href":"https:\/\/toolkit.capta.org\/es\/wp-json\/wp\/v2\/comments?post=5513"}],"version-history":[{"count":3,"href":"https:\/\/toolkit.capta.org\/es\/wp-json\/wp\/v2\/pages\/5513\/revisions"}],"predecessor-version":[{"id":10251,"href":"https:\/\/toolkit.capta.org\/es\/wp-json\/wp\/v2\/pages\/5513\/revisions\/10251"}],"up":[{"embeddable":true,"href":"https:\/\/toolkit.capta.org\/es\/wp-json\/wp\/v2\/pages\/4986"}],"wp:attachment":[{"href":"https:\/\/toolkit.capta.org\/es\/wp-json\/wp\/v2\/media?parent=5513"}],"curies":[{"name":"wp","href":"https:\/\/api.w.org\/{rel}","templated":true}]}}