{"id":5518,"date":"2013-10-07T17:00:41","date_gmt":"2013-10-08T00:00:41","guid":{"rendered":"http:\/\/toolkit.capta.org\/running-your-pta\/bylaws\/standing-rules\/"},"modified":"2017-10-27T15:57:11","modified_gmt":"2017-10-27T22:57:11","slug":"standing-rules","status":"publish","type":"page","link":"https:\/\/toolkit.capta.org\/es\/running-your-pta\/bylaws\/standing-rules\/","title":{"rendered":"Normas permanentes"},"content":{"rendered":"<p>Una norma habitual define los lineamientos de los procedimientos de la organizaci\u00f3n que no est\u00e9n incluidos en los estatutos y no debe redactarlas de nuevo ni entrar en conflicto con los estatutos. Algunos ejemplos de sus diferencias son las siguientes:<\/p>\n<ul>\n<li><em>Los estatutos<\/em> indican cu\u00e1ndo se realizan las reuniones de la asociaci\u00f3n de la junta ejecutiva.<\/li>\n<li><em>Las normas permanentes<\/em> se\u00f1alan d\u00f3nde y a qu\u00e9 hora se hacen esas reuniones.<\/li>\n<li><em>Los estatutos<\/em> incluyen las principales responsabilidades de los funcionarios y de los directivos.<\/li>\n<li><em>Las normas permanentes<\/em> incluyen las especificaciones sobre esas responsabilidades.<\/li>\n<\/ul>\n<p>Si, por ejemplo, los estatutos indican que el vicepresidente es el responsable del programa, las normas permanentes designar\u00e1n las responsabilidades espec\u00edficas de cada comit\u00e9 y los diferentes directivos, quienes trabajan con el vicepresidente bajo el t\u00edtulo de primer vicepresidente.<\/p>\n<p>Si la organizaci\u00f3n tiene suplementos o equipo, las normas permanentes indicar\u00e1n qui\u00e9n es responsable de los mismos y ad\u00f3nde deben guardarlos.<\/p>\n<p>Las normas permanentes tambi\u00e9n pueden incluir:<\/p>\n<ul>\n<li>Qui\u00e9n es responsable de resguardar la insignia y la inscripci\u00f3n del presidente saliente.<\/li>\n<li>Si debe haber un nombramiento de funcionarios, indican qui\u00e9n es responsable de seleccionarlos y cu\u00e1ndo se debe realizar.<\/li>\n<li>Bienes de las asociaci\u00f3n: m\u00e1quina de palomitas, equipo de computaci\u00f3n; tel\u00e9fono celular, suministros escolares.<\/li>\n<\/ul>\n<p>En resumen, los Estatutos son reglas \u00e1giles y firmes que se pueden enmendar solamente por notificaci\u00f3n escrita con treinta (30) d\u00edas de anticipaci\u00f3n a los miembros.<\/p>\n<p><em>Las normas permanentes<\/em> son los detalles del trabajo mensual de la PTA, que se pueden cambiar de administraci\u00f3n a administraci\u00f3n, o de reuni\u00f3n a reuni\u00f3n. Se requiere de dos tercios (2\/3) del voto de la mayor\u00eda sin aviso y del voto de la mayor\u00eda con un aviso de 30 d\u00edas, para su aprobaci\u00f3n o enmienda. Las normas permanentes deben acompa\u00f1ar a los estatutos cuando se presenten al parlamentario de la PTA de California para su aprobaci\u00f3n.<\/p>\n","protected":false},"excerpt":{"rendered":"<p>Una norma habitual define los lineamientos de los procedimientos de la organizaci\u00f3n que no est\u00e9n incluidos en los estatutos y no debe redactarlas de nuevo ni entrar en conflicto con los estatutos. Algunos ejemplos de sus diferencias son las siguientes: Los estatutos indican cu\u00e1ndo se realizan las reuniones de la asociaci\u00f3n de la junta ejecutiva. [&hellip;]<\/p>\n","protected":false},"author":8,"featured_media":0,"parent":4986,"menu_order":0,"comment_status":"closed","ping_status":"closed","template":"","meta":{"footnotes":""},"class_list":["post-5518","page","type-page","status-publish","hentry","entry"],"_links":{"self":[{"href":"https:\/\/toolkit.capta.org\/es\/wp-json\/wp\/v2\/pages\/5518","targetHints":{"allow":["GET"]}}],"collection":[{"href":"https:\/\/toolkit.capta.org\/es\/wp-json\/wp\/v2\/pages"}],"about":[{"href":"https:\/\/toolkit.capta.org\/es\/wp-json\/wp\/v2\/types\/page"}],"author":[{"embeddable":true,"href":"https:\/\/toolkit.capta.org\/es\/wp-json\/wp\/v2\/users\/8"}],"replies":[{"embeddable":true,"href":"https:\/\/toolkit.capta.org\/es\/wp-json\/wp\/v2\/comments?post=5518"}],"version-history":[{"count":1,"href":"https:\/\/toolkit.capta.org\/es\/wp-json\/wp\/v2\/pages\/5518\/revisions"}],"predecessor-version":[{"id":8943,"href":"https:\/\/toolkit.capta.org\/es\/wp-json\/wp\/v2\/pages\/5518\/revisions\/8943"}],"up":[{"embeddable":true,"href":"https:\/\/toolkit.capta.org\/es\/wp-json\/wp\/v2\/pages\/4986"}],"wp:attachment":[{"href":"https:\/\/toolkit.capta.org\/es\/wp-json\/wp\/v2\/media?parent=5518"}],"curies":[{"name":"wp","href":"https:\/\/api.w.org\/{rel}","templated":true}]}}