{"id":5534,"date":"2013-10-07T14:08:02","date_gmt":"2013-10-07T21:08:02","guid":{"rendered":"http:\/\/toolkit.capta.org\/running-your-pta\/communications\/purpose-of-pta-communications\/"},"modified":"2015-04-28T14:32:00","modified_gmt":"2015-04-28T21:32:00","slug":"purpose-of-pta-communications","status":"publish","type":"page","link":"https:\/\/toolkit.capta.org\/es\/running-your-pta\/communications\/purpose-of-pta-communications\/","title":{"rendered":"Prop\u00f3sitos de comunicaci\u00f3n de la PTA"},"content":{"rendered":"<ul>\n<li>Conectar a las familias y escuelas.<\/li>\n<li>Fomentar la participaci\u00f3n de los padres.<\/li>\n<li>Dar a conocer el valor y los logros de la PTA.<\/li>\n<li>Promover unirse a la PTA.<\/li>\n<li>Fomentar la cooperaci\u00f3n con la escuela.<\/li>\n<li>Trabajar con los medios de comunicaci\u00f3n.<\/li>\n<\/ul>\n","protected":false},"excerpt":{"rendered":"<p>Conectar a las familias y escuelas. Fomentar la participaci\u00f3n de los padres. Dar a conocer el valor y los logros de la PTA. Promover unirse a la PTA. Fomentar la cooperaci\u00f3n con la escuela. Trabajar con los medios de comunicaci\u00f3n.<\/p>\n","protected":false},"author":8,"featured_media":0,"parent":4990,"menu_order":0,"comment_status":"closed","ping_status":"closed","template":"","meta":{"footnotes":""},"class_list":["post-5534","page","type-page","status-publish","hentry","entry"],"_links":{"self":[{"href":"https:\/\/toolkit.capta.org\/es\/wp-json\/wp\/v2\/pages\/5534","targetHints":{"allow":["GET"]}}],"collection":[{"href":"https:\/\/toolkit.capta.org\/es\/wp-json\/wp\/v2\/pages"}],"about":[{"href":"https:\/\/toolkit.capta.org\/es\/wp-json\/wp\/v2\/types\/page"}],"author":[{"embeddable":true,"href":"https:\/\/toolkit.capta.org\/es\/wp-json\/wp\/v2\/users\/8"}],"replies":[{"embeddable":true,"href":"https:\/\/toolkit.capta.org\/es\/wp-json\/wp\/v2\/comments?post=5534"}],"version-history":[{"count":0,"href":"https:\/\/toolkit.capta.org\/es\/wp-json\/wp\/v2\/pages\/5534\/revisions"}],"up":[{"embeddable":true,"href":"https:\/\/toolkit.capta.org\/es\/wp-json\/wp\/v2\/pages\/4990"}],"wp:attachment":[{"href":"https:\/\/toolkit.capta.org\/es\/wp-json\/wp\/v2\/media?parent=5534"}],"curies":[{"name":"wp","href":"https:\/\/api.w.org\/{rel}","templated":true}]}}