{"id":5551,"date":"2013-10-07T14:14:34","date_gmt":"2013-10-07T21:14:34","guid":{"rendered":"http:\/\/toolkit.capta.org\/running-your-pta\/communications\/guidelines-for-communications-coordinators\/"},"modified":"2024-07-03T16:41:43","modified_gmt":"2024-07-03T23:41:43","slug":"guidelines-for-communications-coordinators","status":"publish","type":"page","link":"https:\/\/toolkit.capta.org\/es\/running-your-pta\/communications\/guidelines-for-communications-coordinators\/","title":{"rendered":"Directrices para l\u00edderes de comunicaci\u00f3nes"},"content":{"rendered":"<p>Un equipo de comunicaciones eficaz puede incluir uno o m\u00e1s de los siguientes<\/p>\n<ul>\n<li>Vicepresidente o presidente de comunicaciones<\/li>\n<li>Administrador del Sitio Web<\/li>\n<li>Administrador\/coordinador de comunicaci\u00f3n de los medios sociales<\/li>\n<li>Editor del bolet\u00edn\/bolet\u00edn electr\u00f3nico<\/li>\n<li>Presidente de Distribuci\u00f3n<\/li>\n<\/ul>\n<p>Ver la descripci\u00f3n de funciones del <a href=\"https:\/\/toolkit.capta.org\/es\/job-descriptions\/job-description-for-communications\/\">L\u00edder de Comunicaciones<\/a>.<\/p>\n<p><strong>El l\u00edder de comunicaciones debe:<\/strong><\/p>\n<ul>\n<li><strong>Trabajar con los oficiales electos de la unidad para desarrollar un plan de comunicaci\u00f3n anual<\/strong>. El plan debe complementar los objetivos de la asociaci\u00f3n y de incluir mensajes internos para la comunidad escolar, as\u00ed como las comunicaciones externas para el p\u00fablico.<\/li>\n<li><strong>Se desempe\u00f1a como presidente en el comit\u00e9 de comunicaciones<\/strong>.<\/li>\n<li><strong>Ayuda al presidente y a otros funcionarios a preparar los puntos de conversaci\u00f3n para las entrevistas con los medios de comunicaci\u00f3n.<\/strong><\/li>\n<li><strong>Ayuda a los presidentes <\/strong>de programas y evento a publicar los pr\u00f3ximos eventos\/programas. Da seguimiento a los art\u00edculos que destacan el evento o programa.<\/li>\n<li><strong>Asiste a talleres de formaci\u00f3n, y hace informes durante las reuniones, seg\u00fan se lo soliciten.<\/strong><\/li>\n<li><strong>Entrega todos los recursos de comunicaci\u00f3n a su sucesor<\/strong>, incluyendo las comunicaciones y publicaciones anteriores, informaci\u00f3n de la p\u00e1gina web y publicaci\u00f3n, de distribuci\u00f3n, y horarios.<\/li>\n<\/ul>\n","protected":false},"excerpt":{"rendered":"<p>Un equipo de comunicaciones eficaz puede incluir uno o m\u00e1s de los siguientes Vicepresidente o presidente de comunicaciones Administrador del Sitio Web Administrador\/coordinador de comunicaci\u00f3n de los medios sociales Editor del bolet\u00edn\/bolet\u00edn electr\u00f3nico Presidente de Distribuci\u00f3n Ver la descripci\u00f3n de funciones del L\u00edder de Comunicaciones. El l\u00edder de comunicaciones debe: Trabajar con los oficiales electos [&hellip;]<\/p>\n","protected":false},"author":8,"featured_media":0,"parent":4990,"menu_order":0,"comment_status":"closed","ping_status":"closed","template":"","meta":{"footnotes":""},"class_list":["post-5551","page","type-page","status-publish","hentry","entry"],"_links":{"self":[{"href":"https:\/\/toolkit.capta.org\/es\/wp-json\/wp\/v2\/pages\/5551","targetHints":{"allow":["GET"]}}],"collection":[{"href":"https:\/\/toolkit.capta.org\/es\/wp-json\/wp\/v2\/pages"}],"about":[{"href":"https:\/\/toolkit.capta.org\/es\/wp-json\/wp\/v2\/types\/page"}],"author":[{"embeddable":true,"href":"https:\/\/toolkit.capta.org\/es\/wp-json\/wp\/v2\/users\/8"}],"replies":[{"embeddable":true,"href":"https:\/\/toolkit.capta.org\/es\/wp-json\/wp\/v2\/comments?post=5551"}],"version-history":[{"count":4,"href":"https:\/\/toolkit.capta.org\/es\/wp-json\/wp\/v2\/pages\/5551\/revisions"}],"predecessor-version":[{"id":11325,"href":"https:\/\/toolkit.capta.org\/es\/wp-json\/wp\/v2\/pages\/5551\/revisions\/11325"}],"up":[{"embeddable":true,"href":"https:\/\/toolkit.capta.org\/es\/wp-json\/wp\/v2\/pages\/4990"}],"wp:attachment":[{"href":"https:\/\/toolkit.capta.org\/es\/wp-json\/wp\/v2\/media?parent=5551"}],"curies":[{"name":"wp","href":"https:\/\/api.w.org\/{rel}","templated":true}]}}