{"id":5578,"date":"2013-08-30T16:02:16","date_gmt":"2013-08-30T23:02:16","guid":{"rendered":"http:\/\/toolkit.capta.org\/know-the-pta\/pta-basic-policies\/"},"modified":"2019-07-01T17:17:27","modified_gmt":"2019-07-02T00:17:27","slug":"pta-basic-policies","status":"publish","type":"page","link":"https:\/\/toolkit.capta.org\/es\/know-the-pta\/pta-basic-policies\/","title":{"rendered":"Pol\u00edtica fundamental de la PTA"},"content":{"rendered":"<p>El Art\u00edculo III (ver <a href=\"https:\/\/toolkit.capta.org\/es\/know-the-pta\/bylaws-of-the-california-state-pta\/\">Estatutos<\/a>) de los Estatutos de la PTA de California afirma que:<\/p>\n<p>\u201cLa organizaci\u00f3n ser\u00e1 no comercial, no sectaria y no partidaria.<\/p>\n<p>\u201cLa organizaci\u00f3n debe trabajar para involucrar y empoderar a ni\u00f1os, familias y educadores dentro de las escuelas y comunidades para proporcionar una educaci\u00f3n de calidad para todos los ni\u00f1os y j\u00f3venes, y buscar\u00e1 participar en el proceso decisiones influyendo en la pol\u00edtica escolar y abogar por los asuntos de los ni\u00f1os, reconociendo que la responsabilidad legal de tomar decisiones ha sido delegada por el pueblo a mesas directivas de educaci\u00f3n, autoridades estatales de educaci\u00f3n y autoridades de educaci\u00f3n locales.<\/p>\n<p>\u201cLa organizaci\u00f3n trabajar\u00e1 para promover la salud y el bienestar de los ni\u00f1os y los j\u00f3venes y se dedicar\u00e1 a promover la colaboraci\u00f3n entre los padres, las escuelas y la comunidad en general.<\/p>\n<p>\u00abEl compromiso con la inclusi\u00f3n y la equidad, el conocimiento de la PTA y la experiencia profesional deben ser principios rectores para el servicio en esta organizaci\u00f3n.<\/p>\n<p>\u201cNinguna parte de los ingresos netos de la organizaci\u00f3n redundar\u00e1 en beneficio de sus miembros, directivos, fideicomisarios, funcionarios u otras personas particulares, ni ser\u00e1 distribuida entre ellos, con la excepci\u00f3n de que la organizaci\u00f3n est\u00e9 autorizada y tenga poderes para pagar una compensaci\u00f3n razonable por los servicios prestados, y de hacer pagos y distribuciones en fomento de los prop\u00f3sitos expuestos en el Art\u00edculo II.<\/p>\n<p>\u201cNo obstante lo dispuesto en estos art\u00edculos, la organizaci\u00f3n no llevar\u00e1 a cabo ninguna otra actividad no permitida (i) para organizaciones exentas del impuesto federal sobre la renta seg\u00fan la Secci\u00f3n 501(c)(3) del C\u00f3digo Tributario, o (ii) para organizaciones que reciben contribuciones que son deducibles seg\u00fan la Secci\u00f3n 170(c)(2) del C\u00f3digo Tributario.<\/p>\n<p>\u201cEn caso de disoluci\u00f3n de esta organizaci\u00f3n, despu\u00e9s de pagar o hacerse cargo de las deudas y de las obligaciones de la organizaci\u00f3n de manera adecuada, los activos restantes ser\u00e1n distribuidos a uno o varios fondos, fundaciones u organizaciones sin fines de lucro que hayan establecido su condici\u00f3n de exenci\u00f3n tributaria seg\u00fan la Secci\u00f3n 501(c)(3) del C\u00f3digo Tributario, y cuyos prop\u00f3sitos concuerden con los de la PTA Nacional.<\/p>\n<p>\u201cLa organizaci\u00f3n o los miembros en su condici\u00f3n oficial, no deber\u00e1n, directa ni indirectamente, participar ni intervenir (de ninguna manera, incluyendo la publicaci\u00f3n o distribuci\u00f3n de declaraciones) en ninguna campa\u00f1a pol\u00edtica, ni a favor ni en contra de ning\u00fan candidato a un cargo p\u00fablico, ni dedicar m\u00e1s que una parte no significativa de sus actividades al intento de influenciar la legislaci\u00f3n con propaganda o por otros medios.<\/p>\n<p>\u201cLa organizaci\u00f3n o los miembros en su condici\u00f3n oficial, no deber\u00e1n dar su apoyo a una entidad comercial ni participar en actividades que no tengan relaci\u00f3n con la promoci\u00f3n de los prop\u00f3sitos de la organizaci\u00f3n.<\/p>\n<p>\u201cLa organizaci\u00f3n no deber\u00e1 afiliarse a otras organizaciones, excepto a aquellas organizaciones internacionales, nacionales o estatales que apruebe PTA de California.<\/p>\n<p>\u00abLa PTA de California o cualquiera de sus divisiones pueden cooperar con otras organizaciones y agencias relacionadas con el bienestar infantil, pero un representante de la PTA\/PTSA no asumir\u00e1 ning\u00fan compromiso que vincule al grupo que \u00e9l o ella representa\u00bb.<\/p>\n<div>\n<div class=\"spotlightbox\">\n<p>En una encuesta realizada por la PTA Nacional, los padres indicaron las tres cualidades principales de la PTA.<\/p>\n<p>La PTA<\/p>\n<ul>\n<li>Es eficaz en mejorar la educaci\u00f3n de mis hijos<\/li>\n<li>Trabaja para lograr que las escuelas sean m\u00e1s seguros para los ni\u00f1os<\/li>\n<li>Tiene un impacto positivo en todos los ni\u00f1os, no s\u00f3lo los m\u00edos<\/li>\n<\/ul>\n<\/div>\n<\/div>\n<p>&nbsp;<\/p>\n","protected":false},"excerpt":{"rendered":"<p>El Art\u00edculo III (ver Estatutos) de los Estatutos de la PTA de California afirma que: \u201cLa organizaci\u00f3n ser\u00e1 no comercial, no sectaria y no partidaria. \u201cLa organizaci\u00f3n debe trabajar para involucrar y empoderar a ni\u00f1os, familias y educadores dentro de las escuelas y comunidades para proporcionar una educaci\u00f3n de calidad para todos los ni\u00f1os y [&hellip;]<\/p>\n","protected":false},"author":8,"featured_media":0,"parent":3111,"menu_order":0,"comment_status":"closed","ping_status":"closed","template":"","meta":{"footnotes":""},"class_list":["post-5578","page","type-page","status-publish","hentry","entry"],"_links":{"self":[{"href":"https:\/\/toolkit.capta.org\/es\/wp-json\/wp\/v2\/pages\/5578","targetHints":{"allow":["GET"]}}],"collection":[{"href":"https:\/\/toolkit.capta.org\/es\/wp-json\/wp\/v2\/pages"}],"about":[{"href":"https:\/\/toolkit.capta.org\/es\/wp-json\/wp\/v2\/types\/page"}],"author":[{"embeddable":true,"href":"https:\/\/toolkit.capta.org\/es\/wp-json\/wp\/v2\/users\/8"}],"replies":[{"embeddable":true,"href":"https:\/\/toolkit.capta.org\/es\/wp-json\/wp\/v2\/comments?post=5578"}],"version-history":[{"count":3,"href":"https:\/\/toolkit.capta.org\/es\/wp-json\/wp\/v2\/pages\/5578\/revisions"}],"predecessor-version":[{"id":10000,"href":"https:\/\/toolkit.capta.org\/es\/wp-json\/wp\/v2\/pages\/5578\/revisions\/10000"}],"up":[{"embeddable":true,"href":"https:\/\/toolkit.capta.org\/es\/wp-json\/wp\/v2\/pages\/3111"}],"wp:attachment":[{"href":"https:\/\/toolkit.capta.org\/es\/wp-json\/wp\/v2\/media?parent=5578"}],"curies":[{"name":"wp","href":"https:\/\/api.w.org\/{rel}","templated":true}]}}