{"id":5612,"date":"2013-08-30T15:46:10","date_gmt":"2013-08-30T22:46:10","guid":{"rendered":"http:\/\/toolkit.capta.org\/know-the-pta\/purpose-of-the-pta\/"},"modified":"2016-05-27T15:40:39","modified_gmt":"2016-05-27T22:40:39","slug":"purpose-of-the-pta","status":"publish","type":"page","link":"https:\/\/toolkit.capta.org\/es\/know-the-pta\/purpose-of-the-pta\/","title":{"rendered":"Los prop\u00f3sitos de la PTA de California"},"content":{"rendered":"<p>Promover el bienestar de los ni\u00f1os y j\u00f3venes en el hogar, la escuela, la comunidad y los sitios religiosos donde se congregan;<\/p>\n<p>Mejorar la calidad de vida en el hogar;<\/p>\n<p>Abogar por leyes que promuevan la educaci\u00f3n, la salud f\u00edsica y mental, el bienestar y seguridad de los ni\u00f1os y j\u00f3venes;<\/p>\n<p>Promover la colaboraci\u00f3n y la participaci\u00f3n de las familias y educadores en la educaci\u00f3n de los ni\u00f1os y j\u00f3venes;<\/p>\n<p>Involucrar al p\u00fablico en los esfuerzos unidos para asegurar el bienestar f\u00edsico, mental, emocional, espiritual y social de todos los ni\u00f1os y j\u00f3venes; y<\/p>\n<p>Abogar por la responsabilidad fiscal en relaci\u00f3n con dinero de los impuestos p\u00fablicos en la financiaci\u00f3n de la educaci\u00f3n p\u00fablica.<\/p>\n<p>&nbsp;<\/p>\n","protected":false},"excerpt":{"rendered":"<p>Promover el bienestar de los ni\u00f1os y j\u00f3venes en el hogar, la escuela, la comunidad y los sitios religiosos donde se congregan; Mejorar la calidad de vida en el hogar; Abogar por leyes que promuevan la educaci\u00f3n, la salud f\u00edsica y mental, el bienestar y seguridad de los ni\u00f1os y j\u00f3venes; Promover la colaboraci\u00f3n y [&hellip;]<\/p>\n","protected":false},"author":8,"featured_media":0,"parent":3111,"menu_order":0,"comment_status":"closed","ping_status":"closed","template":"","meta":{"footnotes":""},"class_list":["post-5612","page","type-page","status-publish","hentry","entry"],"_links":{"self":[{"href":"https:\/\/toolkit.capta.org\/es\/wp-json\/wp\/v2\/pages\/5612","targetHints":{"allow":["GET"]}}],"collection":[{"href":"https:\/\/toolkit.capta.org\/es\/wp-json\/wp\/v2\/pages"}],"about":[{"href":"https:\/\/toolkit.capta.org\/es\/wp-json\/wp\/v2\/types\/page"}],"author":[{"embeddable":true,"href":"https:\/\/toolkit.capta.org\/es\/wp-json\/wp\/v2\/users\/8"}],"replies":[{"embeddable":true,"href":"https:\/\/toolkit.capta.org\/es\/wp-json\/wp\/v2\/comments?post=5612"}],"version-history":[{"count":4,"href":"https:\/\/toolkit.capta.org\/es\/wp-json\/wp\/v2\/pages\/5612\/revisions"}],"predecessor-version":[{"id":7833,"href":"https:\/\/toolkit.capta.org\/es\/wp-json\/wp\/v2\/pages\/5612\/revisions\/7833"}],"up":[{"embeddable":true,"href":"https:\/\/toolkit.capta.org\/es\/wp-json\/wp\/v2\/pages\/3111"}],"wp:attachment":[{"href":"https:\/\/toolkit.capta.org\/es\/wp-json\/wp\/v2\/media?parent=5612"}],"curies":[{"name":"wp","href":"https:\/\/api.w.org\/{rel}","templated":true}]}}