{"id":5627,"date":"2013-08-30T15:53:40","date_gmt":"2013-08-30T22:53:40","guid":{"rendered":"http:\/\/toolkit.capta.org\/know-the-pta\/california-state-pta-core-values\/"},"modified":"2017-10-05T14:39:00","modified_gmt":"2017-10-05T21:39:00","slug":"california-state-pta-core-values","status":"publish","type":"page","link":"https:\/\/toolkit.capta.org\/es\/know-the-pta\/california-state-pta-core-values\/","title":{"rendered":"Valores esenciales de la PTA de California"},"content":{"rendered":"<p>PTA de California es una organizaci\u00f3n voluntaria, profesional y sin fines de lucro, comprometida con el bienestar de todos los ni\u00f1os.<\/p>\n<p>Creemos que cada adulto tiene la responsabilidad de desarrollar al m\u00e1ximo el potencial de todos los ni\u00f1os.<\/p>\n<p>Creemos que los padres de familia son los primeros maestros de los ni\u00f1os y que su participaci\u00f3n es esencial a lo largo de la experiencia educativa del ni\u00f1o.<\/p>\n<p>Creemos que la familia es la unidad b\u00e1sica de la sociedad responsable del sustento y el cuidado de todos los ni\u00f1os; reconocemos, adem\u00e1s, que el concepto de familia se puede definir de distintas maneras.<\/p>\n<p>Creemos que nuestra responsabilidad incluye la defensa activa de la seguridad y el bienestar de todos los ni\u00f1os, y la oportunidad de que cada uno obtenga una educaci\u00f3n p\u00fablica de calidad.<\/p>\n","protected":false},"excerpt":{"rendered":"<p>PTA de California es una organizaci\u00f3n voluntaria, profesional y sin fines de lucro, comprometida con el bienestar de todos los ni\u00f1os. Creemos que cada adulto tiene la responsabilidad de desarrollar al m\u00e1ximo el potencial de todos los ni\u00f1os. Creemos que los padres de familia son los primeros maestros de los ni\u00f1os y que su participaci\u00f3n [&hellip;]<\/p>\n","protected":false},"author":8,"featured_media":0,"parent":3111,"menu_order":0,"comment_status":"closed","ping_status":"closed","template":"","meta":{"footnotes":""},"class_list":["post-5627","page","type-page","status-publish","hentry","entry"],"_links":{"self":[{"href":"https:\/\/toolkit.capta.org\/es\/wp-json\/wp\/v2\/pages\/5627","targetHints":{"allow":["GET"]}}],"collection":[{"href":"https:\/\/toolkit.capta.org\/es\/wp-json\/wp\/v2\/pages"}],"about":[{"href":"https:\/\/toolkit.capta.org\/es\/wp-json\/wp\/v2\/types\/page"}],"author":[{"embeddable":true,"href":"https:\/\/toolkit.capta.org\/es\/wp-json\/wp\/v2\/users\/8"}],"replies":[{"embeddable":true,"href":"https:\/\/toolkit.capta.org\/es\/wp-json\/wp\/v2\/comments?post=5627"}],"version-history":[{"count":1,"href":"https:\/\/toolkit.capta.org\/es\/wp-json\/wp\/v2\/pages\/5627\/revisions"}],"predecessor-version":[{"id":8809,"href":"https:\/\/toolkit.capta.org\/es\/wp-json\/wp\/v2\/pages\/5627\/revisions\/8809"}],"up":[{"embeddable":true,"href":"https:\/\/toolkit.capta.org\/es\/wp-json\/wp\/v2\/pages\/3111"}],"wp:attachment":[{"href":"https:\/\/toolkit.capta.org\/es\/wp-json\/wp\/v2\/media?parent=5627"}],"curies":[{"name":"wp","href":"https:\/\/api.w.org\/{rel}","templated":true}]}}