{"id":5642,"date":"2013-09-04T17:13:20","date_gmt":"2013-09-05T00:13:20","guid":{"rendered":"http:\/\/toolkit.capta.org\/know-the-pta\/organizational-structure\/"},"modified":"2017-10-05T15:12:22","modified_gmt":"2017-10-05T22:12:22","slug":"organizational-structure","status":"publish","type":"page","link":"https:\/\/toolkit.capta.org\/es\/know-the-pta\/organizational-structure\/","title":{"rendered":"Estructura de la organizaci\u00f3n"},"content":{"rendered":"<p>La PTA Nacional (Congreso Nacional de Padres y Maestros) es una organizaci\u00f3n educativa de voluntarios, fundada en Washington D.C., en 1897. Se han establecido dependencias de la PTA Nacional en los cincuenta estados de Estados Unidos, en el Distrito de Colombia, en las Islas V\u00edrgenes, Puerto Rico y en escuelas para ciudadanos estadounidenses en Europa y el \u00e1rea del Pac\u00edfico.<\/p>\n<p>PTA de California (California Congress of Parents, Teachers, and Students, Inc.) es una dependencia de la PTA Nacional, y sirve como v\u00ednculo entre la organizaci\u00f3n nacional y los miembros a nivel estatal. PTA de California proveer\u00e1 capacitaci\u00f3n y apoyo a sus unidades, consejos y distritos.<\/p>\n<p>Los distritos de la PTA son divisiones geogr\u00e1ficas de PTA de California que fueron establecidas para implementar sus programas. Las PTA de distrito proveer\u00e1n capacitaci\u00f3n y apoyo a sus unidades y consejos. Todos los distritos que se organizaron a partir del 1\u00ba de julio de 1980 deben contar con un n\u00famero de designaci\u00f3n. (Ver el <a href=\"https:\/\/toolkit.capta.org\/es\/running-your-pta\/ca-state-pta-map\/\">Mapa de la PTA de California<\/a>, Fig. C-1)<\/p>\n<p>PTA de California cre\u00f3 los consejos de las PTA y las PTSA para realizar colaborar, impartir cursos de capacitaci\u00f3n en liderazgo y coordinar los esfuerzos de las unidades miembro.<\/p>\n<p>Las unidades de las PTA y las PTSA se organizan y constituyen de conformidad con normas y reglamentos determinados en los estatutos de la PTA de California. Estas unidades tienen sus propias juntas de gobierno que planean programas y actividades para satisfacer las necesidades comunitarias locales. Sin embargo, est\u00e1n obligadas a observar las pol\u00edticas y procedimientos de PTA de California y la PTA Nacional.<\/p>\n","protected":false},"excerpt":{"rendered":"<p>La PTA Nacional (Congreso Nacional de Padres y Maestros) es una organizaci\u00f3n educativa de voluntarios, fundada en Washington D.C., en 1897. Se han establecido dependencias de la PTA Nacional en los cincuenta estados de Estados Unidos, en el Distrito de Colombia, en las Islas V\u00edrgenes, Puerto Rico y en escuelas para ciudadanos estadounidenses en Europa [&hellip;]<\/p>\n","protected":false},"author":8,"featured_media":0,"parent":3111,"menu_order":0,"comment_status":"closed","ping_status":"closed","template":"","meta":{"footnotes":""},"class_list":["post-5642","page","type-page","status-publish","hentry","entry"],"_links":{"self":[{"href":"https:\/\/toolkit.capta.org\/es\/wp-json\/wp\/v2\/pages\/5642","targetHints":{"allow":["GET"]}}],"collection":[{"href":"https:\/\/toolkit.capta.org\/es\/wp-json\/wp\/v2\/pages"}],"about":[{"href":"https:\/\/toolkit.capta.org\/es\/wp-json\/wp\/v2\/types\/page"}],"author":[{"embeddable":true,"href":"https:\/\/toolkit.capta.org\/es\/wp-json\/wp\/v2\/users\/8"}],"replies":[{"embeddable":true,"href":"https:\/\/toolkit.capta.org\/es\/wp-json\/wp\/v2\/comments?post=5642"}],"version-history":[{"count":2,"href":"https:\/\/toolkit.capta.org\/es\/wp-json\/wp\/v2\/pages\/5642\/revisions"}],"predecessor-version":[{"id":8814,"href":"https:\/\/toolkit.capta.org\/es\/wp-json\/wp\/v2\/pages\/5642\/revisions\/8814"}],"up":[{"embeddable":true,"href":"https:\/\/toolkit.capta.org\/es\/wp-json\/wp\/v2\/pages\/3111"}],"wp:attachment":[{"href":"https:\/\/toolkit.capta.org\/es\/wp-json\/wp\/v2\/media?parent=5642"}],"curies":[{"name":"wp","href":"https:\/\/api.w.org\/{rel}","templated":true}]}}