{"id":5649,"date":"2013-09-04T17:18:40","date_gmt":"2013-09-05T00:18:40","guid":{"rendered":"http:\/\/toolkit.capta.org\/know-the-pta\/types-of-associations\/"},"modified":"2019-07-01T17:27:20","modified_gmt":"2019-07-02T00:27:20","slug":"types-of-associations","status":"publish","type":"page","link":"https:\/\/toolkit.capta.org\/es\/know-the-pta\/types-of-associations\/","title":{"rendered":"Tipos de asociaciones"},"content":{"rendered":"<p>El distrito de la PTA es responsable de la organizaci\u00f3n de las PTA. Los procedimientos para organizar todas las organizaciones PTA, tal como del preescolar, educaci\u00f3n especial o asociaciones de padres, maestros y estudiantes, son los mismos. Los estatutos se adaptan para acomodar las necesidades particulares.<\/p>\n<p><strong>Asociaci\u00f3n de Padres, Maestros y Estudiantes (PTSA)<\/strong><\/p>\n<p>La PTA Nacional promueve el establecimiento de asociaciones de padres, maestros y estudiantes (las PTSA) conforme a los requisitos y las condiciones determinadas por las PTA estatales.<\/p>\n<p>PTA de California insta a la participaci\u00f3n estudiantil en las PTA y las PTSA, seg\u00fan lo estipule la unidad. PTA de California fue constituida legalmente como el <i>California Congress of Parents, Teachers, and Students<\/i> [Congreso de Padres de Familia, Maestros y Estudiantes de California] con el fin de hacer constar su apoyo a la participaci\u00f3n estudiantil. Siempre que la Carpeta de recursos de la PTA de California hable de las PTA, se estar\u00e1 haciendo referencia tanto a las PTA como a las PTSA.<\/p>\n<p>Los estudiantes pueden participar en cualquier PTA, de muchas formas: (a) como miembros de comit\u00e9s, incluso de la junta directiva; (b) en calidad de asesores; (c) como asistentes a los proyectos de la PTA; (d) como participantes de los programas de la PTA; (e) mediante la promoci\u00f3n de proyectos cooperativos y (f) asistiendo a las convenciones. La elecci\u00f3n de estudiantes para servir en cualquier oficina de la PTA no es contraria al <i>California Corporations Code<\/i> (C\u00f3digo de Sociedades de California), ni a ninguna de las leyes civiles. Deber\u00e1 consultarse a las instituciones financieras sobre los requisitos de edad para los funcionarios de finanzas.<\/p>\n<p>Las PTA ofrecer\u00e1n a los estudiantes, previo pago de los derechos de afiliaci\u00f3n, todos los privilegios y responsabilidades de la afiliaci\u00f3n. (\u201c<a href=\"https:\/\/toolkit.capta.org\/es\/membership\/involving-students\/\">Participaci\u00f3n estudiantil<\/a>\u201d)<\/p>\n<p><strong>Asociaci\u00f3n preescolar<\/strong><\/p>\n<p>En cualquier programa preescolar, como Head Start, los jardines de ni\u00f1os o las guarder\u00edas infantiles, se puede organizar una PTA.<\/p>\n<p align=\"center\"><em>Sector educativo de la primera infancia y preescolar<\/em><\/p>\n<p>Los programas de educaci\u00f3n para ni\u00f1os de la primera infancia y preescolares deber\u00edan ser desarrollados por las PTA debido a la importancia de esta etapa en la vida del ni\u00f1o. Dependiendo de las necesidades particulares de la comunidad, de sus ni\u00f1os y de los padres, tales programas pueden ser desarrollados de muchas formas.<\/p>\n<p>Por ejemplo, se podr\u00eda nombrar un director del sector de primera infancia (o preescolar), con el fin de subrayar la necesidad de guiar a los menores de una manera eficaz. Bajo el mando de este director se pueden presentar programas e informes, y realizar estudios.<\/p>\n<p>En la PTA se podr\u00eda establecer una secci\u00f3n, grupo de debate o de estudio preescolar a fin de que los padres de los menores obtengan informaci\u00f3n y discernimiento, y adquieran conocimientos y destrezas para cumplir sus responsabilidades. Esta secci\u00f3n est\u00e1 dirigida en gran parte por los padres de familia y se rige por los estatutos de la PTA y el reglamento establecido por los miembros de esa secci\u00f3n. El trabajo de este sector es una parte del trabajo global de la asociaci\u00f3n.<\/p>\n<p><strong>Asociaci\u00f3n de ense\u00f1anza especial<\/strong><\/p>\n<p>Este tipo de PTA debe organizarse en una escuela enfocada en estudiantes con necesidades especiales.<\/p>\n<p align=\"center\"><em>\u00c1reas de ense\u00f1anza especial<\/em><\/p>\n<p>La PTA promueve el establecimiento de sectores de ense\u00f1anza especial en todas las asociaciones en las cuales se puedan reunir los padres de ni\u00f1os con necesidades especiales, con el fin de analizar sus preocupaciones particulares y actuar al respecto. Se pueden promocionar proyectos y actividades relacionadas con las necesidades especiales de los ni\u00f1os o formar grupos de estudio para fomentar el inter\u00e9s y entendimiento de esas necesidades. La operaci\u00f3n de este sector es responsabilidad principal de los padres de familia con ni\u00f1os que presentan esas necesidades especiales.<\/p>\n<p>El sector de educaci\u00f3n especial funciona como parte integral de la PTA, al igual que los diversos comit\u00e9s. Unirse a este sector significa, por consiguiente, afiliarse a la PTA. Aunque est\u00e1 regido por los mismos Estatutos para unidades locales de la PTA\/PTSA, este sector podr\u00eda adoptar un conjunto de normas permanentes para abarcar lo que no est\u00e1 contemplado en los estatutos. El sistema de organizaci\u00f3n deber\u00eda mantenerse simple.<\/p>\n<p>Las necesidades financieras del sector de educaci\u00f3n especial, generalmente limitadas a la compra de material para grupos de estudio y el costo de los proyectos autorizados, est\u00e1n estipuladas en el presupuesto general de la PTA. Las actividades para recolectar fondos con los cuales se cubran las necesidades particulares del sector deben cumplir con las pol\u00edticas de PTA de California. Los fondos que se obtengan por este medio deben ser depositados en la tesorer\u00eda de la PTA y destinarse para este sector.<\/p>\n<p><strong>Asociaci\u00f3n de centros de ense\u00f1anza superior de la comunidad (colegios comunitarios)<\/strong><\/p>\n<p>Las asociaciones de centros de ense\u00f1anza superior de la comunidad difieren de otras unidades de la PTA en cuanto a los programas y las actividades, pero sus objetivos y pol\u00edticas son los mismos.<\/p>\n<p>Por esta raz\u00f3n, PTA de California aprueba lo siguiente:<\/p>\n<ol>\n<li>Las asociaciones de centros de ense\u00f1anza superior de la comunidad pueden operar directamente con el distrito (a\u00fan si se encuentran dentro del \u00e1rea del consejo);<\/li>\n<li>Las asociaciones de centros de ense\u00f1anza superior pueden adaptar el modelo de trabajo recomendado por la PTA para acomodar sus actividades especiales; y<\/li>\n<li>Las asociaciones de centros de ense\u00f1anza superior de la comunidad deben promover oportunidades para que los l\u00edderes de la PTA coordinen debates sobre sus objetivos y programas estudiantiles.<\/li>\n<\/ol>\n<p><strong>Asociaciones en otros lugares<\/strong><\/p>\n<p>Las PTA pueden organizarse en cualquier lugar, incluyendo empresas, tribunales escolares y centros comunitarios.<\/p>\n<div>\n<div class=\"spotlightbox\">\n<p>Todas las referencias a las PTA incluidas en la <em>Carpeta de recursos<\/em> de la PTA de California pretenden representar tanto a las PTA como a las PTSA.<\/p>\n<hr \/>\n<p><strong>a trav\u00e9s de los canales: <\/strong>Esto se refiere a la ruta de comunicaci\u00f3n formal en las que se basa la PTA. Por lo general, la informaci\u00f3n, preguntas y los informes son enviados por una unidad al consejo, si est\u00e1 en consejo, por un consejo a la PTA del distrito y por la PTA del distrito a la PTA del Estado de california. De esa manera, todo el mundo est\u00e1 informado.<\/p>\n<\/div>\n<\/div>\n","protected":false},"excerpt":{"rendered":"<p>El distrito de la PTA es responsable de la organizaci\u00f3n de las PTA. Los procedimientos para organizar todas las organizaciones PTA, tal como del preescolar, educaci\u00f3n especial o asociaciones de padres, maestros y estudiantes, son los mismos. Los estatutos se adaptan para acomodar las necesidades particulares. Asociaci\u00f3n de Padres, Maestros y Estudiantes (PTSA) La PTA [&hellip;]<\/p>\n","protected":false},"author":8,"featured_media":0,"parent":3111,"menu_order":0,"comment_status":"closed","ping_status":"closed","template":"","meta":{"footnotes":""},"class_list":["post-5649","page","type-page","status-publish","hentry","entry"],"_links":{"self":[{"href":"https:\/\/toolkit.capta.org\/es\/wp-json\/wp\/v2\/pages\/5649","targetHints":{"allow":["GET"]}}],"collection":[{"href":"https:\/\/toolkit.capta.org\/es\/wp-json\/wp\/v2\/pages"}],"about":[{"href":"https:\/\/toolkit.capta.org\/es\/wp-json\/wp\/v2\/types\/page"}],"author":[{"embeddable":true,"href":"https:\/\/toolkit.capta.org\/es\/wp-json\/wp\/v2\/users\/8"}],"replies":[{"embeddable":true,"href":"https:\/\/toolkit.capta.org\/es\/wp-json\/wp\/v2\/comments?post=5649"}],"version-history":[{"count":3,"href":"https:\/\/toolkit.capta.org\/es\/wp-json\/wp\/v2\/pages\/5649\/revisions"}],"predecessor-version":[{"id":10003,"href":"https:\/\/toolkit.capta.org\/es\/wp-json\/wp\/v2\/pages\/5649\/revisions\/10003"}],"up":[{"embeddable":true,"href":"https:\/\/toolkit.capta.org\/es\/wp-json\/wp\/v2\/pages\/3111"}],"wp:attachment":[{"href":"https:\/\/toolkit.capta.org\/es\/wp-json\/wp\/v2\/media?parent=5649"}],"curies":[{"name":"wp","href":"https:\/\/api.w.org\/{rel}","templated":true}]}}