{"id":5652,"date":"2013-09-12T16:18:01","date_gmt":"2013-09-12T23:18:01","guid":{"rendered":"http:\/\/toolkit.capta.org\/know-the-pta\/the-local-unit-pta\/"},"modified":"2024-05-22T09:23:25","modified_gmt":"2024-05-22T16:23:25","slug":"the-local-unit-pta","status":"publish","type":"page","link":"https:\/\/toolkit.capta.org\/es\/know-the-pta\/the-local-unit-pta\/","title":{"rendered":"La unidad local de la PTA"},"content":{"rendered":"<p>Para mantener su estatus, una unidad debe:<\/p>\n<ul>\n<li>Adherirse a los Prop\u00f3sitos y pol\u00edticas b\u00e1sicas de la PTA Nacional y de la PTA del Estado de California;<\/li>\n<li>Tener un m\u00ednimo de quince miembros incluyendo tres funcionarios: el presidente, el secretario y el tesorero;<\/li>\n<li>Remitir las cuotas per c\u00e1pita y pagar las primas de seguro antes de las fechas de vencimiento de la PTA del Estado de California;<\/li>\n<li>Presente todas las declaraciones de impuestos estatales (199\/199N) y federales (990N\/990EZ\/990), otros formularios gubernamentales y el informe del Registro de Fideicomisos Ben\u00e9ficos del Procurador General (RRF-1) y el formulario CT-TR-1 (si corresponde);<\/li>\n<li>Revisar anualmente los estatutos y aprobarlos cada cinco a\u00f1os, conforme a los procedimientos de PTA de California. (<a href=\"https:\/\/toolkit.capta.org\/es\/running-your-pta\/bylaws\/\">Estatutos para las PTA en California<\/a>)<\/li>\n<li>Cumplir con otros criterios seg\u00fan lo prescrito por la PTA del Estado de California<\/li>\n<\/ul>\n<p><strong>Constituci\u00f3n de una nueva unidad<\/strong><\/p>\n<p>Cualquier grupo puede pedir constituirse como unidad de PTA de California, siempre y cuando no haya otra. PTA de California s\u00f3lo reconocer\u00e1 una PTA por escuela, a menos que as\u00ed lo apruebe el parlamentario de la PTA de California y lo autorice la Junta de Gerentes de la PTA de California. Puede formarse una PTA preescolar en cualquier programa del mismo sector.<\/p>\n<p>Una asociaci\u00f3n deber\u00e1 estar compuesta de por lo menos 15 miembros, de los cuales tres deben ocupar los cargos de presidente, secretario y tesorero.<\/p>\n<p>El requerimiento de 30 d\u00edas de afiliaci\u00f3n para tener derecho al voto y ejercer un cargo ser\u00e1 dispensado en el caso de las organizaciones nuevas dentro de los primeros treinta d\u00edas de su constituci\u00f3n.<\/p>\n<p>El presidente de la PTA de distrito es responsable de la organizaci\u00f3n de las nuevas PTA dentro del distrito de la PTA. El proceso de la organizaci\u00f3n puede delegarse al equipo de extensi\u00f3n del distrito de la PTA, con la ayuda del consejo. El presidente de distrito debe verificar el cumplimiento de los requisitos de la PTA de California.<\/p>\n<p>La nueva asociaci\u00f3n ser\u00e1 presentado para su aprobaci\u00f3n ante la Junta de Gerentes de la PTA de California cuando:<\/p>\n<ul>\n<li>PTA de California haya recibido las solicitudes de inclusi\u00f3n;<\/li>\n<li>la oficina estatal haya recibido las cuotas per c\u00e1pita;<\/li>\n<li>se hayan recibidos en la oficina estatal los estatutos de la unidad y el parlamentario estatal los haya aprobado; y<\/li>\n<li>se haya solicitado ante el IRS [Servicio de Impuestos Internos] el N\u00famero de Identificaci\u00f3n de Empleador.<\/li>\n<\/ul>\n<p>Una vez que la junta de directores de la PTA de California otorgue su aprobaci\u00f3n, la oficina estatal emitir\u00e1 un acta de constituci\u00f3n para la nueva asociaci\u00f3n.<\/p>\n<p>Se cobra una cuota por una carta constitutiva perdida o destruida. Comunicarse con la oficina estatal para encargar una copia nueva del acta de constituci\u00f3n.<\/p>\n<p>&nbsp;<\/p>\n","protected":false},"excerpt":{"rendered":"<p>Para mantener su estatus, una unidad debe: Adherirse a los Prop\u00f3sitos y pol\u00edticas b\u00e1sicas de la PTA Nacional y de la PTA del Estado de California; Tener un m\u00ednimo de quince miembros incluyendo tres funcionarios: el presidente, el secretario y el tesorero; Remitir las cuotas per c\u00e1pita y pagar las primas de seguro antes de [&hellip;]<\/p>\n","protected":false},"author":8,"featured_media":0,"parent":3111,"menu_order":0,"comment_status":"closed","ping_status":"closed","template":"","meta":{"footnotes":""},"class_list":["post-5652","page","type-page","status-publish","hentry","entry"],"_links":{"self":[{"href":"https:\/\/toolkit.capta.org\/es\/wp-json\/wp\/v2\/pages\/5652","targetHints":{"allow":["GET"]}}],"collection":[{"href":"https:\/\/toolkit.capta.org\/es\/wp-json\/wp\/v2\/pages"}],"about":[{"href":"https:\/\/toolkit.capta.org\/es\/wp-json\/wp\/v2\/types\/page"}],"author":[{"embeddable":true,"href":"https:\/\/toolkit.capta.org\/es\/wp-json\/wp\/v2\/users\/8"}],"replies":[{"embeddable":true,"href":"https:\/\/toolkit.capta.org\/es\/wp-json\/wp\/v2\/comments?post=5652"}],"version-history":[{"count":4,"href":"https:\/\/toolkit.capta.org\/es\/wp-json\/wp\/v2\/pages\/5652\/revisions"}],"predecessor-version":[{"id":11237,"href":"https:\/\/toolkit.capta.org\/es\/wp-json\/wp\/v2\/pages\/5652\/revisions\/11237"}],"up":[{"embeddable":true,"href":"https:\/\/toolkit.capta.org\/es\/wp-json\/wp\/v2\/pages\/3111"}],"wp:attachment":[{"href":"https:\/\/toolkit.capta.org\/es\/wp-json\/wp\/v2\/media?parent=5652"}],"curies":[{"name":"wp","href":"https:\/\/api.w.org\/{rel}","templated":true}]}}