{"id":5656,"date":"2013-09-12T16:19:43","date_gmt":"2013-09-12T23:19:43","guid":{"rendered":"http:\/\/toolkit.capta.org\/know-the-pta\/the-council-pta\/"},"modified":"2024-05-22T15:46:12","modified_gmt":"2024-05-22T22:46:12","slug":"the-council-pta","status":"publish","type":"page","link":"https:\/\/toolkit.capta.org\/es\/know-the-pta\/the-council-pta\/","title":{"rendered":"El consejo de la PTA"},"content":{"rendered":"<p>Un consejo es un grupo de unidades de la PTA que est\u00e1 organizado bajo la direcci\u00f3n de la PTA de California y que tiene como fin impartir de forma colaborativa cursos de capacitaci\u00f3n en liderazgo y coordinar los esfuerzos de las unidades miembros. Los consejos propician la oportunidad de que las unidades de la ciudad, el condado o la zona puedan colaborar en la promoci\u00f3n de sus intereses comunes y consultar sobre sus inquietudes comunes. Tambi\u00e9n coordina el trabajo de las unidades con otras dependencias y organizaciones dedicadas a los ni\u00f1os y j\u00f3venes y sirve de canal de comunicaci\u00f3n entre las unidades, los distritos y el estado.<\/p>\n<p>Para mantener su estatus, un consejo debe:<\/p>\n<ul>\n<li>Adherirse a los Prop\u00f3sitos y pol\u00edticas b\u00e1sicas de la PTA Nacional y de la PTA del Estado de California;<\/li>\n<li>Adherirse a las pol\u00edticas y Estatutos de la PTA del Estado de California;<\/li>\n<li>Hacer que los estatutos se revisen anualmente y se aprueben cada dos a\u00f1os de acuerdo con los procedimientos de la PTA del Estado de California;<\/li>\n<li>Tener un m\u00ednimo de tres unidades afiliadas al consejo;<\/li>\n<li>Tener un m\u00ednimo de tres funcionarios: presidente, secretario y tesorero;<\/li>\n<li>Enviar las primas de seguro del consejo a AIM Insurance antes del 20 de diciembre.<\/li>\n<li>Presentar todas las declaraciones de impuestos federales y estatales necesarias, as\u00ed como otros formularios gubernamentales;<\/li>\n<li>Presentar un listado de los nombres y direcciones de los funcionarios de las unidades y consejos ante el distrito de la PTA, seg\u00fan los procedimientos y l\u00edmites de tiempo establecidos.<\/li>\n<\/ul>\n<p>Adem\u00e1s el consejo deber\u00e1:<\/p>\n<ul>\n<li>Tener un n\u00famero de Fideicomiso de Beneficencia (Charitable Trust) proporcionado por el Registro de Fideicomisos de Beneficencia del Procurador General de California;<\/li>\n<li>Presentar un Informe Anual de Tarifas de Renovaci\u00f3n de Registro (RRF-1) y CT-TR-1 (si corresponde) ante el Registro de Fideicomisos Ben\u00e9ficos del Procurador General de California.<\/li>\n<\/ul>\n<p><strong>Responsabilidades (no todas est\u00e1n incluidas)<\/strong><\/p>\n<p style=\"text-align: center;\"><em>El consejo deber\u00e1<\/em><\/p>\n<p>Proporcionar la informaci\u00f3n e apoyo a las unidades miembros.<\/p>\n<p>Formar un v\u00ednculo estrecho entre las unidades y el distrito de la PTA.<\/p>\n<p>Promover los programas y la pr\u00e1ctica de las pol\u00edticas, principios, procedimientos y estatutos de la PTA.<\/p>\n<p>Organizar cursos de formaci\u00f3n o talleres y grupos de discusi\u00f3n para los l\u00edderes de la unidad, en colaboraci\u00f3n con el distrito de la PTA.<\/p>\n<p>Trabajar estrechamente con el presidente de la PTA del distrito y el departamento de liderazgo en la organizaci\u00f3n de nuevas unidades y en todos los aspectos del servicio de liderazgo.<\/p>\n<p>Coordinar las actividades de la PTA en una comunidad o distrito escolar con el consentimiento de la mayor\u00eda de sus unidades afiliadas.<\/p>\n<p>Proveer oportunidades para las unidades locales de colaborar en proyectos.<\/p>\n<p>Actuar como una oficina de informaci\u00f3n para el intercambio de ideas y experiencias para las unidades miembros.<\/p>\n<p>Implementar proyectos del consejo solamente despu\u00e9s de que la mayor\u00eda de las unidades locales hayan votado para apoyarlos.<\/p>\n<p style=\"text-align: center;\"><em>El consejo no deber\u00e1<\/em><\/p>\n<p>Gobernar a las unidades o reglamentar sus actividades.<\/p>\n<p>Duplicar el tipo de reuni\u00f3n de la unidad o de la PTA del distrito.<\/p>\n<p>Utilizar a los l\u00edderes de la unidad en puestos de consejo si se les necesita a nivel de las unidades.<\/p>\n<p><strong>Pol\u00edticas<\/strong><\/p>\n<ol>\n<li>Un consejo coopera con otras organizaciones, pero no se une a ellas.<\/li>\n<li>Un consejo no paga cuotas a la PTA Nacional, ni a PTA de California, ni al distrito de la PTA. Puede recaudar cuotas per c\u00e1pita de cada una de sus unidades o una contribuci\u00f3n por unidad. La contribuci\u00f3n debe contar con la aprobaci\u00f3n de las unidades y estar incluida en todos sus reglamentos.<\/li>\n<li>Un consejo no impondr\u00e1 cuotas adicionales o de mora por el pago tard\u00edo de cuotas de seguro, per capita o por reportes requeridos por PTA de California.<\/li>\n<li>Los funcionarios, presidentes de comit\u00e9s y representantes de un consejo deben ser miembros de las unidades de la PTA dentro del consejo.<\/li>\n<li>El presidente electo del consejo (o el presidente en ejercicio) o el suplente electo y un delegado o un suplente electo del consejo de los votantes, representar\u00e1 al consejo en la Convenci\u00f3n de la PTA de California.<\/li>\n<\/ol>\n","protected":false},"excerpt":{"rendered":"<p>Un consejo es un grupo de unidades de la PTA que est\u00e1 organizado bajo la direcci\u00f3n de la PTA de California y que tiene como fin impartir de forma colaborativa cursos de capacitaci\u00f3n en liderazgo y coordinar los esfuerzos de las unidades miembros. Los consejos propician la oportunidad de que las unidades de la ciudad, [&hellip;]<\/p>\n","protected":false},"author":8,"featured_media":0,"parent":3111,"menu_order":0,"comment_status":"closed","ping_status":"closed","template":"","meta":{"footnotes":""},"class_list":["post-5656","page","type-page","status-publish","hentry","entry"],"_links":{"self":[{"href":"https:\/\/toolkit.capta.org\/es\/wp-json\/wp\/v2\/pages\/5656","targetHints":{"allow":["GET"]}}],"collection":[{"href":"https:\/\/toolkit.capta.org\/es\/wp-json\/wp\/v2\/pages"}],"about":[{"href":"https:\/\/toolkit.capta.org\/es\/wp-json\/wp\/v2\/types\/page"}],"author":[{"embeddable":true,"href":"https:\/\/toolkit.capta.org\/es\/wp-json\/wp\/v2\/users\/8"}],"replies":[{"embeddable":true,"href":"https:\/\/toolkit.capta.org\/es\/wp-json\/wp\/v2\/comments?post=5656"}],"version-history":[{"count":4,"href":"https:\/\/toolkit.capta.org\/es\/wp-json\/wp\/v2\/pages\/5656\/revisions"}],"predecessor-version":[{"id":11274,"href":"https:\/\/toolkit.capta.org\/es\/wp-json\/wp\/v2\/pages\/5656\/revisions\/11274"}],"up":[{"embeddable":true,"href":"https:\/\/toolkit.capta.org\/es\/wp-json\/wp\/v2\/pages\/3111"}],"wp:attachment":[{"href":"https:\/\/toolkit.capta.org\/es\/wp-json\/wp\/v2\/media?parent=5656"}],"curies":[{"name":"wp","href":"https:\/\/api.w.org\/{rel}","templated":true}]}}