{"id":5660,"date":"2013-09-12T16:21:25","date_gmt":"2013-09-12T23:21:25","guid":{"rendered":"http:\/\/toolkit.capta.org\/know-the-pta\/the-district-pta\/"},"modified":"2024-05-22T15:43:24","modified_gmt":"2024-05-22T22:43:24","slug":"the-district-pta","status":"publish","type":"page","link":"https:\/\/toolkit.capta.org\/es\/know-the-pta\/the-district-pta\/","title":{"rendered":"El distrito de la PTA"},"content":{"rendered":"<p>Un distrito de la PTA es una organizaci\u00f3n subsidiaria ubicada en un \u00e1rea geogr\u00e1fica determinada, establecida por PTA de California con el fin de facilitar la administraci\u00f3n de los asuntos de PTA de California y llevar a cabo su programa. El distrito de la PTA ayuda a coordinar el trabajo de los consejos y las unidades con los planes y las actividades de PTA de California y la PTA Nacional.<\/p>\n<p>Para mantener su estatus, un distrito debe:<\/p>\n<ul>\n<li>Adherirse a los Prop\u00f3sitos y pol\u00edticas b\u00e1sicas de la PTA Nacional y de la PTA del Estado de California;<\/li>\n<li>Adherirse a las pol\u00edticas y estatutos de PTA de California;<\/li>\n<li>Revisar anualmente los estatutos y aprobarlos bienalmente seg\u00fan los procedimientos de PTA de California;<\/li>\n<li>Tener un m\u00ednimo de tres funcionarios: presidente, secretario y tesorero;<\/li>\n<li>Enviar las primas de seguro de la PTA del distrito a AIM Insurance antes del 20 de diciembre.<\/li>\n<li>Presentar todas las declaraciones de impuestos federales y estatales necesarias, as\u00ed como otros formularios gubernamentales;<\/li>\n<li>Presentar un listado de los nombres y direcciones de los funcionarios de las asociaciones, consejos, y distritos de PTA ante PTA de California, seg\u00fan los procedimientos y l\u00edmites de tiempo establecidos.<\/li>\n<\/ul>\n<p>Adem\u00e1s, el distrito deber\u00e1:<\/p>\n<ul>\n<li>tener un n\u00famero de Fideicomiso de Beneficencia (Charitable Trust) proporcionado por el Registro de Fideicomisos de Beneficencia del Procurador General de California;<\/li>\n<li>presentar un<em> Reporte Anual de Pago de Cuota de Renovaci\u00f3n (RRF-1)<\/em> ante el Registro de Fideicomisos de Beneficencia del Procurador General de California.<\/li>\n<\/ul>\n<p><strong>Las responsabilidades (No todas est\u00e1n incluidas)<\/strong><\/p>\n<p>Dar servicio de asesor\u00eda a los consejos y las unidades.<\/p>\n<p>Interpretar las pol\u00edticas, planes, pr\u00e1cticas y programas de la PTA.<\/p>\n<p>Organizar y estabilizar los consejos y asociaciones locales de la PTA:<\/p>\n<ul>\n<li>cooperar con los funcionarios del consejo y el presidentes del comit\u00e9;<\/li>\n<li>consultar con los l\u00edderes del consejo sobre problemas locales;<\/li>\n<li>asistir al consejo en su trabajo con las unidades; y<\/li>\n<li>nombrar un comit\u00e9 de extensi\u00f3n para trabajar con las unidades, donde no haya consejo.<\/li>\n<\/ul>\n<p>Interesar a otros grupos de maestros y padres de familia en la afiliaci\u00f3n a la PTA.<\/p>\n<p>Ayudar con el estudio de los cambios propuestos para el estatus legal. El distrito de la PTA es responsable de organizar y disolver las unidades y debe participar en las deliberaciones.<\/p>\n<p>Preparar un directorio de los funcionarios de los consejos y las unidades para la oficina de la PTA de California.<\/p>\n<p>Planear y realizar conferencias regionales o del distrito de la PTA bajo disposiciones estatales.<\/p>\n<p>Promover las publicaciones de la PTA y sus objetivos.<\/p>\n<p style=\"font-weight: 400;\">Remitir las cuotas per c\u00e1pita puntualmente.<\/p>\n<p style=\"font-weight: 400;\">Subir copias anualmente del presupuesto aprobado de la PTA del distrito, las revisiones financieras y los informes financieros de fin de a\u00f1o en el sistema de retenci\u00f3n de documentos.<\/p>\n<p>Servir como modelo e instar a las acciones de defensa y legislativas.<\/p>\n<p>La PTA de distrito no impondr\u00e1 cuotas adicionales o de mora por el pago tard\u00edo de cuotas de seguro, per capita o por reportes requeridos por PTA de California.<\/p>\n<p><strong>Los presidentes y funcionarios del distrito de la PTA<\/strong><\/p>\n<p>Los presidentes del distrito de la PTA son miembros de la junta de directores de la PTA de California durante el per\u00edodo de sus funciones. Uno de los representantes del distrito tendr\u00e1 derecho a votar en la junta de directores de la PTA de California cuando represente oficialmente al distrito en ausencia del presidente.<\/p>\n<p>Los presidentes de distrito y los l\u00edderes de distrito son responsables por el trabajo de extensi\u00f3n en sus distritos incluso en la organizaci\u00f3n de toda nueva PTA y todo cambio en la condici\u00f3n legal de la asociaci\u00f3n (<a title=\"Changes in Association Status\/es\" href=\"https:\/\/toolkit.capta.org\/es\/know-the-pta\/the-local-unit-pta\/\">Cambios en la condici\u00f3n legal de la asociaci\u00f3n<\/a>).<\/p>\n<p>Los art\u00edculos, las entrevistas radiales y de televisi\u00f3n y las grabaciones acerca de la PTA, aparte de los contenidos de las publicaciones nacionales o estatales o los canales de publicidad de PTA de California, s\u00f3lo deben ser presentados bajo la supervisi\u00f3n del presidente o representante delegado del distrito de la PTA.<\/p>\n<p>Los estatutos de distrito incluyen una cl\u00e1usula en la que se estipula que todos los miembros de la junta del distrito residan en el \u00e1rea del distrito de la PTA, que sean padres de hijos que asistan a escuelas dentro del \u00e1rea del distrito o que trabajen en escuelas de esta zona.<\/p>\n<p><strong>Los comit\u00e9s interdistritales<\/strong><\/p>\n<p>Un comit\u00e9 interdistrital est\u00e1 integrado por miembros de juntas del distrito de la PTA que pertenecen a dos o m\u00e1s distritos de la PTA y que trabajan en \u00e1reas de inter\u00e9s com\u00fan. Para fortalecer las l\u00edneas de comunicaci\u00f3n, cada comit\u00e9 puede solicitar que el presidente de la PTA de California nombre a un miembro de la junta de directores de la PTA de California que funcione como enlace en su grupo. Cuando un comit\u00e9 interdistrital de la PTA desea contar con la colaboraci\u00f3n de PTA de California para fines espec\u00edficos, se debe hacer la solicitud por medio del vicepresidente de servicios de liderazgo.<\/p>\n<div><\/div>\n","protected":false},"excerpt":{"rendered":"<p>Un distrito de la PTA es una organizaci\u00f3n subsidiaria ubicada en un \u00e1rea geogr\u00e1fica determinada, establecida por PTA de California con el fin de facilitar la administraci\u00f3n de los asuntos de PTA de California y llevar a cabo su programa. El distrito de la PTA ayuda a coordinar el trabajo de los consejos y las [&hellip;]<\/p>\n","protected":false},"author":8,"featured_media":0,"parent":3111,"menu_order":0,"comment_status":"closed","ping_status":"closed","template":"","meta":{"footnotes":""},"class_list":["post-5660","page","type-page","status-publish","hentry","entry"],"_links":{"self":[{"href":"https:\/\/toolkit.capta.org\/es\/wp-json\/wp\/v2\/pages\/5660","targetHints":{"allow":["GET"]}}],"collection":[{"href":"https:\/\/toolkit.capta.org\/es\/wp-json\/wp\/v2\/pages"}],"about":[{"href":"https:\/\/toolkit.capta.org\/es\/wp-json\/wp\/v2\/types\/page"}],"author":[{"embeddable":true,"href":"https:\/\/toolkit.capta.org\/es\/wp-json\/wp\/v2\/users\/8"}],"replies":[{"embeddable":true,"href":"https:\/\/toolkit.capta.org\/es\/wp-json\/wp\/v2\/comments?post=5660"}],"version-history":[{"count":4,"href":"https:\/\/toolkit.capta.org\/es\/wp-json\/wp\/v2\/pages\/5660\/revisions"}],"predecessor-version":[{"id":11273,"href":"https:\/\/toolkit.capta.org\/es\/wp-json\/wp\/v2\/pages\/5660\/revisions\/11273"}],"up":[{"embeddable":true,"href":"https:\/\/toolkit.capta.org\/es\/wp-json\/wp\/v2\/pages\/3111"}],"wp:attachment":[{"href":"https:\/\/toolkit.capta.org\/es\/wp-json\/wp\/v2\/media?parent=5660"}],"curies":[{"name":"wp","href":"https:\/\/api.w.org\/{rel}","templated":true}]}}