{"id":5664,"date":"2013-09-12T16:22:59","date_gmt":"2013-09-12T23:22:59","guid":{"rendered":"http:\/\/toolkit.capta.org\/know-the-pta\/the-california-state-pta\/"},"modified":"2017-10-05T15:39:36","modified_gmt":"2017-10-05T22:39:36","slug":"the-california-state-pta","status":"publish","type":"page","link":"https:\/\/toolkit.capta.org\/es\/know-the-pta\/the-california-state-pta\/","title":{"rendered":"PTA de California"},"content":{"rendered":"<p>PTA de California es una dependencia de la PTA Nacional y es responsable de implementar los Prop\u00f3sitos de la PTA en California. La organizaci\u00f3n trabaja por el bienestar de ni\u00f1os y j\u00f3venes en tareas que exceden el \u00e1mbito de acci\u00f3n y los recursos de las unidades, los consejos y los distritos de la PTA que operan de forma independiente.<\/p>\n<p>En su relaci\u00f3n con las unidades, los consejos y los distritos, PTA de California:<\/p>\n<ul>\n<li>Sirve de enlace con la PTA Nacional;<\/li>\n<li>representa a la PTA por medio de su participaci\u00f3n en las reuniones y conferencias estatales de dependencias, coaliciones y grupos aliados cuyas metas son similares a las de la PTA;<\/li>\n<li>provee capacitaci\u00f3n en liderazgo por medio de la convenci\u00f3n anual, los servicios de campo y los talleres;<\/li>\n<li>proporciona servicios, materiales y publicaciones;<\/li>\n<li>apoya y trabaja en la legislaci\u00f3n sobre asuntos estatales relacionados con la educaci\u00f3n, la salud y el bienestar de ni\u00f1os y j\u00f3venes; y<\/li>\n<li>sirve como centro distribuidor de la informaci\u00f3n de la PTA y como agencia coordinadora del trabajo de la PTA en el estado.<\/li>\n<\/ul>\n<p><strong>L\u00edneas de comunicaci\u00f3n<\/strong><\/p>\n<p>Las propuestas para gestiones y otros comunicados dirigidos a la junta de directores de la PTA de California, que provienen de una unidad o de su comit\u00e9 o junta directiva, se presentar\u00e1n primero al consejo (si lo hubiera) y al distrito de la PTA para su consideraci\u00f3n. La decisi\u00f3n del distrito de la PTA, junto con la explicaci\u00f3n de su gesti\u00f3n, debe presentarse por escrito a la unidad. Si el distrito de la PTA respalda la propuesta, entonces ser\u00e1 remitida a la junta de directores de la PTA de California con las indicaciones de su respaldo.<\/p>\n<p>Si la propuesta u otra comunicaci\u00f3n no reciben el respaldo del distrito de la PTA, y la unidad (despu\u00e9s de haberse reconsiderado la propuesta) a\u00fan desea presentarla ante la junta de directores de la PTA de California, el presidente del distrito de la PTA est\u00e1 obligado a remitirla a la junta.<\/p>\n<p>A los distritos, consejos o unidades de la PTA que presenten propuestas u otros comunicados, se les solicita incluir los materiales de estudio o el informe de los an\u00e1lisis que llevaron a tales solicitudes y enviar de inmediato copias de todos los comunicados intraorganizacionales subsiguientes que apoyen su propuesta.<\/p>\n","protected":false},"excerpt":{"rendered":"<p>PTA de California es una dependencia de la PTA Nacional y es responsable de implementar los Prop\u00f3sitos de la PTA en California. La organizaci\u00f3n trabaja por el bienestar de ni\u00f1os y j\u00f3venes en tareas que exceden el \u00e1mbito de acci\u00f3n y los recursos de las unidades, los consejos y los distritos de la PTA que [&hellip;]<\/p>\n","protected":false},"author":8,"featured_media":0,"parent":3111,"menu_order":0,"comment_status":"closed","ping_status":"closed","template":"","meta":{"footnotes":""},"class_list":["post-5664","page","type-page","status-publish","hentry","entry"],"_links":{"self":[{"href":"https:\/\/toolkit.capta.org\/es\/wp-json\/wp\/v2\/pages\/5664","targetHints":{"allow":["GET"]}}],"collection":[{"href":"https:\/\/toolkit.capta.org\/es\/wp-json\/wp\/v2\/pages"}],"about":[{"href":"https:\/\/toolkit.capta.org\/es\/wp-json\/wp\/v2\/types\/page"}],"author":[{"embeddable":true,"href":"https:\/\/toolkit.capta.org\/es\/wp-json\/wp\/v2\/users\/8"}],"replies":[{"embeddable":true,"href":"https:\/\/toolkit.capta.org\/es\/wp-json\/wp\/v2\/comments?post=5664"}],"version-history":[{"count":1,"href":"https:\/\/toolkit.capta.org\/es\/wp-json\/wp\/v2\/pages\/5664\/revisions"}],"predecessor-version":[{"id":8824,"href":"https:\/\/toolkit.capta.org\/es\/wp-json\/wp\/v2\/pages\/5664\/revisions\/8824"}],"up":[{"embeddable":true,"href":"https:\/\/toolkit.capta.org\/es\/wp-json\/wp\/v2\/pages\/3111"}],"wp:attachment":[{"href":"https:\/\/toolkit.capta.org\/es\/wp-json\/wp\/v2\/media?parent=5664"}],"curies":[{"name":"wp","href":"https:\/\/api.w.org\/{rel}","templated":true}]}}