{"id":5667,"date":"2013-09-12T16:24:48","date_gmt":"2013-09-12T23:24:48","guid":{"rendered":"http:\/\/toolkit.capta.org\/know-the-pta\/state-pta-office\/"},"modified":"2014-02-01T18:26:03","modified_gmt":"2014-02-02T02:26:03","slug":"state-pta-office","status":"publish","type":"page","link":"https:\/\/toolkit.capta.org\/es\/know-the-pta\/state-pta-office\/","title":{"rendered":"Oficina de la PTA de California"},"content":{"rendered":"<p>Bajo la direcci\u00f3n de la junta de directores de la PTA de California, el director ejecutivo y un grupo de empleados mantienen el inventario de publicaciones, emblemas y suministros; completan las \u00f3rdenes de pedidos y empacan los materiales para su distribuci\u00f3n; preparan listas y procesan todos los env\u00edos postales impresos y electr\u00f3nicos, incluyendo PTA in California [La PTA en California] y otras comunicaciones; mantienen los registros financieros y de la afiliaci\u00f3n; redactan la correspondencia y compilan los registros para el programa HSA, las becas y las donaciones; mantienen una biblioteca de consulta de la PTA y archivan documentos; y reproducen materiales para los funcionarios y comisionados de la PTA de California.<\/p>\n<p>La oficina estatal cuenta con espacio para acoger a los voluntarios miembros de la junta de la PTA de California y salas de conferencia en donde realizar las reuniones de los comit\u00e9s de la PTA de California.<\/p>\n","protected":false},"excerpt":{"rendered":"<p>Bajo la direcci\u00f3n de la junta de directores de la PTA de California, el director ejecutivo y un grupo de empleados mantienen el inventario de publicaciones, emblemas y suministros; completan las \u00f3rdenes de pedidos y empacan los materiales para su distribuci\u00f3n; preparan listas y procesan todos los env\u00edos postales impresos y electr\u00f3nicos, incluyendo PTA in [&hellip;]<\/p>\n","protected":false},"author":8,"featured_media":0,"parent":3111,"menu_order":0,"comment_status":"closed","ping_status":"closed","template":"","meta":{"footnotes":""},"class_list":["post-5667","page","type-page","status-publish","hentry","entry"],"_links":{"self":[{"href":"https:\/\/toolkit.capta.org\/es\/wp-json\/wp\/v2\/pages\/5667","targetHints":{"allow":["GET"]}}],"collection":[{"href":"https:\/\/toolkit.capta.org\/es\/wp-json\/wp\/v2\/pages"}],"about":[{"href":"https:\/\/toolkit.capta.org\/es\/wp-json\/wp\/v2\/types\/page"}],"author":[{"embeddable":true,"href":"https:\/\/toolkit.capta.org\/es\/wp-json\/wp\/v2\/users\/8"}],"replies":[{"embeddable":true,"href":"https:\/\/toolkit.capta.org\/es\/wp-json\/wp\/v2\/comments?post=5667"}],"version-history":[{"count":0,"href":"https:\/\/toolkit.capta.org\/es\/wp-json\/wp\/v2\/pages\/5667\/revisions"}],"up":[{"embeddable":true,"href":"https:\/\/toolkit.capta.org\/es\/wp-json\/wp\/v2\/pages\/3111"}],"wp:attachment":[{"href":"https:\/\/toolkit.capta.org\/es\/wp-json\/wp\/v2\/media?parent=5667"}],"curies":[{"name":"wp","href":"https:\/\/api.w.org\/{rel}","templated":true}]}}