{"id":5669,"date":"2013-09-12T16:26:08","date_gmt":"2013-09-12T23:26:08","guid":{"rendered":"http:\/\/toolkit.capta.org\/know-the-pta\/trademarkservice-mark\/"},"modified":"2017-10-05T15:40:34","modified_gmt":"2017-10-05T22:40:34","slug":"trademarkservice-mark","status":"publish","type":"page","link":"https:\/\/toolkit.capta.org\/es\/know-the-pta\/trademarkservice-mark\/","title":{"rendered":"Marca registrada o de servicio"},"content":{"rendered":"<p>Las pol\u00edticas b\u00e1sicas que gobiernan las actividades y la participaci\u00f3n de la PTA tambi\u00e9n gobiernan el uso del nombre PTA. \u201cNational Congress of Parents and Teachers\u201d, \u201cParent Teacher Association\u201d, \u201cPTA\u201d y \u201cPTSA\u201d son todas marcas de servicio registradas del National Congress of Parents and Teachers. \u201cCalifornia State PTA\u201d [PTA de California] es una marca de servicio registrada ante el California Secretary of State [Secretar\u00eda de Estado de California]. Esto significa que ninguna organizaci\u00f3n o grupo no afiliado a PTA de California puede usar el nombre. Una marca de servicio tiene la misma condici\u00f3n legal que una marca registrada, s\u00f3lo que se refiere a servicios en lugar de productos comerciales.<\/p>\n<p>Las PTA pueden reproducir y distribuir materiales de la PTA de California sin permiso escrito para este fin, salvo indicaci\u00f3n contraria, pero no as\u00ed otras organizaciones o personas. Cualquier otra organizaci\u00f3n o persona que desee duplicar los materiales de PTA de California debe contar con el permiso escrito de PTA de California.<\/p>\n","protected":false},"excerpt":{"rendered":"<p>Las pol\u00edticas b\u00e1sicas que gobiernan las actividades y la participaci\u00f3n de la PTA tambi\u00e9n gobiernan el uso del nombre PTA. \u201cNational Congress of Parents and Teachers\u201d, \u201cParent Teacher Association\u201d, \u201cPTA\u201d y \u201cPTSA\u201d son todas marcas de servicio registradas del National Congress of Parents and Teachers. \u201cCalifornia State PTA\u201d [PTA de California] es una marca de [&hellip;]<\/p>\n","protected":false},"author":8,"featured_media":0,"parent":3111,"menu_order":0,"comment_status":"closed","ping_status":"closed","template":"","meta":{"footnotes":""},"class_list":["post-5669","page","type-page","status-publish","hentry","entry"],"_links":{"self":[{"href":"https:\/\/toolkit.capta.org\/es\/wp-json\/wp\/v2\/pages\/5669","targetHints":{"allow":["GET"]}}],"collection":[{"href":"https:\/\/toolkit.capta.org\/es\/wp-json\/wp\/v2\/pages"}],"about":[{"href":"https:\/\/toolkit.capta.org\/es\/wp-json\/wp\/v2\/types\/page"}],"author":[{"embeddable":true,"href":"https:\/\/toolkit.capta.org\/es\/wp-json\/wp\/v2\/users\/8"}],"replies":[{"embeddable":true,"href":"https:\/\/toolkit.capta.org\/es\/wp-json\/wp\/v2\/comments?post=5669"}],"version-history":[{"count":1,"href":"https:\/\/toolkit.capta.org\/es\/wp-json\/wp\/v2\/pages\/5669\/revisions"}],"predecessor-version":[{"id":8825,"href":"https:\/\/toolkit.capta.org\/es\/wp-json\/wp\/v2\/pages\/5669\/revisions\/8825"}],"up":[{"embeddable":true,"href":"https:\/\/toolkit.capta.org\/es\/wp-json\/wp\/v2\/pages\/3111"}],"wp:attachment":[{"href":"https:\/\/toolkit.capta.org\/es\/wp-json\/wp\/v2\/media?parent=5669"}],"curies":[{"name":"wp","href":"https:\/\/api.w.org\/{rel}","templated":true}]}}