{"id":5679,"date":"2013-10-07T11:13:05","date_gmt":"2013-10-07T18:13:05","guid":{"rendered":"http:\/\/toolkit.capta.org\/know-the-pta\/bylaws\/"},"modified":"2015-01-16T16:52:02","modified_gmt":"2015-01-17T00:52:02","slug":"bylaws","status":"publish","type":"page","link":"https:\/\/toolkit.capta.org\/es\/know-the-pta\/bylaws\/","title":{"rendered":"Acta de constituci\u00f3n: California Congress of Parents, Teachers and Students, Inc."},"content":{"rendered":"<p align=\"center\"><i>(Impreso para incluir las enmiendas del 13 de mayo de 1925, 26 de mayo de 1926,<br \/>\n4 de mayo de 1960, 30 abril de 1975, 5 de mayo de 1978 y 5 de mayo de 1982)<\/i><\/p>\n<p>SEPAN TODOS POR ESTE DOCUMENTO:<\/p>\n<p>Que nosotros, los abajo firmantes, en su mayor\u00eda ciudadanos y residentes del estado de California, en este d\u00eda nos hemos asociado voluntariamente con el prop\u00f3sito de formar una sociedad seg\u00fan las leyes del Estado de California y por la presente adoptamos la siguiente acta de constituci\u00f3n y certificamos:<\/p>\n<p>1) Que el nombre ser\u00e1 CALIFORNIA CONGRESS OF PARENTS, TEACHERS AND STUDENTS, INC. (Modificado el 13 de mayo de 1925, aprobado por la Corte el 16 de noviembre de 1925 y el 5 de mayo de 1978)<\/p>\n<p>2) Que los objetivos de su formaci\u00f3n son desarrollar obras filantr\u00f3picas, educativas y de caridad; aceptar y administrar, seg\u00fan estos t\u00e9rminos y condiciones, dotaciones, anualidades, testamentos, legados, reliquias, donaciones y contribuciones; eregir y construir y por consiguiente darle mantenimiento a un edificio o edificios para el uso y prop\u00f3sito del Congreso y sus miembros; comprar, adquirir y obtener por concesi\u00f3n, donaci\u00f3n, testamento, arrendamiento o por otros medios, bienes muebles o inmuebles para los objetivos del Congreso y sus miembros; gravar con hipoteca, escritura de fideicomiso o por otros medios, sus bienes muebles o inmuebles as\u00ed como firmar, emitir y entregar el o los pagar\u00e9s y otros compromisos escritos relacionados con esto; prestar dinero o solicitar pr\u00e9stamos de dinero con o sin garant\u00edas; arrendar u otorgar contratos de arrendamiento con opci\u00f3n de compra de propiedades a su nombre; ejercitar \u00e9stas y otras facultades que sean propias y necesarias para llevar a cabo los prop\u00f3sitos anteriores y los negocios comunes y habituales de una organizaci\u00f3n del Estado como la que aqu\u00ed se incorpora. (Modificado el 4 de mayo de 1960 y el 30 de abril de 1975).<\/p>\n<p>3) Que la sede central para la transacci\u00f3n de los negocios de la corporaci\u00f3n est\u00e1 localizada en el condado de Sacramento, California. (Modificado el 4 de mayo de 1960 y el 4 de mayo de 2007.)<\/p>\n<p>4) Que los t\u00e9rminos de existencia de dicha corporaci\u00f3n son perpetuos. (Modificado el 4 de mayo de 1960.)<\/p>\n<p>5) Dicha corporaci\u00f3n est\u00e1 organizada seg\u00fan y de acuerdo con la <i>General Nonprofit Corporation Law of the State of California<\/i> (Ley General para las Corporaciones sin Fines de Lucro del Estado de California) y no poseer\u00e1 acciones de capital ni tiene la intenci\u00f3n de obtener ganancias pecuniarias, lucro o dividendos para sus miembros. Que ninguna parte de sus ingresos o recursos pasar\u00e1 al beneficio de ninguno de sus miembros o individuos, excepto en el caso de un individuo que indirectamente se pueda beneficiar de la remuneraci\u00f3n recibida por realizar tareas administrativas espec\u00edficas para el funcionamiento de la PTA. Que los bienes y propiedades de esta corporaci\u00f3n est\u00e1n irrevocablemente dedicados a prop\u00f3sitos filantr\u00f3picos y de caridad, y que en caso de disoluci\u00f3n de la organizaci\u00f3n o renuncia por parte de sus miembros, estos no pasar\u00e1n como beneficio de ninguna persona, sino que se distribuir\u00e1n al <i>National Congress of Parents and Teachers<\/i> (Congreso Nacional de Padres y Maestros) o al Estado de California. (Modificado el 4 de mayo de 1960 y el 5 de mayo de 1978.)<\/p>\n<p>6) Que el n\u00famero de directores no ser\u00e1 menor a 13 (trece) ni mayor a 16 (diecis\u00e9is), con el n\u00famero exacto de directores a ser fijado, dentro de los l\u00edmites especificados, mediante aprobaci\u00f3n de sus miembros, en la forma establecida por los estatutos. (Modificado el 26 de mayo de 1926, el 30 de abril de 1975 y el 5 de mayo de 1982.) Adem\u00e1s, que los nombres y las residencias de los directores designados para el primer a\u00f1o y que prestar\u00e1n servicio hasta la elecci\u00f3n y calificaci\u00f3n de tales oficiales, son los siguientes:<\/p>\n<p style=\"padding-left: 30px;\">Sra. Ewing, 70 E William St., San Jos\u00e9, California<br \/>\nSra. Bradford, 1550-39 St., Sacramento<br \/>\nSra. Sheehan, 117 Alpine Terrace, San Francisco<br \/>\nSra. Dorsey, 435 So. 10th St., San Jos\u00e9<br \/>\nSra. Painter, 2209 Ward St., Berkeley<br \/>\nSra. Bates, 3584 Grim Ave., San Diego<br \/>\nSra. Dale, Mountain View<br \/>\nSra. Goodale, Anaheim, California<br \/>\nSra. Cross, 604 Benton St., Santa Rosa<br \/>\nSra. Gray, Los \u00c1ngeles<\/p>\n<p>7) Que estas cl\u00e1usulas se archivan bajo la autoridad otorgada en la convenci\u00f3n anual del Congreso de Padres y Maestros de California, Inc., debida y regularmente reunida, llevada a cabo en Stockton, Estado de California, el 9 de mayo de 1923; y que los directores nombrados en esta acta de constituci\u00f3n fueron escogidos por voto en la convenci\u00f3n.<\/p>\n<p>8) Que tales actos se llevaron a cabo en conformidad con la constituci\u00f3n y los estatutos del Congreso de Padres y Maestros de California, Inc.<\/p>\n<p>EN FE DE LO CUAL, nosotros, la Presidenta y la Secretaria del citado Congreso de Padres y Maestros de California, Inc., a continuaci\u00f3n firmamos y sellamos el d\u00eda nueve de mayo de mil novecientos veintitr\u00e9s.<\/p>\n<p style=\"padding-left: 30px;\">Sra. Ewing, Presidenta (sello)<br \/>\nSra. Sheehan, Secretaria (sello)<\/p>\n<p>La Secretar\u00eda de Estado del Estado de California ha archivado y aceptado el Acta de Constituci\u00f3n original y todas sus modificaciones. Adem\u00e1s, se han presentado copias certificadas ante el Secretario del Condado de Los \u00c1ngeles.<\/p>\n<p><em>Se archivan copias en la oficina estatal del Congreso de Padres, Maestros y Estudiantes de California, Inc.<\/em><\/p>\n","protected":false},"excerpt":{"rendered":"<p>(Impreso para incluir las enmiendas del 13 de mayo de 1925, 26 de mayo de 1926, 4 de mayo de 1960, 30 abril de 1975, 5 de mayo de 1978 y 5 de mayo de 1982) SEPAN TODOS POR ESTE DOCUMENTO: Que nosotros, los abajo firmantes, en su mayor\u00eda ciudadanos y residentes del estado de [&hellip;]<\/p>\n","protected":false},"author":8,"featured_media":0,"parent":3111,"menu_order":0,"comment_status":"closed","ping_status":"closed","template":"","meta":{"footnotes":""},"class_list":["post-5679","page","type-page","status-publish","hentry","entry"],"_links":{"self":[{"href":"https:\/\/toolkit.capta.org\/es\/wp-json\/wp\/v2\/pages\/5679","targetHints":{"allow":["GET"]}}],"collection":[{"href":"https:\/\/toolkit.capta.org\/es\/wp-json\/wp\/v2\/pages"}],"about":[{"href":"https:\/\/toolkit.capta.org\/es\/wp-json\/wp\/v2\/types\/page"}],"author":[{"embeddable":true,"href":"https:\/\/toolkit.capta.org\/es\/wp-json\/wp\/v2\/users\/8"}],"replies":[{"embeddable":true,"href":"https:\/\/toolkit.capta.org\/es\/wp-json\/wp\/v2\/comments?post=5679"}],"version-history":[{"count":0,"href":"https:\/\/toolkit.capta.org\/es\/wp-json\/wp\/v2\/pages\/5679\/revisions"}],"up":[{"embeddable":true,"href":"https:\/\/toolkit.capta.org\/es\/wp-json\/wp\/v2\/pages\/3111"}],"wp:attachment":[{"href":"https:\/\/toolkit.capta.org\/es\/wp-json\/wp\/v2\/media?parent=5679"}],"curies":[{"name":"wp","href":"https:\/\/api.w.org\/{rel}","templated":true}]}}