{"id":5780,"date":"2013-10-08T12:05:04","date_gmt":"2013-10-08T19:05:04","guid":{"rendered":"http:\/\/toolkit.capta.org\/know-the-pta\/other-organizations\/"},"modified":"2014-02-01T18:38:24","modified_gmt":"2014-02-02T02:38:24","slug":"other-organizations","status":"publish","type":"page","link":"https:\/\/toolkit.capta.org\/es\/know-the-pta\/other-organizations\/","title":{"rendered":"Otras organizaciones"},"content":{"rendered":"<p>Ninguna PTA se puede unir a otro grupo, ni estar de acuerdo en seguir los estatutos o pol\u00edticas de ning\u00fan otro grupo. Algunas veces la asociaci\u00f3n paga afiliaciones personales al presidente de la PTA o a algunos patrocinadores seleccionados por la afiliaci\u00f3n de la PTA, pero es opcional.<\/p>\n","protected":false},"excerpt":{"rendered":"<p>Ninguna PTA se puede unir a otro grupo, ni estar de acuerdo en seguir los estatutos o pol\u00edticas de ning\u00fan otro grupo. Algunas veces la asociaci\u00f3n paga afiliaciones personales al presidente de la PTA o a algunos patrocinadores seleccionados por la afiliaci\u00f3n de la PTA, pero es opcional.<\/p>\n","protected":false},"author":8,"featured_media":0,"parent":3111,"menu_order":0,"comment_status":"closed","ping_status":"closed","template":"","meta":{"footnotes":""},"class_list":["post-5780","page","type-page","status-publish","hentry","entry"],"_links":{"self":[{"href":"https:\/\/toolkit.capta.org\/es\/wp-json\/wp\/v2\/pages\/5780","targetHints":{"allow":["GET"]}}],"collection":[{"href":"https:\/\/toolkit.capta.org\/es\/wp-json\/wp\/v2\/pages"}],"about":[{"href":"https:\/\/toolkit.capta.org\/es\/wp-json\/wp\/v2\/types\/page"}],"author":[{"embeddable":true,"href":"https:\/\/toolkit.capta.org\/es\/wp-json\/wp\/v2\/users\/8"}],"replies":[{"embeddable":true,"href":"https:\/\/toolkit.capta.org\/es\/wp-json\/wp\/v2\/comments?post=5780"}],"version-history":[{"count":0,"href":"https:\/\/toolkit.capta.org\/es\/wp-json\/wp\/v2\/pages\/5780\/revisions"}],"up":[{"embeddable":true,"href":"https:\/\/toolkit.capta.org\/es\/wp-json\/wp\/v2\/pages\/3111"}],"wp:attachment":[{"href":"https:\/\/toolkit.capta.org\/es\/wp-json\/wp\/v2\/media?parent=5780"}],"curies":[{"name":"wp","href":"https:\/\/api.w.org\/{rel}","templated":true}]}}