{"id":5917,"date":"2013-12-03T12:23:37","date_gmt":"2013-12-03T20:23:37","guid":{"rendered":"http:\/\/toolkit.capta.org\/finance\/table-of-contents\/"},"modified":"2024-03-27T16:09:59","modified_gmt":"2024-03-27T23:09:59","slug":"table-of-contents","status":"publish","type":"page","link":"https:\/\/toolkit.capta.org\/es\/finance\/table-of-contents\/","title":{"rendered":"\u00cdndice"},"content":{"rendered":"<div class=\"spotlightbox\">\n<h3><b>Pol\u00edticas y procedimientos<br \/>\n<\/b><\/h3>\n<p><a href=\"https:\/\/toolkit.capta.org\/es\/finance\/policies-and-procedures\/fiduciary-responsibilities\/\">Responsabilidades Fiduciarias<\/a><a href=\"http:\/\/toolkit.capta.org\/finance\/policies-and-procedures\/commingling-of-funds\/\"><br \/>\n<\/a><a href=\"https:\/\/toolkit.capta.org\/es\/finance\/policies-and-procedures\/signs-of-good-financial-health\/\">Signos de buena salud financiera<\/a><a href=\"http:\/\/toolkit.capta.org\/finance\/policies-and-procedures\/commingling-of-funds\/\"><br \/>\n<\/a><a href=\"https:\/\/toolkit.capta.org\/es\/finance\/policies-and-procedures\/sample-financial-calendar-of-activities\/\">Muestra del calendario de actividades<\/a><a href=\"http:\/\/toolkit.capta.org\/finance\/policies-and-procedures\/commingling-of-funds\/\"><br \/>\n<\/a><a href=\"https:\/\/toolkit.capta.org\/es\/finance\/policies-and-procedures\/records-retention-schedule-and-destruction-policy\/\">Programa de Conservaci\u00f3n de Registros y Norma de Destrucci\u00f3n<\/a><a href=\"http:\/\/toolkit.capta.org\/finance\/policies-and-procedures\/commingling-of-funds\/\"><br \/>\n<\/a><a href=\"https:\/\/toolkit.capta.org\/es\/finance\/policies-and-procedures\/commingling-of-funds\/\">Mezcla de fondos<\/a><br \/>\n<a href=\"https:\/\/toolkit.capta.org\/es\/finance\/policies-and-procedures\/fiduciary-agreements-and-gifts-to-school\/\">Acuerdos fiduciarios y obsequios a las escuelas<\/a><br \/>\n<a href=\"https:\/\/toolkit.capta.org\/es\/finance\/policies-and-procedures\/contracts\/\">Contratos<\/a><br \/>\n<a href=\"https:\/\/toolkit.capta.org\/es\/finance\/policies-and-procedures\/hold-harmless-agreements\/\">Cl\u00e1usula de exenci\u00f3n de la responsabilidad<\/a><\/p>\n<p><b>Varia informaci\u00f3n de funcionamiento<br \/>\n<\/b><a href=\"https:\/\/toolkit.capta.org\/es\/finance\/policies-and-procedures\/special-request-for-professional-opinion\/\">Solicitud especial de opini\u00f3n profesional<\/a><br \/>\n<a href=\"https:\/\/toolkit.capta.org\/es\/finance\/policies-and-procedures\/pta-provided-baby-sitting-services\/\">Servicios de cuidado de ni\u00f1os provistos por la PTA<\/a><br \/>\n<a href=\"https:\/\/toolkit.capta.org\/es\/finance\/policies-and-procedures\/handling-requests-for-relief-assistance\/\">C\u00f3mo atender solicitudes de socorro<\/a><br \/>\n<a href=\"https:\/\/toolkit.capta.org\/es\/finance\/policies-and-procedures\/school-bond-and-other-ballot-measure-campaigns\/\">El bono escolar y otras campa\u00f1as de medidas en papeletas escolares<\/a><\/p>\n<p>&nbsp;<\/p>\n<\/div>\n<div class=\"spotlightbox\">\n<h3><b>Funcionarios financieros<br \/>\n<\/b><\/h3>\n<p><a href=\"https:\/\/toolkit.capta.org\/es\/finance\/financial-officers\/financial-officers\/\">Funcionarios Financieros<\/a><a href=\"http:\/\/toolkit.capta.org\/finance\/financial-officers\/treasurer-duties\/\"><br \/>\n<\/a><a href=\"https:\/\/toolkit.capta.org\/es\/finance\/financial-officers\/treasurer-duties\/\">Obligaciones del Tesorero<\/a><br \/>\n<a href=\"https:\/\/toolkit.capta.org\/es\/finance\/financial-officers\/financial-secretary-duties\/\">Obligaciones del Secretario de Finanzas<\/a><br \/>\n<a href=\"https:\/\/toolkit.capta.org\/es\/finance\/financial-officers\/auditor-duties\/\">Obligaciones del Auditor<\/a><br \/>\n<a href=\"https:\/\/toolkit.capta.org\/es\/finance\/financial-officers\/president-financial-duties\/\">Obligaciones Financieras del Presidente<\/a><br \/>\n<a href=\"https:\/\/toolkit.capta.org\/es\/finance\/financial-officers\/secretary-financial-duties\/\">Obligaciones del Secretario de Finanzas<\/a><br \/>\n<a href=\"https:\/\/toolkit.capta.org\/es\/finance\/financial-officers\/vice-presidentchairman-financial-duties\/\">Obligaciones Financieras del Vicepresidente\/Jefe<\/a><br \/>\n<a href=\"https:\/\/toolkit.capta.org\/es\/finance\/financial-officers\/financial-officer-transition\/\">Funcionarios Financieros Que Dejan el Cargo<\/a><\/p>\n<\/div>\n<div class=\"spotlightbox\">\n<h3><\/h3>\n<h3><b>Registros, informes y formularios<br \/>\n<\/b><\/h3>\n<p><a href=\"https:\/\/toolkit.capta.org\/es\/finance\/reports-and-forms\/contents-of-the-treasurers-records\/\">Contenido de los Registros de Tesorer\u00eda<\/a><br \/>\n<a href=\"https:\/\/toolkit.capta.org\/es\/finance\/reports-and-forms\/computer-generated-financial-records\/\">Registros financieros realizados por computadora<\/a><br \/>\n<a href=\"https:\/\/toolkit.capta.org\/es\/finance\/reports-and-forms\/guidelines-for-computer-use\/\">Disposisiones para el uso de la computadora<\/a><a href=\"http:\/\/toolkit.capta.org\/finance\/reports-and-forms\/guidelines-for-computer-use\/\"><br \/>\n<\/a><a href=\"https:\/\/toolkit.capta.org\/es\/finance\/reports-and-forms\/budget\/\">El presupuesto<\/a><br \/>\n<a href=\"https:\/\/toolkit.capta.org\/es\/finance\/reports-and-forms\/treasurers-report\/\">Informe del tesorero<\/a><br \/>\n<a href=\"https:\/\/toolkit.capta.org\/es\/finance\/reports-and-forms\/financial-secretarys-report\/\">Informe del secretario financiero<\/a><br \/>\n<a href=\"https:\/\/toolkit.capta.org\/es\/finance\/reports-and-forms\/auditors-report\/\">Informe del auditor<\/a><br \/>\n<a href=\"https:\/\/toolkit.capta.org\/es\/finance\/reports-and-forms\/annual-financial-report\/\">Informe financiero anual<\/a><br \/>\n<a href=\"https:\/\/toolkit.capta.org\/es\/finance\/reports-and-forms\/unit-remittance-form\/\">Formulario para remisi\u00f3n de la unidad<\/a><br \/>\n<a href=\"https:\/\/toolkit.capta.org\/es\/finance\/reports-and-forms\/cash-verification-form\/\">Formulario de verificaci\u00f3n de efectivo<\/a><br \/>\n<a href=\"https:\/\/toolkit.capta.org\/es\/finance\/reports-and-forms\/payment-authorizationrequest-for-reimbursement-form\/\">Solicitud de autorizaci\u00f3n de pago\/reembolso<\/a><br \/>\n<a href=\"https:\/\/toolkit.capta.org\/es\/finance\/reports-and-forms\/workers-compensation-annual-payroll-report\/\">Informe de nomina anual de componsaci\u00f3nde los trabajadores<\/a><\/p>\n<\/div>\n<h3><\/h3>\n<div class=\"spotlightbox\">\n<h3><b>Banca<\/b><\/h3>\n<p><b> <\/b><a href=\"https:\/\/toolkit.capta.org\/es\/finance\/banking\/banking\/\">Banca<\/a><a href=\"http:\/\/toolkit.capta.org\/finance\/banking\/bank-statements\/\"><br \/>\n<\/a><a href=\"https:\/\/toolkit.capta.org\/es\/finance\/banking\/bank-statements\/\">Estados de cuenta bancarios<\/a><br \/>\n<a href=\"https:\/\/toolkit.capta.org\/es\/finance\/banking\/outstanding-checks\/\">Cheques pendientes<\/a><br \/>\n<a href=\"https:\/\/toolkit.capta.org\/es\/finance\/banking\/deposits\/\">Dep\u00f3sitos<\/a><br \/>\n<a href=\"https:\/\/toolkit.capta.org\/es\/finance\/banking\/bank-cardsatm-and-credit-cards\/\">Tarjetas de banco\/tarjetas de ATM y cr\u00e9dito<\/a><br \/>\n<a href=\"https:\/\/toolkit.capta.org\/es\/finance\/banking\/petty-cash\/\">Caja chica<\/a><br \/>\n<a href=\"https:\/\/toolkit.capta.org\/es\/finance\/banking\/savings-account\/\">Cuenta de ahorros<\/a><\/p>\n<\/div>\n<h3><\/h3>\n<div class=\"spotlightbox\">\n<h3><b>Ingresos y gastos<br \/>\n<\/b><\/h3>\n<p><a href=\"https:\/\/toolkit.capta.org\/es\/finance\/banking\/income\/\"><b>Ingresos<\/b><\/a><b><br \/>\n<\/b><a href=\"https:\/\/toolkit.capta.org\/es\/finance\/banking\/handling-pta-funds\/\">Manejos de los fondos de la PTA<\/a><br \/>\n<a href=\"https:\/\/toolkit.capta.org\/es\/programa-de-membresia-electronica-de-la-pta-del-estado-de-california\/\">Programa de Membres\u00eda Electr\u00f3nica de la PTA del Estado de California<\/a><br \/>\n<a href=\"https:\/\/toolkit.capta.org\/es\/finance\/banking\/providing-documentation-to-donors\/\">Suministrar documentos a los donantes<\/a><br \/>\n<a href=\"https:\/\/toolkit.capta.org\/es\/finance\/banking\/returned-not-sufficient-funds-checks\/\">Cheques devueltos por insuficiencia de fondos<\/a><br \/>\n<a href=\"https:\/\/toolkit.capta.org\/es\/finance\/banking\/nfs-checks-bookkeeping-procedures\/\">Procedimientos de contabilidad para cheques devueltos por insuficiencia de fondos<\/a><br \/>\n<a href=\"https:\/\/toolkit.capta.org\/es\/finance\/banking\/non-dues-revenue\/\">Ingresos adicionales a las cuotas de afiliaci\u00f3n<\/a><br \/>\n<a href=\"https:\/\/toolkit.capta.org\/es\/finance\/banking\/income-financial-procedures-for-the-internet\/\">Procedimientos financieros por internet<\/a><\/p>\n<p><a href=\"https:\/\/toolkit.capta.org\/es\/finance\/banking\/expenditures\/\"><b>Gastos<\/b><\/a><b><br \/>\n<\/b><a href=\"https:\/\/toolkit.capta.org\/es\/finance\/banking\/check-request-system\/\">Sistema de solicitud de cheques: Autorizaci\u00f3n de pago y solicitud de reembolso<\/a><br \/>\n<a href=\"https:\/\/toolkit.capta.org\/es\/finance\/banking\/authorization-procedure\/\">Procedimiento de autorizaci\u00f3n: Fondos presupuestados pero sin autorizar<\/a><br \/>\n<a href=\"https:\/\/toolkit.capta.org\/es\/finance\/banking\/unbudgeted-expenditures\/\">Gastos no presupuestarios<\/a><br \/>\n<a href=\"https:\/\/toolkit.capta.org\/es\/finance\/banking\/banking\/expenditures-financial-procedures-for-the-internet\/\">Procedimientos financieros por internet<\/a><br \/>\n<a href=\"https:\/\/toolkit.capta.org\/es\/finance\/banking\/request-for-advance\/\">Solicitud de adelanto<\/a><br \/>\n<a href=\"https:\/\/toolkit.capta.org\/es\/finance\/banking\/stale-dated-checks\/\">Cheques con fecha vencida<\/a><\/p>\n<\/div>\n<h3><\/h3>\n<div class=\"spotlightbox\">\n<h3><b>El presupuesto<br \/>\n<\/b><\/h3>\n<p><b> <\/b><a href=\"https:\/\/toolkit.capta.org\/es\/finance\/budgeting\/developing-the-budget\/\">Desarrollo del presupuesto<\/a><br \/>\n<a href=\"https:\/\/toolkit.capta.org\/es\/finance\/budgeting\/recommended-budget-line-items\/\">Partidas presupuestarias recomendadas<\/a><br \/>\n<a href=\"https:\/\/toolkit.capta.org\/es\/finance\/budgeting\/funds-not-belonging-to-the-unit\/\">Fondos no pertenecientes a la unidad<\/a><br \/>\n<a href=\"https:\/\/toolkit.capta.org\/es\/finance\/budgeting\/approving-the-budget\/\">Aprobaci\u00f3n del presupuesto<\/a><br \/>\n<a href=\"https:\/\/toolkit.capta.org\/es\/finance\/budgeting\/amending-the-budget\/\">Modificando el presupuesto<\/a><br \/>\n<a href=\"https:\/\/toolkit.capta.org\/es\/finance\/budgeting\/protecting-pta-tax-exemption\/\">Protecci\u00f3n de la exenci\u00f3n tributaria de la PTA<\/a><\/p>\n<\/div>\n<h3><\/h3>\n<div class=\"spotlightbox\">\n<h3><b>Recaudaci\u00f3n de fondos<br \/>\n<\/b><\/h3>\n<p><b> <\/b><a href=\"https:\/\/toolkit.capta.org\/es\/finance\/fundraising\/local-requirements-for-fundraising\/\">Requisitos locales para la recaudaci\u00f3n de fondos<\/a><br \/>\n<a href=\"https:\/\/toolkit.capta.org\/es\/finance\/fundraising\/standards-for-pta-fundraising\/\">Recaudaci\u00f3n de fondos para las PTA<\/a><br \/>\n<a href=\"https:\/\/toolkit.capta.org\/es\/finance\/fundraising\/fundraising-committee-responsibilities\/\">Responsabilidades del comit\u00e9 de recaudaci\u00f3n de fondos<\/a><br \/>\n<a href=\"https:\/\/toolkit.capta.org\/es\/finance\/fundraising\/committee-procedures\/\">Procedimientos del comit\u00e9<\/a><br \/>\n<a href=\"https:\/\/toolkit.capta.org\/es\/finance\/fundraising\/fundraising-inventory-management\/\">Manejo del inventario de recaudaci\u00f3n de fondos<\/a><br \/>\n<a href=\"http:\/\/toolkit.capta.org\/running-your-pta\/basic-policies\/noncommercial-policy\/\">Norma no comercial<\/a><br \/>\n<a href=\"https:\/\/toolkit.capta.org\/es\/finance\/fundraising\/sponsorship-versus-endorsement\/\">Patrocinio versus respaldo<\/a><br \/>\n<a href=\"https:\/\/toolkit.capta.org\/es\/finance\/fundraising\/selecting-appropriate-fundraising-activities\/\">Selecci\u00f3n de las actividades de recaudaci\u00f3n de fondos<\/a><br \/>\n<a href=\"https:\/\/toolkit.capta.org\/es\/finance\/fundraising\/obtaining-grants\/\">Obtenci\u00f3n de suvbenciones<\/a><\/p>\n<\/div>\n<h3><\/h3>\n<div class=\"spotlightbox\">\n<h3><b>Programas en la escuela<br \/>\n<\/b><\/h3>\n<p><b> <\/b><a href=\"https:\/\/toolkit.capta.org\/es\/finance\/programs-at-schools\/pta-funds-versus-school-funds\/\">Fondos de la PTA versus fondos escolares o p\u00fablicos<\/a><br \/>\n<a href=\"https:\/\/toolkit.capta.org\/es\/finance\/programs-at-schools\/field-trips\/\">Excursiones de campo<\/a><br \/>\n<a href=\"https:\/\/toolkit.capta.org\/es\/finance\/programs-at-schools\/school-staff-positions\/\">Cargos de personal escolar<\/a><br \/>\n<a href=\"https:\/\/toolkit.capta.org\/es\/finance\/programs-at-schools\/computers-technology-and-other-major-purchases\/\">Adquisici\u00f3n de computadoras, tecnolog\u00eda y otras<\/a><br \/>\n<a href=\"https:\/\/toolkit.capta.org\/es\/finance\/programs-at-schools\/academic-enrichment-programs\/\">Programas de enriquecimientos acad\u00e9mico<\/a><br \/>\n<a href=\"https:\/\/toolkit.capta.org\/es\/finance\/programs-at-schools\/personal-gifts\/\">Obsequios personales<\/a><br \/>\n<a href=\"https:\/\/toolkit.capta.org\/es\/finance\/programs-at-schools\/hospitality\/\">Hospitalidad<\/a><br \/>\n<a href=\"https:\/\/toolkit.capta.org\/es\/finance\/programs-at-schools\/staff-appreciation\/\">Apreciaci\u00f3n del personal<\/a><br \/>\n<a href=\"https:\/\/toolkit.capta.org\/es\/finance\/programs-at-schools\/volunteer-appreciation\/\">Apreciaci\u00f3n de los voluntarios<\/a><br \/>\n<a href=\"https:\/\/toolkit.capta.org\/es\/finance\/programs-at-schools\/pta-and-education-foundations\/\">La PTA y las funciones educativas<\/a><\/p>\n<\/div>\n<h3><\/h3>\n<div class=\"spotlightbox\">\n<h3><b>La auditor\u00eda de la PTA<br \/>\n<\/b><\/h3>\n<p><b> <\/b><a href=\"https:\/\/toolkit.capta.org\/es\/finance\/pta-audit\/audit-schedule\/\">Programa de auditor\u00eda<\/a><br \/>\n<a href=\"https:\/\/toolkit.capta.org\/es\/finance\/pta-audit\/purpose-of-an-audit\/\">Prop\u00f3sito de la auditor\u00eda<\/a><br \/>\n<a href=\"https:\/\/toolkit.capta.org\/es\/finance\/pta-audit\/preparation-for-an-audit\/\">Preparaci\u00f3n para la auditor\u00eda<\/a><br \/>\n<a href=\"https:\/\/toolkit.capta.org\/es\/finance\/pta-financial-review\/financial-review-procedure-and-recommendations\/\">Procedimiento de Revisi\u00f3n Financiera y Recomendaciones<\/a><br \/>\n<a href=\"https:\/\/toolkit.capta.org\/es\/finance\/pta-audit\/audit-report\/\">Informe de auditor\u00eda<\/a><\/p>\n<\/div>\n<h3><\/h3>\n<div class=\"spotlightbox\">\n<h3><b>Presentaci\u00f3n de impuestos<br \/>\n<\/b><\/h3>\n<p><b> Requisitos tributarios<br \/>\n<\/b><a href=\"https:\/\/toolkit.capta.org\/es\/finance\/tax-filing\/employer-identification-number\/\">N\u00famero de identificaci\u00f3n de empleador<\/a> (EIN)<br \/>\n<a href=\"https:\/\/toolkit.capta.org\/es\/finance\/tax-filing\/tax-exempt-status-and-letters-of-determination\/\">Estatus de exenci\u00f3n fiscal y cartas de determinaci\u00f3n<\/a><br \/>\n<a href=\"https:\/\/toolkit.capta.org\/es\/finance\/tax-filing\/sales-tax\/\">Impuesto sobre las ventas<\/a><br \/>\n<a href=\"https:\/\/toolkit.capta.org\/es\/finance\/tax-filing\/federal-taxes\/\">Impuestos federales<\/a><br \/>\n<a href=\"https:\/\/toolkit.capta.org\/es\/finance\/tax-filing\/state-taxes-and-government-forms\/\">Impuestos estatales y formularios gubernamentales<\/a><br \/>\n<a href=\"https:\/\/toolkit.capta.org\/es\/finance\/tax-filing\/gross-receipts\/\">Ingresos brutos<\/a><br \/>\n<a href=\"https:\/\/toolkit.capta.org\/es\/finance\/tax-filing\/unrelated-business-income-tax\/\">Impuestos sobre los ingresos por negocios no relacionados<\/a><br \/>\n<a href=\"https:\/\/toolkit.capta.org\/es\/finance\/tax-filing\/filing-due-dates\/\">Fechas de presentaci\u00f3n de las declaraciones<\/a><br \/>\n<a href=\"https:\/\/toolkit.capta.org\/es\/finance\/tax-filing\/officer-responsibilities-for-filing\/\">Responsabilidades de los funcionarios en las declaraciones<\/a><br \/>\n<a href=\"https:\/\/toolkit.capta.org\/es\/finance\/tax-filing\/irs-audit\/\">Auditor\u00eda del Servicio de Impuestos Internos<\/a> (IRS)<\/p>\n<\/div>\n<h3><\/h3>\n<div class=\"spotlightbox\">\n<h3><b>La PTA como empleador<br \/>\n<\/b><\/h3>\n<p><b> <\/b><a href=\"https:\/\/toolkit.capta.org\/es\/finance\/pta-as-an-employer\/employee-versus-independent-contractor\/\">Empleadore versus contratista independiente<\/a><br \/>\n<a href=\"https:\/\/toolkit.capta.org\/es\/finance\/pta-as-an-employer\/approving-projects-that-require-employees\/\">Aprobaci\u00f3n de proyectos que requieren empleados<\/a><br \/>\n<a href=\"https:\/\/toolkit.capta.org\/es\/finance\/pta-as-an-employer\/planning\/\">Planificaci\u00f3n<\/a><br \/>\n<a href=\"https:\/\/toolkit.capta.org\/es\/finance\/pta-as-an-employer\/hiring-requirements\/\">Requisitos para la contrataci\u00f3n de empleados<\/a><br \/>\n<a href=\"https:\/\/toolkit.capta.org\/es\/finance\/pta-as-an-employer\/comprehensive-general-liability-insurance-for-independent-contractors\/\">Seguro de responsabilidad civil general extensiva para contratistas independientes<\/a><br \/>\n<a href=\"https:\/\/toolkit.capta.org\/es\/finance\/pta-as-an-employer\/workers-compensation-insurance\/\">Seguro de compnesaci\u00f3n de los trabajadores<\/a><br \/>\n<a href=\"https:\/\/toolkit.capta.org\/es\/finance\/pta-as-an-employer\/in-case-of-employee-injury\/\">Encaso de lesi\u00f3n del trabajador<\/a><br \/>\n<a href=\"https:\/\/toolkit.capta.org\/es\/finance\/pta-as-an-employer\/workers-compensation-annual-payroll-report\/\">Informe de n\u00f3mina anual de compensaci\u00f3n de los trabajadores<\/a><br \/>\n<a href=\"https:\/\/toolkit.capta.org\/es\/finance\/pta-as-an-employer\/employer-tax-and-withholding-requirements\/\">Requisitos sobre el impuesto de empleador y la retenci\u00f3n<\/a><br \/>\n<a href=\"https:\/\/toolkit.capta.org\/es\/finance\/pta-as-an-employer\/filing-requirements-for-employers\/\">Requisitos de la declaraci\u00f3n de los empleadores <\/a><br \/>\n<a href=\"https:\/\/toolkit.capta.org\/es\/finance\/pta-as-an-employer\/penalties\/\">Sanciones<\/a><br \/>\n<a href=\"https:\/\/toolkit.capta.org\/es\/finance\/pta-as-an-employer\/filing-requirements-for-independent-contractors\/\">Requisitos de la declaraci\u00f3n de contratistas independientes<\/a><\/p>\n<\/div>\n<h3><\/h3>\n<div class=\"spotlightbox\">\n<h3><b>Seguro<\/b><\/h3>\n<p><b>Reclamaciones de seguros<br \/>\n<\/b><a href=\"https:\/\/toolkit.capta.org\/es\/finance\/insurance\/bonding-and-insurance\/\">Finaza y seguro<\/a><br \/>\n<em><a href=\"https:\/\/toolkit.capta.org\/es\/finance\/insurance\/insurance-and-loss-prevention-guide\/\">Gu\u00eda de seguros y prevenci\u00f3n de p\u00e9rdidas<\/a><br \/>\n<\/em><a href=\"https:\/\/toolkit.capta.org\/es\/finance\/insurance\/mismanagement-of-fundsembezzlement\/\">Mala administraci\u00f3n de fondos o malversaci\u00f3n<\/a><br \/>\n<a href=\"https:\/\/toolkit.capta.org\/es\/finance\/insurance\/accidents-or-incidents\/\">Informaci\u00f3n sobre accidentes<\/a><\/p>\n<\/div>\n","protected":false},"excerpt":{"rendered":"<p>Pol\u00edticas y procedimientos Responsabilidades Fiduciarias Signos de buena salud financiera Muestra del calendario de actividades Programa de Conservaci\u00f3n de Registros y Norma de Destrucci\u00f3n Mezcla de fondos Acuerdos fiduciarios y obsequios a las escuelas Contratos Cl\u00e1usula de exenci\u00f3n de la responsabilidad Varia informaci\u00f3n de funcionamiento Solicitud especial de opini\u00f3n profesional Servicios de cuidado de ni\u00f1os [&hellip;]<\/p>\n","protected":false},"author":8,"featured_media":0,"parent":3057,"menu_order":0,"comment_status":"closed","ping_status":"closed","template":"","meta":{"footnotes":""},"class_list":["post-5917","page","type-page","status-publish","hentry","entry"],"_links":{"self":[{"href":"https:\/\/toolkit.capta.org\/es\/wp-json\/wp\/v2\/pages\/5917","targetHints":{"allow":["GET"]}}],"collection":[{"href":"https:\/\/toolkit.capta.org\/es\/wp-json\/wp\/v2\/pages"}],"about":[{"href":"https:\/\/toolkit.capta.org\/es\/wp-json\/wp\/v2\/types\/page"}],"author":[{"embeddable":true,"href":"https:\/\/toolkit.capta.org\/es\/wp-json\/wp\/v2\/users\/8"}],"replies":[{"embeddable":true,"href":"https:\/\/toolkit.capta.org\/es\/wp-json\/wp\/v2\/comments?post=5917"}],"version-history":[{"count":3,"href":"https:\/\/toolkit.capta.org\/es\/wp-json\/wp\/v2\/pages\/5917\/revisions"}],"predecessor-version":[{"id":11203,"href":"https:\/\/toolkit.capta.org\/es\/wp-json\/wp\/v2\/pages\/5917\/revisions\/11203"}],"up":[{"embeddable":true,"href":"https:\/\/toolkit.capta.org\/es\/wp-json\/wp\/v2\/pages\/3057"}],"wp:attachment":[{"href":"https:\/\/toolkit.capta.org\/es\/wp-json\/wp\/v2\/media?parent=5917"}],"curies":[{"name":"wp","href":"https:\/\/api.w.org\/{rel}","templated":true}]}}