{"id":5919,"date":"2013-12-12T09:09:51","date_gmt":"2013-12-12T17:09:51","guid":{"rendered":"http:\/\/toolkit.capta.org\/membership\/table-of-contents\/"},"modified":"2014-05-14T16:21:48","modified_gmt":"2014-05-14T23:21:48","slug":"table-of-contents","status":"publish","type":"page","link":"https:\/\/toolkit.capta.org\/es\/membership\/table-of-contents\/","title":{"rendered":"\u00cdndice"},"content":{"rendered":"<div class=\"spotlightbox\">\n<p><a href=\"https:\/\/toolkit.capta.org\/es\/membership\/joining-pta\/\">Afiliaci\u00f3n a la PTA<\/a><\/p>\n<\/div>\n<div class=\"spotlightbox\">\n<p><a href=\"https:\/\/toolkit.capta.org\/es\/membership\/membership-basics\/\">Lo b\u00e1sico de la afiliaci\u00f3n a la PTA<\/a><\/p>\n<p style=\"text-align: left; padding-left: 30px;\">El plan de la afiliaci\u00f3n<br \/>\nTema de afiliaci\u00f3n<br \/>\nCalendario y presupuesto de la afiliaci\u00f3n<br \/>\nImplementaci\u00f3n del plan de la afiliaci\u00f3n<br \/>\nSobres de afiliaci\u00f3n<br \/>\nCuota de afiliaci\u00f3n<br \/>\nTarjetas de afiliaci\u00f3n<br \/>\nInformaci\u00f3n de contacto de los miembros y listas de afiliaci\u00f3n<br \/>\nAfiliaci\u00f3n<br \/>\nAfiliaci\u00f3n de estudiantes<br \/>\nAfiliaci\u00f3n de administradores\/maestros\/personal<br \/>\nAfiliaci\u00f3n familiar<br \/>\nMiembros fundadores<\/p>\n<\/div>\n<div class=\"spotlightbox\">\n<p><a href=\"https:\/\/toolkit.capta.org\/es\/membership\/membership-promotion-tools\/\">Herramientas de promoci\u00f3n de afiliaci\u00f3n<\/a><\/p>\n<\/div>\n<div class=\"spotlightbox\">\n<p><a href=\"https:\/\/toolkit.capta.org\/es\/membership\/involving-students\/\">Participaci\u00f3n estudiantil<\/a><\/p>\n<\/div>\n<div class=\"spotlightbox\">\n<p><a href=\"https:\/\/toolkit.capta.org\/es\/membership\/outreach-diversity-and-inclusion\/\">Extensi\u00f3n, diversidad e inclusi\u00f3n<\/a><\/p>\n<\/div>\n","protected":false},"excerpt":{"rendered":"<p>Afiliaci\u00f3n a la PTA Lo b\u00e1sico de la afiliaci\u00f3n a la PTA El plan de la afiliaci\u00f3n Tema de afiliaci\u00f3n Calendario y presupuesto de la afiliaci\u00f3n Implementaci\u00f3n del plan de la afiliaci\u00f3n Sobres de afiliaci\u00f3n Cuota de afiliaci\u00f3n Tarjetas de afiliaci\u00f3n Informaci\u00f3n de contacto de los miembros y listas de afiliaci\u00f3n Afiliaci\u00f3n Afiliaci\u00f3n de estudiantes [&hellip;]<\/p>\n","protected":false},"author":8,"featured_media":0,"parent":3063,"menu_order":0,"comment_status":"closed","ping_status":"closed","template":"","meta":{"footnotes":""},"class_list":["post-5919","page","type-page","status-publish","hentry","entry"],"_links":{"self":[{"href":"https:\/\/toolkit.capta.org\/es\/wp-json\/wp\/v2\/pages\/5919","targetHints":{"allow":["GET"]}}],"collection":[{"href":"https:\/\/toolkit.capta.org\/es\/wp-json\/wp\/v2\/pages"}],"about":[{"href":"https:\/\/toolkit.capta.org\/es\/wp-json\/wp\/v2\/types\/page"}],"author":[{"embeddable":true,"href":"https:\/\/toolkit.capta.org\/es\/wp-json\/wp\/v2\/users\/8"}],"replies":[{"embeddable":true,"href":"https:\/\/toolkit.capta.org\/es\/wp-json\/wp\/v2\/comments?post=5919"}],"version-history":[{"count":0,"href":"https:\/\/toolkit.capta.org\/es\/wp-json\/wp\/v2\/pages\/5919\/revisions"}],"up":[{"embeddable":true,"href":"https:\/\/toolkit.capta.org\/es\/wp-json\/wp\/v2\/pages\/3063"}],"wp:attachment":[{"href":"https:\/\/toolkit.capta.org\/es\/wp-json\/wp\/v2\/media?parent=5919"}],"curies":[{"name":"wp","href":"https:\/\/api.w.org\/{rel}","templated":true}]}}