{"id":5921,"date":"2013-12-09T10:59:27","date_gmt":"2013-12-09T18:59:27","guid":{"rendered":"http:\/\/toolkit.capta.org\/programs\/table-of-contents-2\/"},"modified":"2014-05-15T15:01:11","modified_gmt":"2014-05-15T22:01:11","slug":"table-of-contents-2","status":"publish","type":"page","link":"https:\/\/toolkit.capta.org\/es\/programs\/table-of-contents-2\/","title":{"rendered":"\u00cdndice"},"content":{"rendered":"<div>\n<div class=\"spotlightbox\">\n<h3>Creaci\u00f3n de un evento<\/h3>\n<p><a href=\"https:\/\/toolkit.capta.org\/es\/programs\/creacion-de-un-evento\/areas-for-pta-involvement\/\">\u00c1reas de participaci\u00f3n de la PTA<\/a><br \/>\n<a href=\"https:\/\/toolkit.capta.org\/es\/programs\/creacion-de-un-evento\/chairman-and-committee-procedures\/\">Procedimientos para los directores y comit\u00e9s<\/a><\/p>\n<\/div>\n<\/div>\n<div class=\"spotlightbox\">\n<h3>Planes de acci\u00f3n<\/h3>\n<p><strong>Planes de acci\u00f3n<\/strong><b><br \/>\n<\/b><a href=\"https:\/\/toolkit.capta.org\/es\/programs\/advocacy-action-plans\/recommended-actions\/\">Acciones recomendadas<\/a><br \/>\n<a href=\"https:\/\/toolkit.capta.org\/es\/programs\/advocacy-action-plans\/how-to-make-a-study\/\">C\u00f3mo llevar a cabo un estudio<\/a><br \/>\n<a href=\"https:\/\/toolkit.capta.org\/es\/programs\/advocacy-action-plans\/develop-an-action-plan\/\">Desarrollo de un plan de acci\u00f3n<\/a><br \/>\n<a href=\"https:\/\/toolkit.capta.org\/es\/programs\/advocacy-action-plans\/evaluate-success-of-the-plan\/\">Evaluaci\u00f3n del \u00e9xito del plan<\/a><\/p>\n<p><a href=\"https:\/\/toolkit.capta.org\/es\/programs\/advocacy-action-plans\/absentees-and-dropouts\/\">Absentismo y deserci\u00f3n<\/a> \u2013 <i>Educaci\u00f3n<\/i><b><br \/>\n<\/b><a href=\"https:\/\/toolkit.capta.org\/es\/programs\/advocacy-action-plans\/child-abuse-prevention\/\">Prevenci\u00f3n del maltrato infantil<\/a> \u2013 <i>Asuntos Comunitarios<\/i><br \/>\n<a href=\"https:\/\/toolkit.capta.org\/es\/programs\/advocacy-action-plans\/child-restraints-and-seat-belts\/\">Dispositivos de sujeci\u00f3n para ni\u00f1os y cinturones de seguridad<\/a> \u2013 <i>Asuntos Comunitarios<br \/>\n<\/i><a href=\"https:\/\/toolkit.capta.org\/es\/programs\/advocacy-action-plans\/citizenship\/\">Educaci\u00f3n c\u00edvica<\/a> \u2013 <i>Asuntos Comunitarios<\/i><br \/>\n<a href=\"https:\/\/toolkit.capta.org\/es\/programs\/advocacy-action-plans\/education\/\">Educaci\u00f3n<\/a><br \/>\n<a href=\"https:\/\/toolkit.capta.org\/es\/programs\/advocacy-action-plans\/environmental-protection\/\">Protecci\u00f3n ambiental<\/a> \u2013 <i>Salud<\/i><br \/>\n<a href=\"https:\/\/toolkit.capta.org\/es\/programs\/advocacy-action-plans\/gangs\/\">Pandillas<\/a> \u2013 <i>Asuntos Comunitarios<\/i><br \/>\n<a href=\"https:\/\/toolkit.capta.org\/es\/programs\/advocacy-action-plans\/health\/\">Salud<\/a><br \/>\n<a href=\"https:\/\/toolkit.capta.org\/es\/programs\/advocacy-action-plans\/homeless-families-and-children\/\">Familias y ni\u00f1os sin hogar<\/a> \u2013 <i>Asuntos Comunitarios<br \/>\n<\/i><a href=\"https:\/\/toolkit.capta.org\/es\/programs\/advocacy-action-plans\/library-and-media-facilities-in-schools\/\">Bibliotecas e instalaciones de medios informativos<\/a> \u2013 <em>Educaci\u00f3n<\/em><br \/>\n<a href=\"https:\/\/toolkit.capta.org\/es\/programs\/advocacy-action-plans\/missing-and-exploited-children\/\">Ni\u00f1os desaparecidos y explotados<\/a> \u2013 <i>Asuntos Comunitarios<br \/>\n<\/i><a href=\"https:\/\/toolkit.capta.org\/es\/programs\/advocacy-action-plans\/safetydisaster-preparedness\/\">Seguridad\/Preparaci\u00f3n para desastres<\/a> \u2013 <i>Asuntos Comunitarios<br \/>\n<\/i><\/p>\n<\/div>\n<h3><\/h3>\n<div class=\"spotlightbox\">\n<h3>Premios<\/h3>\n<p><a href=\"https:\/\/toolkit.capta.org\/es\/programs\/awards\/phoebe-apperson-hearst-family-school-partnership-awards\/\">Premios Phoebe Apperson Hearst para las Alianzas entre la Familia y la Escuela de la PTA Nacional<\/a><a href=\"http:\/\/toolkit.capta.org\/programs\/awards\/phoebe-apperson-hearst-family-school-partnership-awards\/\"><br \/>\n<\/a><a href=\"https:\/\/toolkit.capta.org\/es\/programs\/awards\/californias-pta-spotlight-awards\/\">Premios PTA Spotlight de la PTA de California<\/a><a href=\"http:\/\/toolkit.capta.org\/programs\/awards\/californias-pta-spotlight-awards\/\"><br \/>\n<\/a><a href=\"https:\/\/toolkit.capta.org\/es\/programs\/awards\/honorary-service-awards\/\">Programa de Premios Honor\u00edficos al Servicio (HSA)<\/a><a href=\"http:\/\/toolkit.capta.org\/programs\/awards\/honorary-service-awards\/\"><br \/>\n<\/a><a href=\"https:\/\/toolkit.capta.org\/es\/programs\/awards\/acknowledging-service-and-honoring-presidents\/\">Reconocimiento de servicio y galardones a presidentes<\/a><a href=\"http:\/\/toolkit.capta.org\/programs\/awards\/acknowledging-service-and-honoring-presidents\/\"><br \/>\n<\/a><a href=\"https:\/\/toolkit.capta.org\/es\/programs\/awards\/legacy-pta-awards\/\">Premios Legado de la PTA<\/a><a href=\"http:\/\/toolkit.capta.org\/programs\/awards\/legacy-pta-awards\/\"><br \/>\n<\/a>Programa de Reflexiones de la PTA Nacional<\/p>\n<\/div>\n<h3><\/h3>\n<div class=\"spotlightbox\">\n<h3>Eventos populares<\/h3>\n<p><a href=\"https:\/\/toolkit.capta.org\/es\/programs\/popular-events\/community-and-wellness-fairs\/\">Ferias comunitarias de salud y bienestar<\/a><a href=\"http:\/\/toolkit.capta.org\/programs\/popular-events\/founders-day\/\"><br \/>\n<\/a><a href=\"https:\/\/toolkit.capta.org\/es\/programs\/popular-events\/founders-day\/\">D\u00eda de los Fundadores<\/a>: 17 de febrero<br \/>\n<a href=\"https:\/\/toolkit.capta.org\/es\/programs\/popular-events\/graduation-or-prom-night\/\">Graduaci\u00f3n o baile de gala<\/a> \u2013 <i>Programas y Servicios para los Miembros<\/i><br \/>\n<a href=\"https:\/\/toolkit.capta.org\/es\/programs\/popular-events\/red-ribbon-week\/\">Celebraci\u00f3n de la Semana del Lazo Rojo<\/a><\/p>\n<\/div>\n<h3><\/h3>\n<div class=\"spotlightbox\">\n<h3>Becas y Subsidios<\/h3>\n<p><a href=\"https:\/\/toolkit.capta.org\/es\/programs\/scholarships-and-grants\/scholarships\/\">BECAS<b><br \/>\n<\/b>Becas para graduados del \u00faltimo a\u00f1o de la secundaria<\/a><br \/>\n<a href=\"https:\/\/toolkit.capta.org\/es\/programs\/scholarships-and-grants\/scholarships\/continuing-education-scholarship-for-credentialed-teachers-and-counselors\/\">Becas de educaci\u00f3n continuada para maestros acreditados y consejeros escolares<\/a><br \/>\n<a href=\"https:\/\/toolkit.capta.org\/es\/programs\/scholarships-and-grants\/scholarships\/continuing-education-scholarship-for-school-nurses\/\">Becas de educaci\u00f3n continuada para enfermeras escolares<\/a><br \/>\n<a href=\"https:\/\/toolkit.capta.org\/es\/programs\/scholarships-and-grants\/scholarships\/continuing-education-scholarships-for-pta-volunteers\/\">Becas de educaci\u00f3n continuada para voluntarios de la PTA<\/a><\/p>\n<p><a href=\"https:\/\/toolkit.capta.org\/es\/programs\/scholarships-and-grants\/grants\/\">SUBSIDIOS<\/a><b><br \/>\n<\/b><a href=\"https:\/\/toolkit.capta.org\/es\/programs\/scholarships-and-grants\/grants\/parent-education-grants-for-unit-council-and-district-ptas\/\">Subsidios a la educaci\u00f3n de padres de familia para las unidades, consejos y distritos de la PTA<\/a><br \/>\n<a href=\"https:\/\/toolkit.capta.org\/es\/programs\/scholarships-and-grants\/grants\/outreach-translation-grants-for-unit-council-and-district-ptas\/\">Subsidios de traducci\u00f3n de extensi\u00f3n para las unidades, consejos y distritos de la PTA<\/a><br \/>\n<a href=\"https:\/\/toolkit.capta.org\/es\/programs\/scholarships-and-grants\/grants\/cultural-arts-grants-for-unit-council-and-district-ptas\/\">Subsidios a las artes culturales para las unidades consejos y distritos de la PTA<\/a><br \/>\n<a href=\"https:\/\/toolkit.capta.org\/es\/programs\/scholarships-and-grants\/grants\/leadership-development-grants-for-unit-council-and-district-ptas\/\">Subsidios al desarrollo del liderazgo para las unidades, consejos y distritos de la PTA<\/a><br \/>\n<a href=\"https:\/\/toolkit.capta.org\/es\/programs\/scholarships-and-grants\/grants\/healthy-lifestyles-grant\/\">Subsidios para estilos de vida saludable<\/a><\/p>\n<\/div>\n<h3><\/h3>\n<div class=\"spotlightbox\">\n<h3>Participaci\u00f3n Familiar<\/h3>\n<p><a href=\"https:\/\/toolkit.capta.org\/es\/programs\/family-engagement\/parent-and-family-involvement\/\">Participaci\u00f3n de los padres y la familia<\/a> <em>\u2014 Revisado en marzo 2009 \u2013 Participaci\u00f3n Familiar<\/em><b><br \/>\n<\/b><a href=\"https:\/\/toolkit.capta.org\/es\/programs\/family-engagement\/school-district-parent-involvement-policies\/\">Norma del distrito escolar en relaci\u00f3n con la participaci\u00f3n de padres de familia<\/a><br \/>\n<a href=\"https:\/\/toolkit.capta.org\/es\/programs\/family-engagement\/california-state-board-of-education-policy-on-parental-involvement\/\">Norma de la junta de Educaci\u00f3n de California en relaci\u00f3n con la participaci\u00f3n de padres de familia<\/a><br \/>\n<a href=\"https:\/\/toolkit.capta.org\/es\/programs\/family-engagement\/focus-on-the-school-sites-priorities\/\">Enfoque en las prioridades de las escuelas<\/a><br \/>\n<a href=\"https:\/\/toolkit.capta.org\/es\/programs\/family-engagement\/parent-involvement-policy-statement-sample\/\">Muestra de declaraci\u00f3n de la participaci\u00f3n de padres de familia<\/a><br \/>\n<a href=\"https:\/\/toolkit.capta.org\/es\/programs\/family-engagement\/additional-resources\/\">Recursos adicionales<\/a><a href=\"http:\/\/toolkit.capta.org\/programs\/family-engagement\/additional-resources\/\"><br \/>\n<\/a><a href=\"https:\/\/toolkit.capta.org\/es\/programs\/family-engagement\/family-engagement-committee\/\">Comit\u00e9 para la Participaci\u00f3n Familiar<\/a><\/p>\n<p><strong>Recursos para la crianza de los hijos<\/strong><b><i><br \/>\n<\/i><\/b><a href=\"https:\/\/toolkit.capta.org\/es\/programs\/family-engagement\/helping-the-child-grow-and-learn\/\">C\u00f3mo ayudar al ni\u00f1o a crecer y aprender<\/a><br \/>\n<a href=\"https:\/\/toolkit.capta.org\/es\/programs\/family-engagement\/communicating-with-the-child\/\">C\u00f3mo comunicarse con el ni\u00f1o<\/a><br \/>\n<a href=\"https:\/\/toolkit.capta.org\/es\/programs\/family-engagement\/helping-the-child-read-and-write\/\">C\u00f3mo ayudar al ni\u00f1o a leer y escribir<\/a><br \/>\n<a href=\"https:\/\/toolkit.capta.org\/es\/programs\/family-engagement\/quality-child-care\/\">Servicios de guarder\u00eda de calidad<\/a><br \/>\n<a href=\"https:\/\/toolkit.capta.org\/es\/programs\/family-engagement\/creating-a-partnership-between-home-and-school\/\">Creaci\u00f3n de una alianza entre padres y maestros<\/a><br \/>\n<a href=\"https:\/\/toolkit.capta.org\/es\/programs\/family-engagement\/effective-parent-teacher-conferences\/\">Reuniones eficaces entre padres y maestros<\/a><br \/>\n<a href=\"https:\/\/toolkit.capta.org\/es\/programs\/family-engagement\/preparing-for-life-after-high-school\/\">Preparaci\u00f3n para la vida despu\u00e9s de la escuela secundaria<\/a><br \/>\n<a href=\"https:\/\/toolkit.capta.org\/es\/programs\/family-engagement\/alcohol-and-drug-use-prevention\/\">Prevenci\u00f3n del consumo de alcohol y drogas<\/a><\/p>\n<\/div>\n<h3><\/h3>\n<div class=\"spotlightbox\">\n<h3>Programa de Reflexiones<\/h3>\n<p><a href=\"https:\/\/toolkit.capta.org\/es\/programs\/reflections\/\"> Programa de Reflexiones<\/a><\/p>\n<\/div>\n","protected":false},"excerpt":{"rendered":"<p>Creaci\u00f3n de un evento \u00c1reas de participaci\u00f3n de la PTA Procedimientos para los directores y comit\u00e9s Planes de acci\u00f3n Planes de acci\u00f3n Acciones recomendadas C\u00f3mo llevar a cabo un estudio Desarrollo de un plan de acci\u00f3n Evaluaci\u00f3n del \u00e9xito del plan Absentismo y deserci\u00f3n \u2013 Educaci\u00f3n Prevenci\u00f3n del maltrato infantil \u2013 Asuntos Comunitarios Dispositivos de [&hellip;]<\/p>\n","protected":false},"author":8,"featured_media":0,"parent":3051,"menu_order":0,"comment_status":"closed","ping_status":"closed","template":"","meta":{"footnotes":""},"class_list":["post-5921","page","type-page","status-publish","hentry","entry"],"_links":{"self":[{"href":"https:\/\/toolkit.capta.org\/es\/wp-json\/wp\/v2\/pages\/5921","targetHints":{"allow":["GET"]}}],"collection":[{"href":"https:\/\/toolkit.capta.org\/es\/wp-json\/wp\/v2\/pages"}],"about":[{"href":"https:\/\/toolkit.capta.org\/es\/wp-json\/wp\/v2\/types\/page"}],"author":[{"embeddable":true,"href":"https:\/\/toolkit.capta.org\/es\/wp-json\/wp\/v2\/users\/8"}],"replies":[{"embeddable":true,"href":"https:\/\/toolkit.capta.org\/es\/wp-json\/wp\/v2\/comments?post=5921"}],"version-history":[{"count":0,"href":"https:\/\/toolkit.capta.org\/es\/wp-json\/wp\/v2\/pages\/5921\/revisions"}],"up":[{"embeddable":true,"href":"https:\/\/toolkit.capta.org\/es\/wp-json\/wp\/v2\/pages\/3051"}],"wp:attachment":[{"href":"https:\/\/toolkit.capta.org\/es\/wp-json\/wp\/v2\/media?parent=5921"}],"curies":[{"name":"wp","href":"https:\/\/api.w.org\/{rel}","templated":true}]}}