{"id":5980,"date":"2013-11-22T08:39:53","date_gmt":"2013-11-22T16:39:53","guid":{"rendered":"http:\/\/toolkit.capta.org\/advocacy\/resolutions\/convention-resolutions-process\/"},"modified":"2020-12-21T19:55:56","modified_gmt":"2020-12-22T03:55:56","slug":"convention-resolutions-process","status":"publish","type":"page","link":"https:\/\/toolkit.capta.org\/es\/advocacy\/resolutions\/convention-resolutions-process\/","title":{"rendered":"Proceso de resoluciones de la convenci\u00f3n"},"content":{"rendered":"<p>Las resoluciones son un llamado de atenci\u00f3n para abordar un problema y a la necesidad de actuar sobre un asunto en particular. Son una fuente importante de autoridad para tomar postura en asuntos para de la PTA del Estado de California y sus unidades, consejos y distritos. Si un problema o situaci\u00f3n tiene implicaciones estatales que afectan a los ni\u00f1os, j\u00f3venes y familias, una resoluci\u00f3n de del congreso es una forma de autorizar a la PTA a tomar la acci\u00f3n. Las resoluciones se adoptan por mayor\u00eda de votos de los delegados en la reuni\u00f3n anual. Las autoridades de la PTA incluyen resoluciones de la PTA estatal y nacional, declaraciones de postura y plataformas legislativas.<\/p>\n<p>Las resoluciones son autoridades de la PTA creadas y adoptadas por los miembros. Las Declaraciones de Postura son las autoridades de la PTA creadas y adoptadas por la Junta Directiva. Las resoluciones deben cumplir con los siguientes criterios:<\/p>\n<ul>\n<li>Estar de acuerdo con los prop\u00f3sitos y p\u00f3lizas de la PTA<\/li>\n<li>Estar preparados de acuerdo a los criterios especificados en el <em>Libro de Procedimientos de Resoluciones de la PTA del Estado de California.<\/em><\/li>\n<li>Seguir las pautas de la PTA Nacional, si se va a enviar dicha resoluci\u00f3n a la PTA Nacional.<\/li>\n<\/ul>\n<p>Una resoluci\u00f3n puede ser iniciada por un miembro individual de la PTA, pero debe ser presentada por una unidad, consejo o distrito de la PTA que tenga buen estatus, un comit\u00e9 entre distritos o la Junta Directiva de la PTA del Estado California.<\/p>\n<p>La resoluci\u00f3n es una moci\u00f3n principal original escrita como una oraci\u00f3n continua y debe presentarse por escrito. Hay tres partes en una resoluci\u00f3n.<\/p>\n<ul>\n<li><strong>Pre\u00e1mbulo.<\/strong> El pre\u00e1mbulo son declaraciones de hechos que contienen informaci\u00f3n de antecedentes y razones para la resoluci\u00f3n. Cada declaraci\u00f3n comienza con la palabra <strong>Considerando que.<\/strong><\/li>\n<li><strong>Llamado de Acci\u00f3n.<\/strong> El Llamado de Acci\u00f3n recomienda a los delegados del congreso\u00a0 c\u00f3mo proceder sobre el asunto expuesto en la declaraci\u00f3n en la\/s consideraci\u00f3n(es). Cada llamado de acci\u00f3n comienza con <strong>Se Resuelve que<\/strong>. Puede haber m\u00e1s de una declaraci\u00f3n.<\/li>\n<li><strong>Resumen de Antecedentes.<\/strong> El Resumen de Antecedentes es una narraci\u00f3n que destaca los hechos m\u00e1s importantes de la fuente del material. La fuente del material es analizada m\u00e1s adelante en este documento.<\/li>\n<\/ul>\n<p>Se pueden presentar cuatro tipos de resoluciones a los delegados para que sean consideradas en la reuni\u00f3n anual:<\/p>\n<ol>\n<li>Una nueva resoluci\u00f3n sobre un nuevo tema.<\/li>\n<li>Una nueva resoluci\u00f3n que se basa en un asunto de una resoluci\u00f3n existente. Cuando una nueva resoluci\u00f3n que se basa en un asunto de una resoluci\u00f3n existente, pero no entra en conflicto con esa resoluci\u00f3n, la resoluci\u00f3n anterior permanecer\u00eda en vigor. Cuando una nueva resoluci\u00f3n reemplaza una resoluci\u00f3n existente sobre el mismo asunto, se debe informar a los delegados que la nueva resoluci\u00f3n sustituir\u00e1 la resoluci\u00f3n existente del mismo asunto. Si los delegados votan para adoptar la nueva resoluci\u00f3n, por lo tanto, la resoluci\u00f3n anterior se considera parte del registro hist\u00f3rico y el Presidente del Comit\u00e9 de Resoluci\u00f3n lo guarda en el archivo hist\u00f3rico.<\/li>\n<li>Rescisi\u00f3n de una resoluci\u00f3n existente con una Nueva Resoluci\u00f3n. Una nueva resoluci\u00f3n que est\u00e9 en conflicto con una resoluci\u00f3n existente no se presentar\u00e1 a los delegados en la reuni\u00f3n anual sin una moci\u00f3n para rescindir la resoluci\u00f3n existente tambi\u00e9n se incluyen en la agenda. Para que se presente la nueva resoluci\u00f3n propuesta, los delegados deben primero rescindir la resoluci\u00f3n existente por un voto de dos tercios. Si la moci\u00f3n para rescindir \u00a0se suspende, es posible que no se presente la nueva resoluci\u00f3n. Si se adopta la moci\u00f3n de rescisi\u00f3n pero la nueva la resoluci\u00f3n es rechazada, los delegados de la reuni\u00f3n anual tendr\u00e1n la oportunidad de volver a adoptar la resoluci\u00f3n previamente rescindida por mayor\u00eda de votos.<\/li>\n<li>\u00a0Revisi\u00f3n a una resoluci\u00f3n existente. Una revisi\u00f3n por parte de una Comisi\u00f3n o Comit\u00e9 BOM a una resoluci\u00f3n existente presenta las enmiendas propuestas a los delegados para que sean consideradas en la reuni\u00f3n anual. La sala de mociones incluye una explicaci\u00f3n clara de los cambios propuestos.<\/li>\n<\/ol>\n<h3><strong>Criterios para las resoluciones<\/strong><\/h3>\n<p>Cada resoluci\u00f3n enviada a la PTA del Estado de California para que sea considerada y se tome posible acci\u00f3n por parte de los delegados al congreso debe cumplir con los siguientes criterios seg\u00fan se detalla en el Libro de Procedimientos de Resoluci\u00f3n de la PTA del Estado de California:<\/p>\n<ol>\n<li>Se refiere a un campo de inter\u00e9s de la PTA del Estado de California;<\/li>\n<li>Estar en armon\u00eda con los <u>Prop\u00f3sitos<\/u> y <u>pol\u00edticas b\u00e1sicas<\/u> de la PTA;<\/li>\n<li>Concierne a un asunto de alcance estatal;<\/li>\n<li>No debe duplicar una resoluci\u00f3n existente de la PTA del Estado de California o la PTA Nacional.<\/li>\n<\/ol>\n<h3><strong>Entrega de las resoluciones<\/strong><\/h3>\n<p>Para obtener informaci\u00f3n importante sobre c\u00f3mo escribir y enviar una resoluci\u00f3n, refi\u00e9rase al Libro de Procedimientos de Resoluciones de la PTA del Estado de California. Este documento se puede obtener en el sitio web de la PTA del Estado de California (<u>capta.org<\/u>), o solicit\u00e1ndolo a la PTA del Estado de California en resolution@capta.org.<\/p>\n<h4>Autorizaci\u00f3n Local Para Comenzar<\/h4>\n<p>Los detalles sobre la autorizaci\u00f3n para comenzar una resoluci\u00f3n se pueden encontrar en el Libro de Procedimientos de Resoluci\u00f3n de la PTA del Estado de California.<\/p>\n<p>Un borrador de resoluci\u00f3n debe presentarse \u00fanicamente por medio de voto de la asociaci\u00f3n de una unidad, consejo o distrito de la PTA que este al corriente; por un comit\u00e9 interdistrital de la PTA con la aprobaci\u00f3n de la mayor\u00eda de los distritos interesados; o por la Junta Directiva de la PTA del Estado de California.<\/p>\n<p>Luego de una votaci\u00f3n de autorizaci\u00f3n, se puede formar un comit\u00e9 de trabajo. Una vez que ocurra el voto de apoyo, el autor de la resoluci\u00f3n notifica a su PTA de consejo o PTA de distrito y al Comit\u00e9 de Resoluciones de la Junta Directiva Estatal <u>(por correo electr\u00f3nico:<\/u> <u>resolution@capta.org)<\/u> de su intenci\u00f3n de presentar un plan de resoluci\u00f3n y un cronograma.<\/p>\n<p>Si el trabajo comienza durante un per\u00edodo y contin\u00faa en el siguiente, se debe obtener el voto de la nueva junta o asociaci\u00f3n para continuar desarrollando la resoluci\u00f3n.<\/p>\n<p>Las resoluciones enviadas por las comisiones o comit\u00e9s de la PTA del Estado de California deben contar con la aprobaci\u00f3n del vicepresidente o presidente de la Junta Directiva correspondiente.<\/p>\n<h4>Investigar y Escribir la Resoluci\u00f3n<\/h4>\n<p>Los detalles de la investigaci\u00f3n y redacci\u00f3n de una resoluci\u00f3n se pueden encontrar en el Libro Procedimientos de Resoluci\u00f3n de la PTA del Estado California.<\/p>\n<p>Las resoluciones consisten de tres partes.<\/p>\n<ul>\n<li><strong>Pre\u00e1mbulo.<\/strong> El pre\u00e1mbulo son declaraciones de hechos que contienen informaci\u00f3n de antecedentes y razones para presentar la resoluci\u00f3n. Cada declaraci\u00f3n comienza con la palabra <strong>Considerando que.<\/strong><\/li>\n<li><strong>Llamado de Acci\u00f3n.<\/strong> El Llamado de Acci\u00f3n recomienda a los delegados del congreso c\u00f3mo proceder sobre el asunto expuesto en la declaraci\u00f3n. Cada llamado de acci\u00f3n comienza con <strong>Se Resuelve que<\/strong>. Puede haber m\u00e1s de una declaraci\u00f3n.<\/li>\n<li><strong>Resumen de Antecedentes.<\/strong> El Resumen de Antecedentes es una narraci\u00f3n que destaca los hechos m\u00e1s importantes de la fuente de informaci\u00f3n. La fuente de la informaci\u00f3n es analizada m\u00e1s adelante en este documento.<\/li>\n<\/ul>\n<p>Los documentos necesarios para la presentaci\u00f3n final deben incluir todo lo siguiente:<\/p>\n<ul>\n<li>Hoja de Portada de Acci\u00f3n de Resoluci\u00f3n del Congreso Completada (2 p\u00e1ginas firmadas)<\/li>\n<li>Tabla de Contenido<\/li>\n<li>Resoluci\u00f3n <em>(Considerando<\/em> que y se <em>Resuelve que<\/em> y resumen de antecedentes)<\/li>\n<li>Bibliograf\u00eda<\/li>\n<li>\u00cdndice<\/li>\n<li>Recursos<\/li>\n<\/ul>\n<h4>Presentaci\u00f3n del Borrador de la Resoluci\u00f3n \u2013 1\u00ba de noviembre<\/h4>\n<p>Los detalles para enviar una resoluci\u00f3n se pueden encontrar en el Libro de Procedimientos de Resoluci\u00f3n de la PTA del Estado de California.<\/p>\n<ul>\n<li>Los borradores de Resoluciones provenientes de miembros de unidades, consejos o distritos deben entregarse en forma de borrador al Comit\u00e9 de Resoluciones a m\u00e1s tardar el <strong>1\u00ba de noviembre<\/strong>.<\/li>\n<li>Los borradores de Resoluciones provenientes de la Comisi\u00f3n o Comit\u00e9s de la Junta Directiva, deben ser presentados y votados en la reuni\u00f3n de la\u00a0 BOM de noviembre, a m\u00e1s tardar, y debe ser asesoradas antes de la presentaci\u00f3n final ante el Comit\u00e9 de Resoluciones para el 5 de enero o antes.<\/li>\n<li>Env\u00ede el borrador por correo electr\u00f3nico a <u>info@capta.org<\/u> y resolutions@capta.org, FAX al 1-916-440-1986, o env\u00ede una copia impresa a la oficina de la PTA del Estado de California: 2327 L Street, Sacramento, CA 95816.ci\u00f3n final al Comit\u00e9 de Resoluciones el 5 de enero o antes.<\/li>\n<li>Documentos necesarios cuando se envi\u00e9 el BORRADOR de la resoluci\u00f3n:\n<ul>\n<li>Hoja de Portada de Acci\u00f3n de Resoluci\u00f3n del Congreso Completada<\/li>\n<li>Borrador de la resoluci\u00f3n (incluye: un borrador de las declaraciones de <em>Considerando que<\/em> y Se <em>Resuelve que<\/em> y un borrador del Resumen de Antecedentes)<\/li>\n<li>Lista parcial de Recursos (sugiera al menos uno por cada <em>Considerando que<\/em>)<\/li>\n<\/ul>\n<\/li>\n<\/ul>\n<p>Una vez que se haya hecho la votaci\u00f3n de autorizaci\u00f3n y el autor haya notificado al Presidente de Resoluciones de la PTA del Estado de California (a <u>resolutions@capta.org<\/u>), se asignar\u00e1 un mentor del Comit\u00e9 de Resoluciones de la PTA del Estado de California.<\/p>\n<h4>Aprobaci\u00f3n de la Resoluci\u00f3n Final del Organismo Originador<\/h4>\n<p>La junta ejecutiva del organismo originador (ya sea una unidad, consejo o distrito de la PTA) revisar\u00e1 la resoluci\u00f3n FINAL antes de presentarla al Comit\u00e9 de Resoluciones. Tras su revisi\u00f3n, tomar\u00e1 medidas de inmediato para aprobar, desaprobar o elegir hacer no recomendaciones.<\/p>\n<p>De manera similar, la Junta Directiva de la PTA del Estado de California revisar\u00e1 una resoluci\u00f3n presentada por una Comisi\u00f3n o Comit\u00e9 de la Junta Directiva.<\/p>\n<h4>Presentaci\u00f3n de la Resoluci\u00f3n Final &#8211; 5 de enero<\/h4>\n<p>Los detalles sobre la presentaci\u00f3n de una resoluci\u00f3n final se pueden encontrar en el Libro Procedimientos de Resoluci\u00f3n de la PTA del Estado California. La presentaci\u00f3n de la resoluci\u00f3n final debe completarse antes de las 5 p.m. de la fecha l\u00edmite del 5 de enero.<\/p>\n<p>Hay dos opciones para que envi\u00e9 sus documentos de la resoluci\u00f3n final:<\/p>\n<ul>\n<li>Enviar de forma digital solamente<\/li>\n<li>Enviar copias impresas y unidades flash<\/li>\n<\/ul>\n<p>Enviar una resoluci\u00f3n es un gasto v\u00e1lido de la PTA.<\/p>\n<h3>Revisi\u00f3n y Recomendaci\u00f3n del Comit\u00e9 de Resoluciones de la PTA del Estado de California<\/h3>\n<p>El comit\u00e9 de resoluciones determina si las resoluciones enviadas cumplen con los criterios para ser presentadas, como se describe en el Libro de Procedimientos de Resoluciones de la PTA del Estado de California. En la revisi\u00f3n de las resoluciones presentadas, la comisi\u00f3n de resoluciones podr\u00e1:<\/p>\n<ol>\n<li>combinar dos o m\u00e1s resoluciones relacionadas;<\/li>\n<li>editar o adaptar resoluciones si es necesario para que sean apropiadas para que se tome acci\u00f3n en la reuni\u00f3n anual;<\/li>\n<li>recomendar la derivaci\u00f3n a una comisi\u00f3n\/comit\u00e9 BOM para obtener informaci\u00f3n o estudiar; o<\/li>\n<li>determinar si se indica que se tiene que remitir a la PTA Nacional.<\/li>\n<\/ol>\n<p>Si el comit\u00e9 determina que una resoluci\u00f3n cumple con todos los dem\u00e1s criterios, pero estar\u00eda en conflicto con una resoluci\u00f3n existente, se notificar\u00e1 al organismo originador. La notificaci\u00f3n incluir\u00e1:<\/p>\n<ol>\n<li>una copia de la resoluci\u00f3n existente;<\/li>\n<li>Instrucci\u00f3n de que el organismo originador debe presentar una moci\u00f3n en la reuni\u00f3n anual para rescindir la resoluci\u00f3n existente antes de que se pueda presentar la nueva resoluci\u00f3n; y<\/li>\n<li>una fecha l\u00edmite para obtener respuesta.<\/li>\n<\/ol>\n<p>El presidente de resoluciones preparar\u00e1 un informe e incluir\u00e1 una recomendaci\u00f3n para cada resoluci\u00f3n presentada. Una resoluci\u00f3n puede ser recomendada para:<\/p>\n<ol>\n<li>presentar a los delegados en la reuni\u00f3n anual;<\/li>\n<li>enviar a un comit\u00e9 o comisi\u00f3n de la BOM para obtener informaci\u00f3n o estudiar;<\/li>\n<li>enviar a la PTA Nacional; o<\/li>\n<li>devolver al organismo originador con una explicaci\u00f3n con la\/s raz\u00f3n\/es por las que no se consider\u00f3.<\/li>\n<\/ol>\n<p>El informe de resoluciones se presentar\u00e1 en la reuni\u00f3n de la BOM en febrero. La Junta Directiva deber\u00e1 revisar las recomendaciones del Comit\u00e9 de Resoluciones y para cada resoluci\u00f3n hacer una de las siguientes cosas:<\/p>\n<ol>\n<li>presentar a los delegados en la reuni\u00f3n anual;<\/li>\n<li>enviar a un comit\u00e9 o comisi\u00f3n de la Junta Directiva para obtener informaci\u00f3n o estudiar;<\/li>\n<li>enviar a la PTA Nacional; o<\/li>\n<li>Devolver al organismo originador con una explicaci\u00f3n con la\/s raz\u00f3n\/es por las que no se consider\u00f3.<\/li>\n<\/ol>\n<p>Tras la acci\u00f3n de la BOM, el informe de resoluciones se presentar\u00e1 a los delegados de la reuni\u00f3n anual. El presidente de resoluciones informar\u00e1 al organismo originario sobre la acci\u00f3n que tomo la BOM sobre cada una de las resoluciones.<\/p>\n<p>Que se incluya en la agenda de la reuni\u00f3n anual no constituye el apoyo de la PTA del Estado de California. La Junta Directiva puede apoyar una resoluci\u00f3n siguiendo los protocolos apropiados de moci\u00f3n.<\/p>\n<h3>Presentaci\u00f3n de Resoluciones en la Reuni\u00f3n Anual<\/h3>\n<p>Si se env\u00eda una resoluci\u00f3n propuesta a los delegados del congreso para que sea considerada, la PTA del Estado de California publicar\u00e1 el texto de cada resoluci\u00f3n en la Cr\u00f3nica del Congreso y las resoluciones propuestas se publicaran en el sitio web de la PTA del Estado de California.<\/p>\n<h4>Presentaci\u00f3n de Resoluciones a los Delegados de la Reuni\u00f3n Anual<\/h4>\n<p>Se dar\u00e1 tiempo antes o durante la reuni\u00f3n anual en las reuniones de las audiencias de resoluciones. Se recomienda encarecidamente a los delegados con derecho a voto que asistan a las audiencias de resoluciones para que hagan preguntas o para preparar enmiendas.<\/p>\n<p>El Presidente del Comit\u00e9 de Resoluciones, de acuerdo con las reglas y regulaciones del congreso, presentar\u00e1 cada resoluci\u00f3n a los delegados del congreso para su consideraci\u00f3n, debate y votaci\u00f3n. Los delegados que tengan la intenci\u00f3n de enmendar una nueva resoluci\u00f3n propuesta deben presentar un aviso de su intenci\u00f3n como se especifica en las reglas y regulaciones de la reuni\u00f3n anual. El debate sigue las reglas de la reuni\u00f3n. Los delegados solo pueden enmendar las secciones de las resoluciones Resueltas. Los delegados no pueden modificar las secciones donde se detalle lo que se Considera que y Antecedentes. La Resoluci\u00f3n completa es el voto final de los delegados.<\/p>\n<p>Las resoluciones que no hayan pasado por el proceso de aprobaci\u00f3n no podr\u00e1n presentarse en la sala del congreso.<\/p>\n<h4>Preparaci\u00f3n para la Reuni\u00f3n Anual de Todos los Consejos de Unidades y Distritos<\/h4>\n<ul>\n<li>Antes de la reuni\u00f3n anual estatal, se alienta a las unidades, los consejos y los distritos a revisar, discutir y votar las resoluciones para guiar la acci\u00f3n de los delegados en la reuni\u00f3n. Los delegados deben saber que se podr\u00eda cambiar una resoluci\u00f3n en la reuni\u00f3n anual estatal.<\/li>\n<li>Apoyo a la Resoluci\u00f3n\n<ul>\n<li>Las unidades, consejos y distritos pueden votar para apoyar las resoluciones en una reuni\u00f3n de la asociaci\u00f3n.<\/li>\n<li>Para que las aprobaciones se publiquen en la Cr\u00f3nica del Congreso, junto con la Resoluci\u00f3n, las cartas de apoyo (endorso) de las unidades, consejos, distritos y la Junta Directiva de la PTA del Estado de California deben enviarse al presidente de Resoluciones (a <u>resolution@capta.org<\/u> ) al final de la reuni\u00f3n de la Junta Directiva de febrero\/invierno.<\/li>\n<li>Cartas adicionales de apoyo enviadas antes de la primera Audiencia de Resoluciones de la Reuni\u00f3n Anual se anunciar\u00e1n durante las primeras audiencias.<\/li>\n<\/ul>\n<\/li>\n<\/ul>\n<h4>Representaci\u00f3n en la Reuni\u00f3n Anual del Autor y Organismo Originador de la Resoluci\u00f3n<\/h4>\n<ul>\n<li>El orador\/autor de la resoluci\u00f3n debe ser un delegado con derecho a voto en la reuni\u00f3n anual estatal.<\/li>\n<li>Solo los delegados con derecho a voto pueden hablar en la reuni\u00f3n anual.<\/li>\n<li>Los delegados con derecho a voto son elegidos por su PTA.<\/li>\n<li>El Autor de la resoluci\u00f3n y un orador suplente deben asistir y estar preparados para hablar referente a la resoluci\u00f3n:\n<ul>\n<li>en todas las audiencias de resoluci\u00f3n<\/li>\n<li>en todas las juntas generales<\/li>\n<\/ul>\n<\/li>\n<li>Asistir a la reuni\u00f3n anual (congreso) es un gasto leg\u00edtimo de la PTA<\/li>\n<\/ul>\n<h3>Acci\u00f3n Despu\u00e9s de la Reuni\u00f3n Anual<\/h3>\n<p>Las resoluciones aprobadas por los delegados en la reuni\u00f3n anual constituir\u00e1n una directiva para la BOM. Despu\u00e9s de la reuni\u00f3n anual estatal, el presidente de resoluciones procesar\u00e1 las resoluciones adoptadas de la siguiente manera:<\/p>\n<ol>\n<li>las resoluciones adoptadas se publicar\u00e1n en m\u00faltiples formatos, se pondr\u00e1n a disposici\u00f3n de los miembros y se incluir\u00e1n en el \u00cdndice de Resoluciones.<\/li>\n<li>las resoluciones se asignar\u00e1n a las comisiones o comit\u00e9s correspondientes para su posterior acci\u00f3n. Se dar\u00e1 consideraci\u00f3n de prioridad a las resoluciones y los comit\u00e9s\/ comisiones proporcionar\u00e1n un informe sobre la implementaci\u00f3n de cada resoluci\u00f3n asignada.<\/li>\n<li>cuando una resoluci\u00f3n requiera que la PTA del Estado de California solicite o inste a la PTA Nacional, los Congresos de la PTA u otras entidades no parte de la PTA que tomen medidas, el presidente deber\u00e1 escribir una carta de inmediato a la entidad o entidades especificas solicitando o requiriendo acci\u00f3n;<\/li>\n<li>cuando se adopte una resoluci\u00f3n sometida a la reuni\u00f3n anual de delegados, como se Resuelve a remitir a la PTA Nacional, el presidente o el presidente del comit\u00e9 de resoluciones notificar\u00e1 al organismo originador y a la BOM sobre la disposici\u00f3n de la resoluci\u00f3n por la PTA Nacional; y<\/li>\n<li>cuando una resoluci\u00f3n sea sustituida en una reuni\u00f3n anual por una nueva versi\u00f3n actualizada, la resoluci\u00f3n anterior se guardar\u00e1 en el archivo hist\u00f3rico de resoluciones.<\/li>\n<\/ol>\n<p>Las resoluciones no adoptadas, pero remitidas por voto por los delegados a la BOM se asignar\u00e1n a la comisi\u00f3n o comit\u00e9 correspondiente para que posteriormente se analicen o se tome otra acci\u00f3n seg\u00fan se corresponda.<\/p>\n","protected":false},"excerpt":{"rendered":"<p>Las resoluciones son un llamado de atenci\u00f3n para abordar un problema y a la necesidad de actuar sobre un asunto en particular. Son una fuente importante de autoridad para tomar postura en asuntos para de la PTA del Estado de California y sus unidades, consejos y distritos. Si un problema o situaci\u00f3n tiene implicaciones estatales [&hellip;]<\/p>\n","protected":false},"author":8,"featured_media":0,"parent":4479,"menu_order":0,"comment_status":"closed","ping_status":"closed","template":"","meta":{"footnotes":""},"class_list":["post-5980","page","type-page","status-publish","hentry","entry"],"_links":{"self":[{"href":"https:\/\/toolkit.capta.org\/es\/wp-json\/wp\/v2\/pages\/5980","targetHints":{"allow":["GET"]}}],"collection":[{"href":"https:\/\/toolkit.capta.org\/es\/wp-json\/wp\/v2\/pages"}],"about":[{"href":"https:\/\/toolkit.capta.org\/es\/wp-json\/wp\/v2\/types\/page"}],"author":[{"embeddable":true,"href":"https:\/\/toolkit.capta.org\/es\/wp-json\/wp\/v2\/users\/8"}],"replies":[{"embeddable":true,"href":"https:\/\/toolkit.capta.org\/es\/wp-json\/wp\/v2\/comments?post=5980"}],"version-history":[{"count":3,"href":"https:\/\/toolkit.capta.org\/es\/wp-json\/wp\/v2\/pages\/5980\/revisions"}],"predecessor-version":[{"id":10526,"href":"https:\/\/toolkit.capta.org\/es\/wp-json\/wp\/v2\/pages\/5980\/revisions\/10526"}],"up":[{"embeddable":true,"href":"https:\/\/toolkit.capta.org\/es\/wp-json\/wp\/v2\/pages\/4479"}],"wp:attachment":[{"href":"https:\/\/toolkit.capta.org\/es\/wp-json\/wp\/v2\/media?parent=5980"}],"curies":[{"name":"wp","href":"https:\/\/api.w.org\/{rel}","templated":true}]}}