{"id":6360,"date":"2013-11-12T16:37:36","date_gmt":"2013-11-13T00:37:36","guid":{"rendered":"http:\/\/toolkit.capta.org\/finance\/fundraising\/noncommercial-policy\/"},"modified":"2015-02-04T14:43:13","modified_gmt":"2015-02-04T22:43:13","slug":"noncommercial-policy","status":"publish","type":"page","link":"https:\/\/toolkit.capta.org\/es\/finance\/fundraising\/noncommercial-policy\/","title":{"rendered":"Norma no comercial"},"content":{"rendered":"<p>La norma no comercial requiere que el nombre \u201cPTA\u201d o los nombres de los funcionarios de la PTA no puedan usarse conjuntamente con las actividades comerciales de otras organizaciones, incluyendo la promoci\u00f3n de sus bienes y servicios, pero sin limitarse \u00fanicamente a esto.<\/p>\n<p>Los proyectos continuos o repetitivos realizados en cooperaci\u00f3n con una empresa comercial podr\u00edan ser vistos como respaldo de la PTA a esa empresa, lo mismo que el uso del nombre de la PTA junto al nombre de la empresa en las promociones. La organizaci\u00f3n o los miembros, en su condici\u00f3n oficial, no ser\u00e1n usados para endosar o promocionar una entidad comercial ni para participar en actividades no relacionadas con la promoci\u00f3n de los fines de la PTA.<\/p>\n<ul>\n<li>No haga un juicio cualitativo sobre los productos o servicios del patrocinador; i.e., <em>\u00a1Los aparatos de Joe\u2019s son los mejores!<\/em><\/li>\n<li>No incluya en el agradecimiento lenguaje comparativo ni lenguaje que implique buena calidad; i.e., <em>Los\u00a0aparatos de Joe son mucho mejores que los\u00a0aparatos de Bob!<\/em><\/li>\n<li>No permita que el patrocinador escriba el mensaje de agradecimiento; i.e., <em>\u00a1Gracias PTA de ABC, por recomendar nuestro producto!<\/em><\/li>\n<li>No pida a los miembros ni al p\u00fablico que compren los productos o servicios del patrocinador; i.e., <em>\u00a1Vamos a Joe\u2019s por los aparatos!<\/em><\/li>\n<li>No anuncie ning\u00fan producto o servicio.<\/li>\n<li>No respalde ning\u00fan producto o servicio; i.e., <em>Nuestra PTA recomienda Joe\u2019s.<\/em><\/li>\n<\/ul>\n<p>&nbsp;<\/p>\n","protected":false},"excerpt":{"rendered":"<p>La norma no comercial requiere que el nombre \u201cPTA\u201d o los nombres de los funcionarios de la PTA no puedan usarse conjuntamente con las actividades comerciales de otras organizaciones, incluyendo la promoci\u00f3n de sus bienes y servicios, pero sin limitarse \u00fanicamente a esto. Los proyectos continuos o repetitivos realizados en cooperaci\u00f3n con una empresa comercial [&hellip;]<\/p>\n","protected":false},"author":8,"featured_media":0,"parent":3466,"menu_order":0,"comment_status":"closed","ping_status":"closed","template":"","meta":{"footnotes":""},"class_list":["post-6360","page","type-page","status-publish","hentry","entry"],"_links":{"self":[{"href":"https:\/\/toolkit.capta.org\/es\/wp-json\/wp\/v2\/pages\/6360","targetHints":{"allow":["GET"]}}],"collection":[{"href":"https:\/\/toolkit.capta.org\/es\/wp-json\/wp\/v2\/pages"}],"about":[{"href":"https:\/\/toolkit.capta.org\/es\/wp-json\/wp\/v2\/types\/page"}],"author":[{"embeddable":true,"href":"https:\/\/toolkit.capta.org\/es\/wp-json\/wp\/v2\/users\/8"}],"replies":[{"embeddable":true,"href":"https:\/\/toolkit.capta.org\/es\/wp-json\/wp\/v2\/comments?post=6360"}],"version-history":[{"count":0,"href":"https:\/\/toolkit.capta.org\/es\/wp-json\/wp\/v2\/pages\/6360\/revisions"}],"up":[{"embeddable":true,"href":"https:\/\/toolkit.capta.org\/es\/wp-json\/wp\/v2\/pages\/3466"}],"wp:attachment":[{"href":"https:\/\/toolkit.capta.org\/es\/wp-json\/wp\/v2\/media?parent=6360"}],"curies":[{"name":"wp","href":"https:\/\/api.w.org\/{rel}","templated":true}]}}