{"id":6432,"date":"2013-11-21T10:43:32","date_gmt":"2013-11-21T18:43:32","guid":{"rendered":"http:\/\/toolkit.capta.org\/advocacy\/how-to-organize-a-local-rally\/"},"modified":"2015-02-09T15:32:25","modified_gmt":"2015-02-09T23:32:25","slug":"how-to-organize-a-local-rally","status":"publish","type":"page","link":"https:\/\/toolkit.capta.org\/es\/advocacy\/how-to-organize-a-local-rally\/","title":{"rendered":"C\u00f3mo organizar una manifestaci\u00f3n local"},"content":{"rendered":"<p>Organizar una manifestaci\u00f3n puede ser una herramienta muy eficaz de promoci\u00f3n. Una manifestaci\u00f3n puede energizar a sus miembros para trabajar en actividades de promoci\u00f3n. Puede atraer a la prensa, para que los miembros de la comunidad se informen acerca de nuestros problemas y posturas. Una manifestaci\u00f3n es tambi\u00e9n una oportunidad para que los legisladores los escuchen.<\/p>\n<p>Aqu\u00ed hay algunas ideas para organizar una manifestaci\u00f3n (tenga en cuenta que puede seleccionarlas todas o s\u00f3lo algunas).<\/p>\n<ol>\n<li><strong>Decida la finalidad<\/strong> de la manifestaci\u00f3n. \u00bfCu\u00e1l es el mensaje?<\/li>\n<li><strong>Decida la fecha<\/strong>, hora y lugar. (Vea 3 y 4 m\u00e1s abajo). Las opciones incluyen los siguientes:\n<ul>\n<li><strong>Al mediod\u00eda en una escuela primaria<\/strong>. Los padres pueden traer a sus hijos a la manifestaci\u00f3n despu\u00e9s del receso sin afectar la hora de clase y los escolares sosteniendo r\u00f3tulos son excelentes para fotos de los medios de comunicaci\u00f3n.<\/li>\n<li><strong>S\u00e1bado por la ma\u00f1ana en una escuela o un parque<\/strong>. Los padres pueden traer a sus hijos en una atm\u00f3sfera relajada.<\/li>\n<li><strong>Despu\u00e9s de la escuela en un campo de escuela o parque<\/strong>.<\/li>\n<\/ul>\n<\/li>\n<li><strong>Obtenga aprobaci\u00f3n<\/strong> de la PTA para la manifestaci\u00f3n y an\u00f3telo en las actas (necesario para el seguro).<\/li>\n<li><strong>Obtenga los permisos<\/strong> necesarios del distrito escolar o la ciudad.<\/li>\n<li><strong>Invitar a oradores<\/strong>. Las opciones incluyen:\n<ul>\n<li>Presidente de PTA<\/li>\n<li>Legisladores locales o su personal<\/li>\n<li>Superintendente escolar<\/li>\n<li>Miembros de la junta escolar<\/li>\n<li>Maestros<\/li>\n<li>Estudiantes de preparatoria<\/li>\n<li>Jefe legislativo de la PTA (bueno para recapitular)<\/li>\n<\/ul>\n<\/li>\n<\/ol>\n<p><em>Nota: pida a cada orador que hable no m\u00e1s de tres minutos para mantener los discursos breves.<\/em><\/p>\n<ol start=\"6\">\n<li><strong>Seleccione un moderador<\/strong>, alguien que pueda mantener la manifestaci\u00f3n encaminada.<\/li>\n<li><strong>Organice que una banda de la escuela secundaria, o algunos de sus miembros<\/strong> toquen m\u00fasica.<\/li>\n<li><strong>Invite a la prensa<\/strong>, incluyendo emisoras de noticias de TV, radio, peri\u00f3dicos.<\/li>\n<li><strong>Haga publicidad a la manifestaci\u00f3n<\/strong> con los padres y la comunidad.<\/li>\n<li><strong>Hacer r\u00f3tulos<\/strong>.\n<ul>\n<li>Descargue un logotipo de promoci\u00f3n de la PTA o haga carteles pintados a mano.<\/li>\n<li>F\u00edjelos en palos para pintura (del almac\u00e9n de suministros de pintura) con grapas.<\/li>\n<\/ul>\n<\/li>\n<li><strong>Realice una campa\u00f1a de cartas<\/strong>, proporcionando muestras de cartas para que los participantes firmen.<\/li>\n<li><strong>Suscr\u00edbase nuevos miembros<\/strong> en la manifestaci\u00f3n. Prep\u00e1rese para el manejo de efectivo y lleve tarjetas de afiliaci\u00f3n.<\/li>\n<li><strong>Considere la posibilidad de grabar<\/strong> el evento para los sitios web de PTA y otros.<\/li>\n<li><strong>D\u00edganos c\u00f3mo fue por correo electr\u00f3nico a<\/strong> <a href=\"mailto:legislation@capta.org\" target=\"_blank\">legislation@capta.org<\/a> and <a href=\"mailto:communications@capta.org\" target=\"_blank\">communications@capta.org<\/a><\/li>\n<\/ol>\n","protected":false},"excerpt":{"rendered":"<p>Organizar una manifestaci\u00f3n puede ser una herramienta muy eficaz de promoci\u00f3n. Una manifestaci\u00f3n puede energizar a sus miembros para trabajar en actividades de promoci\u00f3n. Puede atraer a la prensa, para que los miembros de la comunidad se informen acerca de nuestros problemas y posturas. Una manifestaci\u00f3n es tambi\u00e9n una oportunidad para que los legisladores los [&hellip;]<\/p>\n","protected":false},"author":8,"featured_media":0,"parent":3065,"menu_order":0,"comment_status":"closed","ping_status":"closed","template":"","meta":{"footnotes":""},"class_list":["post-6432","page","type-page","status-publish","hentry","entry"],"_links":{"self":[{"href":"https:\/\/toolkit.capta.org\/es\/wp-json\/wp\/v2\/pages\/6432","targetHints":{"allow":["GET"]}}],"collection":[{"href":"https:\/\/toolkit.capta.org\/es\/wp-json\/wp\/v2\/pages"}],"about":[{"href":"https:\/\/toolkit.capta.org\/es\/wp-json\/wp\/v2\/types\/page"}],"author":[{"embeddable":true,"href":"https:\/\/toolkit.capta.org\/es\/wp-json\/wp\/v2\/users\/8"}],"replies":[{"embeddable":true,"href":"https:\/\/toolkit.capta.org\/es\/wp-json\/wp\/v2\/comments?post=6432"}],"version-history":[{"count":0,"href":"https:\/\/toolkit.capta.org\/es\/wp-json\/wp\/v2\/pages\/6432\/revisions"}],"up":[{"embeddable":true,"href":"https:\/\/toolkit.capta.org\/es\/wp-json\/wp\/v2\/pages\/3065"}],"wp:attachment":[{"href":"https:\/\/toolkit.capta.org\/es\/wp-json\/wp\/v2\/media?parent=6432"}],"curies":[{"name":"wp","href":"https:\/\/api.w.org\/{rel}","templated":true}]}}