{"id":6528,"date":"2013-11-26T14:54:15","date_gmt":"2013-11-26T22:54:15","guid":{"rendered":"http:\/\/toolkit.capta.org\/resources-and-subscriptions-2\/"},"modified":"2017-08-25T10:25:44","modified_gmt":"2017-08-25T17:25:44","slug":"resources-and-subscriptions","status":"publish","type":"page","link":"https:\/\/toolkit.capta.org\/es\/resources-and-subscriptions\/","title":{"rendered":"Recursos y suscripciones"},"content":{"rendered":"<div>\n<p align=\"center\">Consulte nuestros recursos en el sitio web de PTA de California: <a href=\"http:\/\/capta.org\/\" target=\"_blank\" rel=\"noopener noreferrer\">capta.org<\/a><\/p>\n<\/div>\n<p><strong>Sitio Web:<\/strong> <a href=\"http:\/\/capta.org\/\" target=\"_blank\" rel=\"noopener noreferrer\">capta.org<br \/>\n<\/a>Ofrece informaci\u00f3n actualizada sobre las pol\u00edticas y los programas de PTA con instrucci\u00f3n para el funcionamiento de su PTA.<\/p>\n<p><strong><em>PTA in California<\/em><\/strong> <em>[PTA en California]<\/em><br \/>\nRevista oficial de la PTA de California con una gran cantidad de noticias e informaci\u00f3n para los miembros de PTA.<\/p>\n<p><em><strong>PTA Connects<\/strong><\/em><br \/>\nUn bolet\u00edn mensual enviado por correo electr\u00f3nico a los miembros y l\u00edderes de PTA.<\/p>\n<p><strong>SMARTS<\/strong><br \/>\nUn bolet\u00edn electr\u00f3nico dise\u00f1ado para difundir la palabra acerca de los beneficios de la educaci\u00f3n art\u00edstica. Suscr\u00edbase en <a href=\"http:\/\/capta.org\/\" target=\"_blank\" rel=\"noopener noreferrer\">capta.org<\/a>.<\/p>\n<p><strong><em>Leadership Essentials<\/em><\/strong><br \/>\nEnviado peri\u00f3dicamente por correo electr\u00f3nico a los l\u00edderes de PTA. Incluye informaci\u00f3n oportuna y recordatorios sobre asuntos, tareas y responsabilidades de los l\u00edderes de PTA en cualquier nivel.<\/p>\n<p><strong><em>Legislation Action Report<\/em><\/strong> <em>[Informe sobre gesti\u00f3n legislativa]<\/em><br \/>\nBolet\u00edn electr\u00f3nico que contiene un resumen de las medidas adoptadas en la legislaci\u00f3n de inter\u00e9s a PTA de California. Incluye proyectos de ley general y las posiciones tomadas por PTA de California.<\/p>\n<p><strong><em>Legislation Alerts<\/em><\/strong> <em>[Avisos legislativos]<\/em><br \/>\nActualizaciones electr\u00f3nicas sobre legislaci\u00f3n actual y otras medidas y cuestiones que afectan a los ni\u00f1os y j\u00f3venes, y ofrecen oportunidades para tomar medidas en apoyo de las posiciones de PTA. Enviado a los suscriptores de Sacramento Update y a todos los presidentes de las unidades, consejos y distritos de PTA y oficinas legislativas. Suscr\u00edbase en <a href=\"http:\/\/capta.org\/\" target=\"_blank\" rel=\"noopener noreferrer\">capta.org<\/a>.<\/p>\n<p><strong><em>Sacramento Update<\/em><\/strong> <em>[Actualizaci\u00f3n de Sacramento]<\/em><br \/>\nBolet\u00edn informativo sobre cuestiones de legislaci\u00f3n federal y estatal que afectan los ni\u00f1os y j\u00f3venes. Enviado por correo electr\u00f3nico a los suscriptores legislativos.<\/p>\n<p><strong><em>Lunes de membres\u00eda<\/em><\/strong> <em>[Actualizaci\u00f3n de Sacramento]<\/em><br \/>\nCada lunes desde los mediados de Julio a Octubre, est\u00e9 pendiente al bolet\u00edn de \u00abLunes de Membres\u00eda\u00bb. Este bolet\u00edn especial ser\u00e1 enviado a todos los presidentes de unidad, consejo y distrito, a los oficiales de comunicaciones y presidentes.<\/p>\n<p><strong>Servicio de correo sobre el liderazgo<\/strong><br \/>\nContiene ideas para el funcionamiento de su PTA con consejos e instrucci\u00f3n para mejorar la calidad de la afiliaci\u00f3n, liderazgo, programas e involucraci\u00f3n familiar. Proporciona recursos actualizados para las PTA en finanzas, estatutos, becas, subvenciones y premios, temas sobre ni\u00f1os, comunicaciones y m\u00e1s.<\/p>\n<p><strong>Env\u00edos postales sobre seguros<\/strong><br \/>\nEnviado anualmente a los lideres de PTA que incluye la <em>Gu\u00eda de Seguros y Prevenci\u00f3n de P\u00e9rdidas<\/em> (<em>Insurance and Loss Prevention Guide<\/em>), y el aviso sobre las primas anuales de seguros y otros materiales y recursos de PTA de California. No disponible en l\u00ednea.<\/p>\n<p><strong>Env\u00edos postales sobre la convenci\u00f3n<\/strong><br \/>\nLas publicaciones para la convenci\u00f3n anual de la PTA de California enviadas por correo electr\u00f3nico a los l\u00edderes de PTA y miembros contienen informaci\u00f3n de registro e informaci\u00f3n de los talleres con requisitos de asistencia, formas y direcciones. Proporcionan descripciones de las actividades de la convenci\u00f3n, altavoces y la agenda para el manejo de negocios de la organizaci\u00f3n en la convenci\u00f3n.<\/p>\n<p><em><strong>Running Your PTA Made Easy<\/strong><\/em> <em>[Dirigir su PTA es f\u00e1cil]<\/em><br \/>\nUn breve gu\u00eda de 24 p\u00e1ginas con consejos y apoyo para los l\u00edderes de PTA. Disponible en ingl\u00e9s y espa\u00f1ol.<\/p>\n<div class=\"spotlightbox\">\n<p style=\"text-align: center;\"><a href=\"http:\/\/capta.org\/join\/join-our-mailing-list\/\" target=\"_blank\" rel=\"noopener noreferrer\"><b>Suscribase en l\u00ednea para recibir publicaciones GRATUITAS<\/b><\/a><br \/>\n<a href=\"http:\/\/downloads.capta.org\/sm\/listofMaterials.pdf\"><b><i>Lista de materiales de PTA<\/i><\/b><\/a><\/p>\n<\/div>\n","protected":false},"excerpt":{"rendered":"<p>Consulte nuestros recursos en el sitio web de PTA de California: capta.org Sitio Web: capta.org Ofrece informaci\u00f3n actualizada sobre las pol\u00edticas y los programas de PTA con instrucci\u00f3n para el funcionamiento de su PTA. PTA in California [PTA en California] Revista oficial de la PTA de California con una gran cantidad de noticias e informaci\u00f3n [&hellip;]<\/p>\n","protected":false},"author":8,"featured_media":0,"parent":0,"menu_order":0,"comment_status":"closed","ping_status":"closed","template":"","meta":{"footnotes":""},"class_list":["post-6528","page","type-page","status-publish","hentry","entry"],"_links":{"self":[{"href":"https:\/\/toolkit.capta.org\/es\/wp-json\/wp\/v2\/pages\/6528","targetHints":{"allow":["GET"]}}],"collection":[{"href":"https:\/\/toolkit.capta.org\/es\/wp-json\/wp\/v2\/pages"}],"about":[{"href":"https:\/\/toolkit.capta.org\/es\/wp-json\/wp\/v2\/types\/page"}],"author":[{"embeddable":true,"href":"https:\/\/toolkit.capta.org\/es\/wp-json\/wp\/v2\/users\/8"}],"replies":[{"embeddable":true,"href":"https:\/\/toolkit.capta.org\/es\/wp-json\/wp\/v2\/comments?post=6528"}],"version-history":[{"count":3,"href":"https:\/\/toolkit.capta.org\/es\/wp-json\/wp\/v2\/pages\/6528\/revisions"}],"predecessor-version":[{"id":8714,"href":"https:\/\/toolkit.capta.org\/es\/wp-json\/wp\/v2\/pages\/6528\/revisions\/8714"}],"wp:attachment":[{"href":"https:\/\/toolkit.capta.org\/es\/wp-json\/wp\/v2\/media?parent=6528"}],"curies":[{"name":"wp","href":"https:\/\/api.w.org\/{rel}","templated":true}]}}