{"id":6535,"date":"2013-11-26T14:53:13","date_gmt":"2013-11-26T22:53:13","guid":{"rendered":"http:\/\/toolkit.capta.org\/calendar-of-events-2\/"},"modified":"2024-05-22T14:18:36","modified_gmt":"2024-05-22T21:18:36","slug":"calendar-of-events","status":"publish","type":"page","link":"https:\/\/toolkit.capta.org\/es\/calendar-of-events\/","title":{"rendered":"Calendario de Eventos de la PTA de California"},"content":{"rendered":"<p style=\"text-align: left;\" align=\"center\">Estas fechas representan las fechas por cu\u00e1l las materias deben ser recibidas en la oficina de la PTA de California. Las fechas de vencimiento m\u00e1s tempranas del consejo y\/o del distrito pueden aplicarse para asegurar suficiente tiempo para que la informaci\u00f3n circule a tr\u00e1ves de los canales.<\/p>\n<p style=\"text-align: left;\" align=\"center\">Las unidades deben observar las fechas de vencimiento del consejo y distrito de la PTA.<\/p>\n<p><strong>Septiembre<\/strong><br \/>\nSeptiembre y octubre se han designado como los meses para la inscripci\u00f3n.<\/p>\n<p><strong>Octubre<\/strong><br \/>\n15\u00a0\u00a0 \u00a0Se deben recibir las solicitudes para los subsidios de Traducciones, Artes Culturales, Estilos de vida saludables y Educaci\u00f3n para padres de familia, en la oficina de la PTA de California.<\/p>\n<p>15\u00a0\u00a0 \u00a0Solicitudes para becas de educaci\u00f3n continuada deben recibirse en la oficina de la PTA de California.<\/p>\n<p>23-31 Semana del Lazo Rojo<\/p>\n<p>30\u00a0\u00a0 \u00a0La per c\u00e1pita de 30 miembros debe recibirse por las unidades para calificar para el Premio \u00a1En sus marcas, listos \u2026 Remitan! (uno de los criterios para las unidades que solicitan el <em>Premio PTA Spotlight<\/em>).<\/p>\n<p>31\u00a0\u00a0 \u00a0Vencimiento de las tarjetas de afiliaci\u00f3n a la PTA del a\u00f1o anterior.<\/p>\n<p><strong>Noviembre<\/strong><br \/>\n1\u00a0\u00a0 \u00a0BORRADOR de resoluciones y Hoja que acompa\u00f1a las gestiones recibidos en la oficina de la PTA de California.<\/p>\n<p>15\u00a0\u00a0 \u00a0Si el per\u00edodo fiscal termina el 30 de junio, se deben presentar los formularios gubernamentales y de impuestos.<\/p>\n<p><strong>Diciembre<\/strong><br \/>\n1\u00a0\u00a0 \u00a0Primer abono de cuotas per c\u00e1pita a la PTA de California debe ser sellado por el correo.<\/p>\n<p>20<\/p>\n<p style=\"font-weight: 400;\">Las primas de seguros que se tienen que pagar se deben hacer a trav\u00e9s del portal de seguros. Se aplicar\u00e1 un cargo por pago atrasado de cualquier prima recibida despu\u00e9s del 20 de diciembre.<\/p>\n<p><strong>Enero<\/strong><br \/>\nLas inscripciones para el Programa de Reflexiones de la PTA Nacional deben recibirse en la oficina de la PTA de California. P\u00f3ngase en contacto con el presidente de su distrito PTA para fechas del a\u00f1o actual.<\/p>\n<p>5\u00a0\u00a0 \u00a0Versi\u00f3n FINAL de resoluciones y Hoja que acompa\u00f1a las gestiones recibidos en la oficina de la PTA de California.<\/p>\n<p>31 \u00a0<span lang=\"es-419\">Asegurar de que el Informe de Nomina de Compensaci\u00f3n de Trabajadores Anual y prima de seguro, si la hubiera, se remitan a trav\u00e9s del corredor de seguros de la PTA del Estado de California.<\/span><\/p>\n<p><strong>Febrero<\/strong><br \/>\nVerifique con el consejo\/distrito de la PTA la fecha l\u00edmite para la inscripci\u00f3n temprana y descuentos a la convenci\u00f3n de la PTA de California<\/p>\n<p>1\u00a0\u00a0 \u00a0Se deben presentar las solicitudes de beca para los cursos de verano y para los graduados del \u00faltimo a\u00f1o de la secundaria en la oficina de la PTA de California.<\/p>\n<p>1\u00a0\u00a0 \u00a0Se debe presentar la solicitud para el Premio PTA Spotlight en la oficina de la PTA de California.<\/p>\n<p>17\u00a0\u00a0 \u00a0D\u00eda de los Fundadores. Se rinde homenaje a los tres fundadores de la PTA, as\u00ed como a l\u00edderes de la PTA del pasado y del presente.<\/p>\n<p><strong>Marzo<\/strong><br \/>\n1\u00a0\u00a0 \u00a0La solicitud para el Premio Colaboraci\u00f3n entre Escuela y la Familia \u2013 Phoebe Apperson Hearst de la PTA Nacional debe estar en la oficina de PTA de California (<a href=\"http:\/\/www.pta.org\/\">pta.org<\/a>).<\/p>\n<p><strong>Abril y Mayo<br \/>\n<\/strong>27-29 de abril, 2018 \u2014 Convenci\u00f3n de la PTA de California \u2013 Ontario<br \/>\n16-18 de mayo, 2019 \u2014 Convenci\u00f3n de la PTA de California \u2013 Monterey<\/p>\n<p><strong>Junio<\/strong><br \/>\n1\u00a0\u00a0 \u00a0Los presidentes de distritos de la PTA son responsables de presentar el listado de funcionarios de las unidades, consejos y distritos de la PTA incluyendo informaci\u00f3n completa de cada uno, para el directorio y la lista de correos de la PTA de California.<\/p>\n<p>1\u00a0\u00a0 \u00a0Se deben enviar los informes anuales de historiador al historiador de la PTA de California.<\/p>\n<p>1\u00a0\u00a0 \u00a0El formulario de presentaci\u00f3n del subsidio al desarrollo del liderazgo de los distritos de la PTA debe ser recibido en la oficina de la PTA.<\/p>\n<p>1\u00a0\u00a0 \u00a0Reporte de beneficiarios de subsidios de PTA de unidad, consejo o distrito a entregarse en la oficina de la PTA de California.<\/p>\n<p>junio \u2014 Convenci\u00f3n de PTA Nacional \u2013 Para m\u00e1s informaci\u00f3n visitar <a href=\"http:\/\/www.pta.org\/\">pta.org<\/a>.<\/p>\n<p>30\u00a0\u00a0 \u00a0\u00daltimo pago de cuotas per c\u00e1pita del a\u00f1o.<\/p>\n<p>30\u00a0\u00a0 \u00a0Abono final de donativos voluntarios del D\u00eda de los Fundadores \u2013 fecha l\u00edmite de la oficina de la PTA de California.<\/p>\n<p><strong>Julio y Agosto<\/strong><br \/>\nUtilice los meses del verano para empezar a planear los programas, los eventos y las actividades de afiliaci\u00f3n de miembros para el siguiente a\u00f1o escolar.<\/p>\n<p>La PTA de California publica una extensa cantidad de materiales dirigidos a facultar y apoyar los esfuerzos de las unidades, los consejos y los distritos de la PTA que tienen como meta crear un impacto positivo en la vida de los ni\u00f1os, los j\u00f3venes y las familias.<\/p>\n<div>\n<div class=\"spotlightbox\">\n<p align=\"center\"><b>California State PTA<br \/>\n<\/b>2327 L Street, Sacramento, CA 95816-5014<br \/>\n916.440.1985 \u2022 FAX 916.440.1986\u00a0 \u2022\u00a0 <a href=\"mailto:info@capta.org\">info@capta.org<\/a> \u2022 <a href=\"http:\/\/capta.org\/\">capta.org<\/a><\/p>\n<\/div>\n<\/div>\n","protected":false},"excerpt":{"rendered":"<p>Estas fechas representan las fechas por cu\u00e1l las materias deben ser recibidas en la oficina de la PTA de California. Las fechas de vencimiento m\u00e1s tempranas del consejo y\/o del distrito pueden aplicarse para asegurar suficiente tiempo para que la informaci\u00f3n circule a tr\u00e1ves de los canales. Las unidades deben observar las fechas de vencimiento [&hellip;]<\/p>\n","protected":false},"author":8,"featured_media":0,"parent":0,"menu_order":0,"comment_status":"closed","ping_status":"closed","template":"","meta":{"footnotes":""},"class_list":["post-6535","page","type-page","status-publish","hentry","entry"],"_links":{"self":[{"href":"https:\/\/toolkit.capta.org\/es\/wp-json\/wp\/v2\/pages\/6535","targetHints":{"allow":["GET"]}}],"collection":[{"href":"https:\/\/toolkit.capta.org\/es\/wp-json\/wp\/v2\/pages"}],"about":[{"href":"https:\/\/toolkit.capta.org\/es\/wp-json\/wp\/v2\/types\/page"}],"author":[{"embeddable":true,"href":"https:\/\/toolkit.capta.org\/es\/wp-json\/wp\/v2\/users\/8"}],"replies":[{"embeddable":true,"href":"https:\/\/toolkit.capta.org\/es\/wp-json\/wp\/v2\/comments?post=6535"}],"version-history":[{"count":4,"href":"https:\/\/toolkit.capta.org\/es\/wp-json\/wp\/v2\/pages\/6535\/revisions"}],"predecessor-version":[{"id":11261,"href":"https:\/\/toolkit.capta.org\/es\/wp-json\/wp\/v2\/pages\/6535\/revisions\/11261"}],"wp:attachment":[{"href":"https:\/\/toolkit.capta.org\/es\/wp-json\/wp\/v2\/media?parent=6535"}],"curies":[{"name":"wp","href":"https:\/\/api.w.org\/{rel}","templated":true}]}}