{"id":7139,"date":"2015-10-04T22:28:02","date_gmt":"2015-10-05T05:28:02","guid":{"rendered":"http:\/\/toolkit.capta.org\/es\/advocacy\/position-statements\/vaccinations\/"},"modified":"2022-04-05T20:21:54","modified_gmt":"2022-04-06T03:21:54","slug":"vaccinations","status":"publish","type":"page","link":"https:\/\/toolkit.capta.org\/es\/advocacy\/position-statements\/vaccinations\/","title":{"rendered":"Salud de las vacunas"},"content":{"rendered":"<p style=\"text-align: center;\"><em>Adoptada en mayo de 2015 \u2013 Revisada en agosto 2020 \u2013 Revisada en noviembre 2021 \u2013 Comisi\u00f3n de Salud y Asuntos Comunitarios<\/em><\/p>\n<p>PTA de California cree en la importancia de la prevenci\u00f3n y de eliminar los factores que pueden ser perjudiciales para la salud, la seguridad y el bienestar de todos los ni\u00f1os, los j\u00f3venes y las familias.<\/p>\n<p>La PTA del Estado de California cree que los programas de prevenci\u00f3n son vitales y reconoce que cualquier circunstancia que interfiere con el potencial de un ni\u00f1o para convertirse en un ciudadano saludable, educado y productivo lo pone en riesgo. La PTA del Estado de California cree que las vacunas y est\u00e1 comprobado que previenen enfermedades que en generaciones anteriores han afectado a un gran n\u00famero de ni\u00f1os anualmente.<\/p>\n<p>Uno de los objetivos de la PTA es \u00abasegurar leyes adecuadas para el cuidado y la protecci\u00f3n de nuestros ni\u00f1os y j\u00f3venes\u00bb y las vacunas son una forma de hacerlo.<\/p>\n<p>La PTA ha apoyado las vacunas desde su creaci\u00f3n hace m\u00e1s de 100 a\u00f1os. Las vacunas han tenido un enorme impacto en la mejora de la salud de los ni\u00f1os en los Estados Unidos. Las vacunas han sido tan efectivas que la mayor\u00eda de los padres en nuestro pa\u00eds hoy nunca han visto de primera mano las devastadoras consecuencias que las enfermedades prevenibles por vacunaci\u00f3n tienen en una familia o comunidad.<\/p>\n<p>La PTA del Estado de California aboga activamente por la protecci\u00f3n de nuestros ni\u00f1os y familias a trav\u00e9s de las vacunas y apoya la legislaci\u00f3n que fomenta esa protecci\u00f3n. La PTA cree que es importante que sigamos protegiendo a nuestros ni\u00f1os con vacunas porque los brotes de enfermedades da\u00f1inas pueden ocurrir y ocurren ocasionalmente. La vacunaci\u00f3n hace m\u00e1s que proteger al individuo, protege a comunidades enteras, incluidas aquellas personas que no pueden ser vacunadas.<\/p>\n<p>Seg\u00fan los Centros para el Control y Prevenci\u00f3n de Enfermedades, las vacunas durante la ni\u00f1ez son esenciales para ayudar a proporcionar inmunidad antes de que los ni\u00f1os est\u00e9n expuestos a enfermedades potencialmente mortales. Se hacen pruebas de las vacunas para garantizar que sean seguras y efectivas para que los ni\u00f1os las reciban a la edad recomendada.<\/p>\n<p>Si bien los beb\u00e9s reciben muchas vacunas, se administran en el momento en que los beb\u00e9s tienen mayor riesgo de contraer enfermedades y complicaciones graves por enfermedades. Las enfermedades que previenen las inmunizaciones son muy graves y pueden causar da\u00f1o hep\u00e1tico, enfermedades card\u00edacas o p\u00e9rdida de audici\u00f3n, todo lo cual puede durar toda la vida o incluso la muerte. Las vacunas est\u00e1n bien estudiadas para garantizar que sea seguro administrarlas todas a la vez. Hoy en d\u00eda, la mayor\u00eda de los ni\u00f1os en los Estados Unidos llevan vidas mucho m\u00e1s saludables y los padres viven con mucha menos ansiedad y preocupaci\u00f3n por las infecciones durante la ni\u00f1ez. Las vacunas son una de las historias de \u00e9xito de la medicina moderna.<\/p>\n<p>PTA de California considera que todos los ni\u00f1os, con la excepci\u00f3n de los que est\u00e1n m\u00e9dicamente vulnerables, deben recibir las vacunas prescritas apropiado para su edad, con el fin de protegerse a s\u00ed mismos, sus familias, sus comunidades y a los ni\u00f1os que son m\u00e9dicamente vulnerables.<\/p>\n","protected":false},"excerpt":{"rendered":"<p>Adoptada en mayo de 2015 \u2013 Revisada en agosto 2020 \u2013 Revisada en noviembre 2021 \u2013 Comisi\u00f3n de Salud y Asuntos Comunitarios PTA de California cree en la importancia de la prevenci\u00f3n y de eliminar los factores que pueden ser perjudiciales para la salud, la seguridad y el bienestar de todos los ni\u00f1os, los j\u00f3venes [&hellip;]<\/p>\n","protected":false},"author":8,"featured_media":0,"parent":4492,"menu_order":0,"comment_status":"closed","ping_status":"closed","template":"","meta":{"footnotes":""},"class_list":["post-7139","page","type-page","status-publish","hentry","entry"],"_links":{"self":[{"href":"https:\/\/toolkit.capta.org\/es\/wp-json\/wp\/v2\/pages\/7139","targetHints":{"allow":["GET"]}}],"collection":[{"href":"https:\/\/toolkit.capta.org\/es\/wp-json\/wp\/v2\/pages"}],"about":[{"href":"https:\/\/toolkit.capta.org\/es\/wp-json\/wp\/v2\/types\/page"}],"author":[{"embeddable":true,"href":"https:\/\/toolkit.capta.org\/es\/wp-json\/wp\/v2\/users\/8"}],"replies":[{"embeddable":true,"href":"https:\/\/toolkit.capta.org\/es\/wp-json\/wp\/v2\/comments?post=7139"}],"version-history":[{"count":3,"href":"https:\/\/toolkit.capta.org\/es\/wp-json\/wp\/v2\/pages\/7139\/revisions"}],"predecessor-version":[{"id":10757,"href":"https:\/\/toolkit.capta.org\/es\/wp-json\/wp\/v2\/pages\/7139\/revisions\/10757"}],"up":[{"embeddable":true,"href":"https:\/\/toolkit.capta.org\/es\/wp-json\/wp\/v2\/pages\/4492"}],"wp:attachment":[{"href":"https:\/\/toolkit.capta.org\/es\/wp-json\/wp\/v2\/media?parent=7139"}],"curies":[{"name":"wp","href":"https:\/\/api.w.org\/{rel}","templated":true}]}}