{"id":7524,"date":"2013-11-21T10:42:40","date_gmt":"2013-11-21T18:42:40","guid":{"rendered":"http:\/\/toolkit.capta.org\/es\/advocacy\/organizing-a-local-candidates-forum\/"},"modified":"2016-01-21T11:27:32","modified_gmt":"2016-01-21T19:27:32","slug":"organizing-a-local-candidates-forum","status":"publish","type":"page","link":"https:\/\/toolkit.capta.org\/es\/advocacy\/organizing-a-local-candidates-forum\/","title":{"rendered":"Organizaci\u00f3n de un foro de candidatos locales"},"content":{"rendered":"<ol>\n<li>Forme un comit\u00e9. La participaci\u00f3n en este comit\u00e9 cae dentro de la <a href=\"http:\/\/downloads.capta.org\/toolkit\/jd\/es\/DirectorDeDefensaLegislativa.pdf\" target=\"_blank\">Descripci\u00f3n de funciones para el director de defensa legislativa<\/a>.<\/li>\n<li>Determinar si PTA patrocinar\u00e1 el foro solo o con otra organizaci\u00f3n no partidista, como la Liga de Mujeres Votantes o una sucursal de la Asociaci\u00f3n Estadounidense de Mujeres Universitarias.<\/li>\n<li>Establezca la fecha y obtenga una instalaci\u00f3n que se encuentra en el centro, si es posible. Si admite el n\u00famero de candidatos, una sala de juntas de distrito escolar es una excelente ubicaci\u00f3n y el entorno f\u00edsico, incluido el espacio p\u00fablico, en la mayor\u00eda de los casos ya est\u00e1 configurado.<\/li>\n<li>Decida si va filmar el foro. Esto puede hacerse mediante una estaci\u00f3n de televisi\u00f3n por cable local, una clase de producci\u00f3n de video de preparatoria o un voluntario. El video puede cargarse en un sitio de servicios en l\u00ednea y el sitio web de la PTA. Algunos canales de televisi\u00f3n del gobierno local est\u00e1n dispuestos a trabajar en colaboraci\u00f3n con la Liga de Mujeres Votantes y las PTA para filmar los foros para su transmisi\u00f3n. Nota: la c\u00e1mara debe centrarse s\u00f3lo en el moderador y los candidatos.<\/li>\n<li>Haga el proyecto de invitaci\u00f3n a los candidatos. Aseg\u00farese de incluir:<br \/>\na)\u00a0 Complete la informaci\u00f3n sobre la fecha, hora y lugar;<br \/>\nb)\u00a0 Las directrices y normas b\u00e1sicas para el foro (por ejemplo, habr\u00e1 s\u00f3lo preguntas por escrito; la cantidad de tiempo permitido para las respuestas de los candidatos; temas de preguntas; formato del foro (incluido el tiempo de apertura y cierre de declaraciones, orden de los candidatos para las declaraciones y respuestas, etc.); normas que proh\u00edben la distribuci\u00f3n de literatura de campa\u00f1a en el cuarto del foro; si el foro ser\u00e1 filmado para la reproducci\u00f3n por televisi\u00f3n por cable o en un sitio web, etc.;<br \/>\nc)\u00a0 Solicitud para cualquier informaci\u00f3n necesaria del candidato para la promoci\u00f3n del foro; por ejemplo, biograf\u00eda y foto;<br \/>\nd)\u00a0 Nombre, direcci\u00f3n, direcci\u00f3n de correo electr\u00f3nico y n\u00famero de tel\u00e9fono de la persona de contacto del comit\u00e9 del Foro;<br \/>\ne)\u00a0 Fecha de vencimiento para que el candidato responda.<\/li>\n<li>Los horarios de los candidatos son a menudo. Ellos pueden ser contactados por muchas organizaciones con solicitudes de informaci\u00f3n, apariciones personales y foros. Establecer una conexi\u00f3n personal llamando a todos los candidatos o sus campa\u00f1as para informarles sobre el foro; extender una invitaci\u00f3n inicial y pedirles que esperen una invitaci\u00f3n m\u00e1s formal en el correo pueden facilitar tanto el proceso de organizaci\u00f3n del foro como el comunicarse con los candidatos.<\/li>\n<li>Obtenga las direcciones personales y direcciones de correo electr\u00f3nico de todos los candidatos oficiales en el Registro de Votantes y env\u00ede invitaciones por correo certificado con un aviso de recepci\u00f3n. Los avisos de recepci\u00f3n firmados se deben mantener en el archivo.<\/li>\n<li>Determine arreglos f\u00edsicos:<br \/>\na) Proporcione suficientes asientos accesibles para los asistentes.<br \/>\nb) Los asientos para los candidatos deben ser en forma de una mesa principal, preferiblemente elevada para que sean visibles para el p\u00fablico. Las asignaciones de asientos deben hacerse por loter\u00eda y cada candidato debe sacar un n\u00famero de asiento antes del comienzo del foro. La mesa tambi\u00e9n debe estar cubierta y se debe proporcionar agua para los candidatos y el moderador.<br \/>\nc) El moderador es el facilitador del foro y puede estar en un podio o sentado a la mesa con los candidatos. Si es lo primero, el moderador debe tener una silla. Si es lo segundo, \u00faltimo, el moderador debe estar sentado en una ubicaci\u00f3n que permita el contacto visual con todos los candidatos y el control sobre el proceso del foro y el decoro.<br \/>\nd) Proporcione un adecuado sistema de sonido con micr\u00f3fonos disponibles para rotar entre los candidatos, con un micr\u00f3fono separado para el moderador.<br \/>\ne) Proporcione mesas para los refrigerios y cualquier literatura relacionada con el foro, tales como agendas, programas, paquetes de biograf\u00edas de los candidatos y respuestas al cuestionario.<br \/>\nf) Siga los reglamentos de permiso del sitio donde se realiza el foro en relaci\u00f3n con la distribuci\u00f3n de la literatura de campa\u00f1a. Nota: si se proporciona una mesa fuera de la sala del foro para la literatura de los candidatos, se debe ofrecerse a todos los candidatos. Los materiales no se deber\u00e1n poner a la disposici\u00f3n sino hasta la conclusi\u00f3n del foro para evitar que los ingresen al sal\u00f3n del foro. Generalmente es buena idea poner un l\u00edmite en la cantidad de literatura que cada candidato puede colocar sobre la mesa para mantener el car\u00e1cter no partidista del entorno general de foro.<br \/>\ng) Provea una mesa en la que se clasifiquen preguntas al frente de la sala. Se deben colocar cron\u00f3metros en el centro de la primera fila, visibles a todos los candidatos.<\/li>\n<li>Identifique las responsabilidades de los voluntarios:<br \/>\na) Los voluntarios de la PTA y las entidades patrocinadoras que organizan o proveen personal para el foro no deben tener v\u00ednculos personales con ninguna candidatura y no habr\u00e1 expresado p\u00fablicamente apoyo ni oposici\u00f3n a ning\u00fan candidato.<br \/>\nb) El comit\u00e9 del foro debe prever lo siguiente: anfitriones para los candidatos y los asistentes; la persona; hospitalidad; una persona para abrir el foro y conducir el juramento de lealtad \u2013puede ser el moderador o presidente de la organizaci\u00f3n patrocinadora.<br \/>\nc) Asegure un moderador neutral. Piense en pedir un representante de la Liga de Mujeres Votantes o un editor pol\u00edtico respetado de los medios de comunicaci\u00f3n locales. El moderador o su organizaci\u00f3n no pueden haber apoyado casualmente o formalmente a ninguno de los candidatos.<br \/>\nd) Clasificadores de preguntas: reclute a un representante de la PTA sin v\u00ednculos personales con ning\u00fan candidato y un representante de cada una de las organizaciones copatrocinadoras.<br \/>\ne) Cron\u00f3metro \u2013uno para seguimiento de tiempo y uno para enviar se\u00f1ales a los candidatos de la se\u00f1al.<br \/>\nf) Dos o tres voluntarios para repartir fichas en blanco, recoger preguntas y entregarlas a los clasificadores.<\/li>\n<li>Publicidad: art\u00edculos de peri\u00f3dico, anuncios de radio, anuncios de cable, volantes para boletines de PTA, etc.<\/li>\n<li>En el d\u00eda del foro:<br \/>\na) Ingreso de los asistentes, los ujieres proporcionan fichas en blanco en el que los asistentes podr\u00e1n escribir preguntas para los candidatos. Cada tarjeta debe utilizarse para una sola pregunta.<br \/>\nb) Comience con la jura de lealtad, la bienvenida y una declaraci\u00f3n de la pol\u00edtica no partidista de los grupos patrocinadores.<br \/>\nc) El moderador debe repasar las directrices b\u00e1sicas del foro y procedimientos que se distribuyeron a todos los candidatos, por lo que el p\u00fablico tambi\u00e9n entender\u00e1 y sabr\u00e1 a qu\u00e9 atenerse. El moderador debe especificar la longitud de tiempo permitido para las declaraciones de apertura y clausura, si est\u00e1n incluidas y tambi\u00e9n debe especificar la cantidad de tiempo que cada candidato tendr\u00e1 para responder a cada pregunta. Si el foro es televisado, esta declaraci\u00f3n informar\u00e1 tambi\u00e9n a la audiencia. El moderador tambi\u00e9n incluir\u00e1 la siguiente informaci\u00f3n:<br \/>\n_i.\u00a0 El orden de las preguntas ser\u00e1 rotado entre los candidatos en orden aleatorio.<br \/>\n_ii.\u00a0 Si todas las preguntas ser\u00e1n por escrito o si se permitir\u00e1 preguntas de los asistentes.<br \/>\n_iii.\u00a0 Se examinar\u00e1 la relevancia de todas las preguntas, para evitar la duplicaci\u00f3n y para asegurar el cumplimiento de las directrices y normas b\u00e1sicas. Las preguntas personales o ataques contra cualquier candidato no se permitir\u00e1n.<br \/>\n_iv.\u00a0 Si una pregunta se dirige a un candidato espec\u00edfico, debe centrarse en el tema. El candidato tendr\u00e1 una cantidad de tiempo para responder. Todos los candidatos tendr\u00e1n oportunidad de responder, si as\u00ed lo desean.<br \/>\nSi una pregunta va dirigida a todos los candidatos, cada candidato tendr\u00e1 hasta un minuto para responder.<br \/>\nd) Los cron\u00f3metros deben enviar se\u00f1ales para indicar a quienes est\u00e1n hablando:<br \/>\n_i.\u00a0 Verde: inicio<br \/>\n_ii.\u00a0 Amarillo: 15 quedan segundos<br \/>\n_iii.\u00a0 Rojo: Alto<br \/>\ne) El moderador deber\u00eda indicar que no se permitir\u00e1 la interacci\u00f3n verbal entre el p\u00fablico y los candidatos durante el foro. El foro es un territorio neutral para un intercambio de filosof\u00eda, ideas e informaci\u00f3n, no hacer campa\u00f1a.<br \/>\nf) Comience el foro. Mientras que los candidatos est\u00e1n dando sus declaraciones de apertura, las personas que examinan las preguntas pueden empezar a ordenar las preguntas que se har\u00e1n a los candidatos. Si se han recibido preguntas a trav\u00e9s de actividades de divulgaci\u00f3n antes del foro, deben ser incluidas. Tras las declaraciones de apertura, el moderador hace a los candidatos preguntas recibidas de quienes las examinan. (Nota: en caso de que la asistencia sea peque\u00f1a al comienzo del foro, el moderador deber\u00eda tener a mano un par de preguntas recolectadas antes del foro. Esto es a\u00fan m\u00e1s importante cuando el foro es televisado.)<br \/>\ng) El moderador u otra persona designada debe cerrar y agradecer a los copatrocinadores, la estaci\u00f3n de TV y la teleaudiencia, en su caso y a todos en el foro, record\u00e1ndoles la fecha de elecci\u00f3n y alent\u00e1ndolos a estudiar a los candidatos y a emitir sus votos.<\/li>\n<\/ol>\n<hr \/>\n<p><strong>Fig. DA-3 Organizando de un foro de candidatos locales<\/strong><\/p>\n","protected":false},"excerpt":{"rendered":"<p>Forme un comit\u00e9. La participaci\u00f3n en este comit\u00e9 cae dentro de la Descripci\u00f3n de funciones para el director de defensa legislativa. Determinar si PTA patrocinar\u00e1 el foro solo o con otra organizaci\u00f3n no partidista, como la Liga de Mujeres Votantes o una sucursal de la Asociaci\u00f3n Estadounidense de Mujeres Universitarias. Establezca la fecha y obtenga [&hellip;]<\/p>\n","protected":false},"author":8,"featured_media":0,"parent":3065,"menu_order":0,"comment_status":"closed","ping_status":"closed","template":"","meta":{"footnotes":""},"class_list":["post-7524","page","type-page","status-publish","hentry","entry"],"_links":{"self":[{"href":"https:\/\/toolkit.capta.org\/es\/wp-json\/wp\/v2\/pages\/7524","targetHints":{"allow":["GET"]}}],"collection":[{"href":"https:\/\/toolkit.capta.org\/es\/wp-json\/wp\/v2\/pages"}],"about":[{"href":"https:\/\/toolkit.capta.org\/es\/wp-json\/wp\/v2\/types\/page"}],"author":[{"embeddable":true,"href":"https:\/\/toolkit.capta.org\/es\/wp-json\/wp\/v2\/users\/8"}],"replies":[{"embeddable":true,"href":"https:\/\/toolkit.capta.org\/es\/wp-json\/wp\/v2\/comments?post=7524"}],"version-history":[{"count":3,"href":"https:\/\/toolkit.capta.org\/es\/wp-json\/wp\/v2\/pages\/7524\/revisions"}],"predecessor-version":[{"id":7530,"href":"https:\/\/toolkit.capta.org\/es\/wp-json\/wp\/v2\/pages\/7524\/revisions\/7530"}],"up":[{"embeddable":true,"href":"https:\/\/toolkit.capta.org\/es\/wp-json\/wp\/v2\/pages\/3065"}],"wp:attachment":[{"href":"https:\/\/toolkit.capta.org\/es\/wp-json\/wp\/v2\/media?parent=7524"}],"curies":[{"name":"wp","href":"https:\/\/api.w.org\/{rel}","templated":true}]}}