{"id":7602,"date":"2016-01-07T11:41:22","date_gmt":"2016-01-07T19:41:22","guid":{"rendered":"http:\/\/toolkit.capta.org\/es\/programs\/family-engagement\/family-engagement-matters\/"},"modified":"2016-02-04T14:34:55","modified_gmt":"2016-02-04T22:34:55","slug":"family-engagement-matters","status":"publish","type":"page","link":"https:\/\/toolkit.capta.org\/es\/programs\/family-engagement\/family-engagement-matters\/","title":{"rendered":"La importancia de la participaci\u00f3n de los padres"},"content":{"rendered":"<p><em>Actualizado en enero del 2015 \u2013 Participaci\u00f3n de los Padres<br \/>\n<\/em><\/p>\n<p>Los padres que est\u00e1n bien informados y que participan activamente hacen la diferencia en el \u00e9xito del estudiante. Un ambiente familiar que fomenta el aprendizaje es el factor m\u00e1s importante en el rendimiento de los estudiantes que el ingreso, nivel de educaci\u00f3n o formaci\u00f3n cultural de los padres<\/p>\n<p>Como indica la investigaci\u00f3n, los estudiantes cuyos padres participan activamente tienen m\u00e1s probabilidades de:<\/p>\n<ul>\n<li>Asistir a la escuela regularmente<\/li>\n<li>Desempe\u00f1arse mejor en la escuela<\/li>\n<li>Obtener calificaciones m\u00e1s superiores<\/li>\n<li>Pasar sus clases<\/li>\n<li>Desarrollar mejores habilidades sociales<\/li>\n<li>Ir a una educaci\u00f3n post-secundaria<\/li>\n<\/ul>\n<p>Como protagonistas importantes, los padres deben participar en todos los aspectos de la educaci\u00f3n y desarrollo de sus hijos desde el preescolar hasta la escuela preparatoria.<\/p>\n<p>Esta estrategia de \u00e9xito, con la que esta de acuerdo compartido la comunidad escolar es que los padres son los primeros maestros y recursos clave para la educaci\u00f3n y formaci\u00f3n de sus hijos.<\/p>\n","protected":false},"excerpt":{"rendered":"<p>Actualizado en enero del 2015 \u2013 Participaci\u00f3n de los Padres Los padres que est\u00e1n bien informados y que participan activamente hacen la diferencia en el \u00e9xito del estudiante. Un ambiente familiar que fomenta el aprendizaje es el factor m\u00e1s importante en el rendimiento de los estudiantes que el ingreso, nivel de educaci\u00f3n o formaci\u00f3n cultural [&hellip;]<\/p>\n","protected":false},"author":8,"featured_media":0,"parent":3994,"menu_order":0,"comment_status":"closed","ping_status":"closed","template":"","meta":{"footnotes":""},"class_list":["post-7602","page","type-page","status-publish","hentry","entry"],"_links":{"self":[{"href":"https:\/\/toolkit.capta.org\/es\/wp-json\/wp\/v2\/pages\/7602","targetHints":{"allow":["GET"]}}],"collection":[{"href":"https:\/\/toolkit.capta.org\/es\/wp-json\/wp\/v2\/pages"}],"about":[{"href":"https:\/\/toolkit.capta.org\/es\/wp-json\/wp\/v2\/types\/page"}],"author":[{"embeddable":true,"href":"https:\/\/toolkit.capta.org\/es\/wp-json\/wp\/v2\/users\/8"}],"replies":[{"embeddable":true,"href":"https:\/\/toolkit.capta.org\/es\/wp-json\/wp\/v2\/comments?post=7602"}],"version-history":[{"count":3,"href":"https:\/\/toolkit.capta.org\/es\/wp-json\/wp\/v2\/pages\/7602\/revisions"}],"predecessor-version":[{"id":7728,"href":"https:\/\/toolkit.capta.org\/es\/wp-json\/wp\/v2\/pages\/7602\/revisions\/7728"}],"up":[{"embeddable":true,"href":"https:\/\/toolkit.capta.org\/es\/wp-json\/wp\/v2\/pages\/3994"}],"wp:attachment":[{"href":"https:\/\/toolkit.capta.org\/es\/wp-json\/wp\/v2\/media?parent=7602"}],"curies":[{"name":"wp","href":"https:\/\/api.w.org\/{rel}","templated":true}]}}