{"id":7605,"date":"2016-01-07T11:45:20","date_gmt":"2016-01-07T19:45:20","guid":{"rendered":"http:\/\/toolkit.capta.org\/es\/programs\/family-engagement\/schools-lcff-and-family-engagement\/"},"modified":"2016-02-03T15:34:54","modified_gmt":"2016-02-03T23:34:54","slug":"schools-lcff-and-family-engagement","status":"publish","type":"page","link":"https:\/\/toolkit.capta.org\/es\/programs\/family-engagement\/schools-lcff-and-family-engagement\/","title":{"rendered":"Escuelas, LCFF y participaci\u00f3n de los padres"},"content":{"rendered":"<p>La participaci\u00f3n de los padres en las escuelas es ahora m\u00e1s importante, y es un requisito para que las escuelas de California reciban los fondos monetarios. La F\u00f3rmula de Control Local de Fondos (LCFF), requiere que los distritos escolares incluyan a los padres en las decisiones importantes sobre sus escuelas para apoyar el \u00e9xito estudiantil.<\/p>\n<p>Esto requiere que los padres participen en el establecimiento de los planes de Control Local y de Rendimiento de Cuentas de sus distritos escolares (LCAPs) y:<\/p>\n<ul>\n<li>Incluir activamente a los padres en el proceso estrat\u00e9gico de planificaci\u00f3n y de decisiones<\/li>\n<li>Obtener la aportaci\u00f3n de los padres sobre las necesidades, prioridades, objetivos y gastos en LCAP del distrito<\/li>\n<\/ul>\n<p>Siendo que la participaci\u00f3n de es una de las ocho \u00e1reas clave en los LCAPs, la participaci\u00f3n solidaria de los padres en las escuelas es vital para el mejoramiento de la y el rendimiento estudiantil.<\/p>\n<div class=\"spotlightbox\">\n<p><strong>Tomar acci\u00f3n:<\/strong> Descargar nuestros recursos sobre la LCFF\/LCAP en: <a href=\"http:\/\/www.capta.org\">capta.org<\/a><\/p>\n<\/div>\n","protected":false},"excerpt":{"rendered":"<p>La participaci\u00f3n de los padres en las escuelas es ahora m\u00e1s importante, y es un requisito para que las escuelas de California reciban los fondos monetarios. La F\u00f3rmula de Control Local de Fondos (LCFF), requiere que los distritos escolares incluyan a los padres en las decisiones importantes sobre sus escuelas para apoyar el \u00e9xito estudiantil. [&hellip;]<\/p>\n","protected":false},"author":8,"featured_media":0,"parent":3994,"menu_order":0,"comment_status":"closed","ping_status":"closed","template":"","meta":{"footnotes":""},"class_list":["post-7605","page","type-page","status-publish","hentry","entry"],"_links":{"self":[{"href":"https:\/\/toolkit.capta.org\/es\/wp-json\/wp\/v2\/pages\/7605","targetHints":{"allow":["GET"]}}],"collection":[{"href":"https:\/\/toolkit.capta.org\/es\/wp-json\/wp\/v2\/pages"}],"about":[{"href":"https:\/\/toolkit.capta.org\/es\/wp-json\/wp\/v2\/types\/page"}],"author":[{"embeddable":true,"href":"https:\/\/toolkit.capta.org\/es\/wp-json\/wp\/v2\/users\/8"}],"replies":[{"embeddable":true,"href":"https:\/\/toolkit.capta.org\/es\/wp-json\/wp\/v2\/comments?post=7605"}],"version-history":[{"count":3,"href":"https:\/\/toolkit.capta.org\/es\/wp-json\/wp\/v2\/pages\/7605\/revisions"}],"predecessor-version":[{"id":7609,"href":"https:\/\/toolkit.capta.org\/es\/wp-json\/wp\/v2\/pages\/7605\/revisions\/7609"}],"up":[{"embeddable":true,"href":"https:\/\/toolkit.capta.org\/es\/wp-json\/wp\/v2\/pages\/3994"}],"wp:attachment":[{"href":"https:\/\/toolkit.capta.org\/es\/wp-json\/wp\/v2\/media?parent=7605"}],"curies":[{"name":"wp","href":"https:\/\/api.w.org\/{rel}","templated":true}]}}