{"id":7610,"date":"2016-01-07T11:47:40","date_gmt":"2016-01-07T19:47:40","guid":{"rendered":"http:\/\/toolkit.capta.org\/es\/programs\/family-engagement\/parents-legal-rights\/"},"modified":"2016-02-03T15:39:06","modified_gmt":"2016-02-03T23:39:06","slug":"parents-legal-rights","status":"publish","type":"page","link":"https:\/\/toolkit.capta.org\/es\/programs\/family-engagement\/parents-legal-rights\/","title":{"rendered":"Derechos legales de los padres"},"content":{"rendered":"<p>Adem\u00e1s de que es requerida la participaci\u00f3n de los padres en la LCFF, los padres de los estudiantes en las escuelas p\u00fablicas de California tienen una serie de otros derechos legales que promuevan la inclusi\u00f3n de los padres en el aprendizaje de los estudiantes en todos los grados.<\/p>\n<p>Para mejorar el progreso acad\u00e9mico del estudiante, los padres tienen el derecho legal de ser incluidos en el proceso educativo con acceso abierto al sistema en nombre de sus ni\u00f1os y adolescentes<\/p>\n<p>Como se indica en el C\u00f3digo de Educaci\u00f3n de California, los padres tienen derecho a:<\/p>\n<p><strong>Conectarse al aprendizaje por medio de lo siguiente:<\/strong><\/p>\n<ul>\n<li>Visitar el sal\u00f3n de clases para hacer una observaci\u00f3n<\/li>\n<li>Participar en las reuniones de padres y maestros<\/li>\n<li>Servir como voluntario en la escuela<\/li>\n<li>Revisar el curr\u00edculo<\/li>\n<li>Determinar la elecci\u00f3n de la escuela<\/li>\n<li>Ayudar a establecer y examinar los est\u00e1ndares<\/li>\n<\/ul>\n<p><strong>Supervisar el progreso de los estudiantes a trav\u00e9s de:<\/strong><\/p>\n<ul>\n<li>Revisar los registros de asistencia escolar del estudiante<\/li>\n<li>Revisar los resultados de pruebas del estudiante<\/li>\n<li>Supervisar el progreso acad\u00e9mico del estudiante<\/li>\n<li>Informarse acerca de los ex\u00e1menes psicol\u00f3gicos<\/li>\n<li>Revisar los archivos del estudiante.<\/li>\n<\/ul>\n<p><strong>Participar en los aspectos administrativos de la escuela a trav\u00e9s de:<\/strong><\/p>\n<ul>\n<li>Participar en el desarrollo de las reglas de la escuela<\/li>\n<li>Participar en los consejos y comit\u00e9s<\/li>\n<li>Contribuir al desarrollo de pol\u00edticas<\/li>\n<li>Asegurar de que el ambiente escolar este seguro.<\/li>\n<\/ul>\n<p>Con estos derechos, la participaci\u00f3n de los padres es identificada como una manera eficaz de ayudar a los estudiantes a mantenerse en buen camino acad\u00e9mico y para mejorar nuestras escuelas.<\/p>\n<p>El Acta de Ley de Asociaci\u00f3n Entre la Familia-Escuela est\u00e1 dise\u00f1ada para que los padres y tutores puedan participar en las actividades escolares para apoyar el \u00e9xito del estudiante. Le da a los padres el derecho de permiso personal de salir del trabajo para asistir a las actividades escolares desde el preescolar hasta la escuela preparatoria en California.<\/p>\n<p>Si usted trabaja para una empresa que cuenta con 25 empleados o m\u00e1s, usted tiene el derecho legal como padre\/tutor de solicitar y tomar tiempo libre del trabajo para:<\/p>\n<ul>\n<li>Para participar en actividades escolares de su hijo o del centro de cuidado infantil con licencia\n<ul>\n<li>hasta 40 horas\/a\u00f1o si trabaja tiempo completo y\/o<\/li>\n<li>hasta 20 horas\/a\u00f1o si trabaja tiempo parcial<\/li>\n<\/ul>\n<\/li>\n<li>Utilizar los d\u00edas vacaciones disponibles, permiso personal o tiempo compensatorio para compensar por el tiempo que se utiliz\u00f3 para participar en las actividades escolares y\/o del centro de cuidado infantil de su hijo.<\/li>\n<\/ul>\n<p>Cualquier actividad patrocinada, supervisada o aprobada por la escuela, la mesa directiva escolar, o centro de cuidado de ni\u00f1os es aceptable. Esto incluye el voluntariado en el sal\u00f3n de clases de su hijo, participar en conferencias de padres y maestros, en los d\u00edas de Noche de Regreso a la Escuela, reuniones informativas, excursiones o eventos deportivos extracurriculares y ayudar en las actividades de ense\u00f1anza en el centro de servicio comunitario.<\/p>\n<div class=\"spotlightbox\">\n<p><strong>Tomar acci\u00f3n<\/strong>: Para obtener recursos para padres y m\u00e1s informaci\u00f3n visite el sitio web del Departamento de Educaci\u00f3n de California: <a href=\"http:\/\/www.cde.ca.gov\">www.cde.ca.gov<\/a><\/p>\n<\/div>\n","protected":false},"excerpt":{"rendered":"<p>Adem\u00e1s de que es requerida la participaci\u00f3n de los padres en la LCFF, los padres de los estudiantes en las escuelas p\u00fablicas de California tienen una serie de otros derechos legales que promuevan la inclusi\u00f3n de los padres en el aprendizaje de los estudiantes en todos los grados. Para mejorar el progreso acad\u00e9mico del estudiante, [&hellip;]<\/p>\n","protected":false},"author":8,"featured_media":0,"parent":3994,"menu_order":0,"comment_status":"closed","ping_status":"closed","template":"","meta":{"footnotes":""},"class_list":["post-7610","page","type-page","status-publish","hentry","entry"],"_links":{"self":[{"href":"https:\/\/toolkit.capta.org\/es\/wp-json\/wp\/v2\/pages\/7610","targetHints":{"allow":["GET"]}}],"collection":[{"href":"https:\/\/toolkit.capta.org\/es\/wp-json\/wp\/v2\/pages"}],"about":[{"href":"https:\/\/toolkit.capta.org\/es\/wp-json\/wp\/v2\/types\/page"}],"author":[{"embeddable":true,"href":"https:\/\/toolkit.capta.org\/es\/wp-json\/wp\/v2\/users\/8"}],"replies":[{"embeddable":true,"href":"https:\/\/toolkit.capta.org\/es\/wp-json\/wp\/v2\/comments?post=7610"}],"version-history":[{"count":2,"href":"https:\/\/toolkit.capta.org\/es\/wp-json\/wp\/v2\/pages\/7610\/revisions"}],"predecessor-version":[{"id":7612,"href":"https:\/\/toolkit.capta.org\/es\/wp-json\/wp\/v2\/pages\/7610\/revisions\/7612"}],"up":[{"embeddable":true,"href":"https:\/\/toolkit.capta.org\/es\/wp-json\/wp\/v2\/pages\/3994"}],"wp:attachment":[{"href":"https:\/\/toolkit.capta.org\/es\/wp-json\/wp\/v2\/media?parent=7610"}],"curies":[{"name":"wp","href":"https:\/\/api.w.org\/{rel}","templated":true}]}}