{"id":7619,"date":"2016-01-07T11:50:30","date_gmt":"2016-01-07T19:50:30","guid":{"rendered":"http:\/\/toolkit.capta.org\/es\/programs\/family-engagement\/family-engagement-nights\/"},"modified":"2016-02-03T15:53:01","modified_gmt":"2016-02-03T23:53:01","slug":"family-engagement-nights","status":"publish","type":"page","link":"https:\/\/toolkit.capta.org\/es\/programs\/family-engagement\/family-engagement-nights\/","title":{"rendered":"Evento\/noche de participaci\u00f3n de los padres"},"content":{"rendered":"<p>Cuando las PTAs ofrecen programas, actividades y eventos para que las familias puedan participar activamente en la vida escolar, ayuda a mejorar los resultados de los estudiantes y el desempe\u00f1o escolar desde el preescolar hasta la escuela secundaria.<\/p>\n<p>Los Eventos\/Noches de Participaci\u00f3n de Padres son una gran manera de reforzar estos v\u00ednculos entre el hogar y la escuela. Reunir a las familias en la escuela, sirve como oportunidad para crear una cultura acogedora accesible de integraci\u00f3n escolar.<\/p>\n<p>Tambi\u00e9n son una manera eficaz de compartir informaci\u00f3n, actividades y recursos para:<\/p>\n<ul>\n<li>Mejorar el rendimiento estudiantil<\/li>\n<li>Resaltar lo que los estudiantes est\u00e1n haciendo en clase<\/li>\n<li>Apoyar el aprendizaje de los estudiantes en casa<\/li>\n<li>Impulsar la mejora de la escuela para cumplir con las metas de toda la escuela<\/li>\n<li>Motivar a los estudiantes al \u00e9xito educativo a largo plazo<\/li>\n<\/ul>\n<p>Ya sea que se trate de un Noche de Lectura de Historia o de Matem\u00e1ticas en la escuela primaria, Ciencias de Misterio Familiar o Noche del Arte en la escuela secundaria o una Clase de Ejercicio Familiar o Noche de Carrera Profesional, los Eventos\/Noches de Participaci\u00f3n de Padres ayudan a aumentar la conciencia sobre lo que los estudiantes necesitan para tener \u00e9xito.<\/p>\n<p>Tambi\u00e9n ayudan a construir un sistema de apoyo m\u00e1s s\u00f3lido en la comunidad para que los estudiantes puedan prosperar dentro y fuera de la escuela.<\/p>\n<div class=\"spotlightbox\">\n<p><strong>Tomar acci\u00f3n<\/strong>: Para obtener m\u00e1s ideas y consejos, visite la secci\u00f3n de Participaci\u00f3n de los Padres de nuestra p\u00e1gina: <a href=\"http:\/\/www.capta.org\">www.capta.org<\/a><\/p>\n<\/div>\n","protected":false},"excerpt":{"rendered":"<p>Cuando las PTAs ofrecen programas, actividades y eventos para que las familias puedan participar activamente en la vida escolar, ayuda a mejorar los resultados de los estudiantes y el desempe\u00f1o escolar desde el preescolar hasta la escuela secundaria. Los Eventos\/Noches de Participaci\u00f3n de Padres son una gran manera de reforzar estos v\u00ednculos entre el hogar [&hellip;]<\/p>\n","protected":false},"author":8,"featured_media":0,"parent":3994,"menu_order":0,"comment_status":"closed","ping_status":"closed","template":"","meta":{"footnotes":""},"class_list":["post-7619","page","type-page","status-publish","hentry","entry"],"_links":{"self":[{"href":"https:\/\/toolkit.capta.org\/es\/wp-json\/wp\/v2\/pages\/7619","targetHints":{"allow":["GET"]}}],"collection":[{"href":"https:\/\/toolkit.capta.org\/es\/wp-json\/wp\/v2\/pages"}],"about":[{"href":"https:\/\/toolkit.capta.org\/es\/wp-json\/wp\/v2\/types\/page"}],"author":[{"embeddable":true,"href":"https:\/\/toolkit.capta.org\/es\/wp-json\/wp\/v2\/users\/8"}],"replies":[{"embeddable":true,"href":"https:\/\/toolkit.capta.org\/es\/wp-json\/wp\/v2\/comments?post=7619"}],"version-history":[{"count":2,"href":"https:\/\/toolkit.capta.org\/es\/wp-json\/wp\/v2\/pages\/7619\/revisions"}],"predecessor-version":[{"id":7621,"href":"https:\/\/toolkit.capta.org\/es\/wp-json\/wp\/v2\/pages\/7619\/revisions\/7621"}],"up":[{"embeddable":true,"href":"https:\/\/toolkit.capta.org\/es\/wp-json\/wp\/v2\/pages\/3994"}],"wp:attachment":[{"href":"https:\/\/toolkit.capta.org\/es\/wp-json\/wp\/v2\/media?parent=7619"}],"curies":[{"name":"wp","href":"https:\/\/api.w.org\/{rel}","templated":true}]}}