{"id":7622,"date":"2016-01-07T11:52:02","date_gmt":"2016-01-07T19:52:02","guid":{"rendered":"http:\/\/toolkit.capta.org\/es\/programs\/family-engagement\/the-power-of-parents\/"},"modified":"2016-02-03T16:12:47","modified_gmt":"2016-02-04T00:12:47","slug":"the-power-of-parents","status":"publish","type":"page","link":"https:\/\/toolkit.capta.org\/es\/programs\/family-engagement\/the-power-of-parents\/","title":{"rendered":"El poder de los padres"},"content":{"rendered":"<p>Como miembro de la PTA, usted es una parte del grupo de defensa de los ni\u00f1os m\u00e1s grande del pa\u00eds la cual es una voz poderosa en favor de todos los ni\u00f1os, un recurso relevante para las familias y las comunidades, y un fuerte defensor de la educaci\u00f3n p\u00fablica.<\/p>\n<p>Estas son algunas de las formas de c\u00f3mo asegurar que los padres tengan buena representaci\u00f3n como socios en la administraci\u00f3n y en las decisiones escolares:<\/p>\n<ul>\n<li>Asistir a las reuniones y compartir la opini\u00f3n de los padres sobre las cuestiones relacionadas con la escuela con los educadores<\/li>\n<li>Servir en los comit\u00e9s de la escuela y\/o del distrito o postularse a un puesto de la mesa directiva en las elecciones<\/li>\n<li>Como miembro del comit\u00e9 legislativo de la PTA, mantener a otros padres informados acerca de los problemas y de las leyes que afectan a las escuelas de sus hijos<\/li>\n<li>Proporcionar la perspectiva de un padre mediante su participaci\u00f3n en los comit\u00e9s de entrevistas, contrataci\u00f3n y\/o despido del personal de la escuela<\/li>\n<li>Trabajar con otros l\u00edderes de la escuela y comunidad como voluntario de la PTA para dise\u00f1ar programas, pol\u00edticas y pr\u00e1cticas que apoyen el \u00e9xito del estudiante<\/li>\n<\/ul>\n<p>Al ayudar a guiar las decisiones que se toman en una escuela, los padres que est\u00e1n bien y participan pueden asegurar que todos los ni\u00f1os y adolescentes tengan la oportunidad de disfrutar el \u00e9xito en general dentro y fuera de la escuela.<\/p>\n<div class=\"spotlightbox\">\n<p><strong>Tomar acci\u00f3n<\/strong>: Inf\u00f3rmese m\u00e1s acerca de c\u00f3mo funciona el sistema educativo de California en la p\u00e1gina web de <a href=\"http:\/\/ed100.org\/\">Ed100<\/a><\/p>\n<\/div>\n","protected":false},"excerpt":{"rendered":"<p>Como miembro de la PTA, usted es una parte del grupo de defensa de los ni\u00f1os m\u00e1s grande del pa\u00eds la cual es una voz poderosa en favor de todos los ni\u00f1os, un recurso relevante para las familias y las comunidades, y un fuerte defensor de la educaci\u00f3n p\u00fablica. Estas son algunas de las formas [&hellip;]<\/p>\n","protected":false},"author":8,"featured_media":0,"parent":3994,"menu_order":0,"comment_status":"closed","ping_status":"closed","template":"","meta":{"footnotes":""},"class_list":["post-7622","page","type-page","status-publish","hentry","entry"],"_links":{"self":[{"href":"https:\/\/toolkit.capta.org\/es\/wp-json\/wp\/v2\/pages\/7622","targetHints":{"allow":["GET"]}}],"collection":[{"href":"https:\/\/toolkit.capta.org\/es\/wp-json\/wp\/v2\/pages"}],"about":[{"href":"https:\/\/toolkit.capta.org\/es\/wp-json\/wp\/v2\/types\/page"}],"author":[{"embeddable":true,"href":"https:\/\/toolkit.capta.org\/es\/wp-json\/wp\/v2\/users\/8"}],"replies":[{"embeddable":true,"href":"https:\/\/toolkit.capta.org\/es\/wp-json\/wp\/v2\/comments?post=7622"}],"version-history":[{"count":3,"href":"https:\/\/toolkit.capta.org\/es\/wp-json\/wp\/v2\/pages\/7622\/revisions"}],"predecessor-version":[{"id":7631,"href":"https:\/\/toolkit.capta.org\/es\/wp-json\/wp\/v2\/pages\/7622\/revisions\/7631"}],"up":[{"embeddable":true,"href":"https:\/\/toolkit.capta.org\/es\/wp-json\/wp\/v2\/pages\/3994"}],"wp:attachment":[{"href":"https:\/\/toolkit.capta.org\/es\/wp-json\/wp\/v2\/media?parent=7622"}],"curies":[{"name":"wp","href":"https:\/\/api.w.org\/{rel}","templated":true}]}}